{"id":201,"date":"2024-07-04T14:01:00","date_gmt":"2024-07-04T12:01:00","guid":{"rendered":"https:\/\/americanhotelnapoli.ms2.decms.eu\/?page_id=201"},"modified":"2025-02-18T18:02:14","modified_gmt":"2025-02-18T17:02:14","slug":"american-hotel","status":"publish","type":"page","link":"https:\/\/www.americanhotelnapoli.it\/de\/","title":{"rendered":"American Hotel"},"content":{"rendered":"<p>Das American Hotel liegt in der so legend\u00e4ren wie wundersch\u00f6nen Gegend der Phlegr\u00e4ischen Felder in Agnano vor den Toren Neapels und nahe an den Verkehrsknotenpunkten der Gegend.<br \/>\nEs ist dies ein Hotel, das besonders eine Kundschaft anspricht, die ihren Urlaub auf Entdeckungsreise durch das faszinierende Neapel mit seinen Sch\u00e4tzen aus Kunst und Kultur, mit Abstechern an die nahe Amalfik\u00fcste oder zu den malerischen Inseln Capri und Ischia verbringen m\u00f6chte.<\/p>\n<p>Im Hotel stehen den G\u00e4sten ein Reinigungsdienst, Zimmerservice, eine Gep\u00e4ckaufbewahrung und ein Parkplatz zur Verf\u00fcgung. Wir k\u00f6nnen Stadtf\u00fchrungen in Neapel f\u00fcr Sie organisieren und auch mit einem Baby-Sitter-Service dienen.<br \/>\nDie Rezeption ist 24 Stunden rund um die Uhr besetzt. Die Mitarbeiter werden Ihnen gern mit touristischen Informationen und der Ausgabe von Stadtpl\u00e4nen weiterhelfen.<\/p>\n","protected":false},"excerpt":{"rendered":"<p>Das American Hotel liegt in der so legend\u00e4ren wie wundersch\u00f6nen Gegend der Phlegr\u00e4ischen Felder in Agnano vor den Toren Neapels und nahe an den Verkehrsknotenpunkten der Gegend. Es ist dies ein Hotel, das besonders eine Kundschaft anspricht, die ihren Urlaub auf Entdeckungsreise durch das faszinierende Neapel mit seinen Sch\u00e4tzen aus Kunst und Kultur, mit Abstechern [&hellip;]<\/p>\n","protected":false},"author":26,"featured_media":0,"parent":0,"menu_order":10,"comment_status":"closed","ping_status":"closed","template":"","meta":{"footnotes":""},"yoast_head":"<!-- This site is optimized with the Yoast SEO plugin v22.3 - https:\/\/yoast.com\/wordpress\/plugins\/seo\/ -->\n<title>American Hotel - American Hotel -<\/title>\n<meta name=\"description\" content=\"Das American Hotel liegt in der so legend\u00e4ren wie wundersch\u00f6nen Gegend der Phlegr\u00e4ischen Felder in Agnano vor den Toren Neapels und nahe an den Verkehrsknotenpunkten der Gegend. Es ist dies ein Hotel, das besonders eine Kundschaft anspricht, die ihren Urlaub auf Entdeckungsreise durch das faszinierende Neapel mit seinen Sch\u00e4tzen aus Kunst und Kultur, mit Abstechern an die nahe Amalfik\u00fcste oder zu den malerischen Inseln Capri und Ischia verbringen m\u00f6chte.  Im Hotel stehen den G\u00e4sten ein Reinigungsdienst, Zimmerservice, eine Gep\u00e4ckaufbewahrung und ein Parkplatz zur Verf\u00fcgung. Wir k\u00f6nnen Stadtf\u00fchrungen in Neapel f\u00fcr Sie organisieren und auch mit einem Baby-Sitter-Service dienen. Die Rezeption ist 24 Stunden rund um die Uhr besetzt\" \/>\n<meta name=\"robots\" content=\"index, follow, max-snippet:-1, max-image-preview:large, max-video-preview:-1\" \/>\n<link rel=\"canonical\" href=\"https:\/\/www.americanhotelnapoli.it\/de\/\" \/>\n<meta property=\"og:locale\" content=\"de_DE\" \/>\n<meta property=\"og:type\" content=\"article\" \/>\n<meta property=\"og:title\" content=\"American Hotel - American Hotel -\" \/>\n<meta property=\"og:description\" content=\"Das American Hotel liegt in der so legend\u00e4ren wie wundersch\u00f6nen Gegend der Phlegr\u00e4ischen Felder in Agnano vor den Toren Neapels und nahe an den Verkehrsknotenpunkten der Gegend. Es ist dies ein Hotel, das besonders eine Kundschaft anspricht, die ihren Urlaub auf Entdeckungsreise durch das faszinierende Neapel mit seinen Sch\u00e4tzen aus Kunst und Kultur, mit Abstechern an die nahe Amalfik\u00fcste oder zu den malerischen Inseln Capri und Ischia verbringen m\u00f6chte.  Im Hotel stehen den G\u00e4sten ein Reinigungsdienst, Zimmerservice, eine Gep\u00e4ckaufbewahrung und ein Parkplatz zur Verf\u00fcgung. Wir k\u00f6nnen Stadtf\u00fchrungen in Neapel f\u00fcr Sie organisieren und auch mit einem Baby-Sitter-Service dienen. Die Rezeption ist 24 Stunden rund um die Uhr besetzt\" \/>\n<meta property=\"og:url\" content=\"https:\/\/www.americanhotelnapoli.it\/de\/\" \/>\n<meta property=\"og:site_name\" content=\"American Hotel\" \/>\n<meta property=\"article:publisher\" content=\"https:\/\/www.facebook.com\/American-Hotel--398994453490129\" \/>\n<meta property=\"article:modified_time\" content=\"2025-02-18T17:02:14+00:00\" \/>\n<meta name=\"twitter:card\" content=\"summary_large_image\" \/>\n<meta name=\"twitter:label1\" content=\"Gesch\u00e4tzte Lesezeit\" \/>\n\t<meta name=\"twitter:data1\" content=\"1 Minute\" \/>\n<script type=\"application\/ld+json\" class=\"yoast-schema-graph\">{\"@context\":\"https:\/\/schema.org\",\"@graph\":[{\"@type\":\"WebPage\",\"@id\":\"https:\/\/www.americanhotelnapoli.it\/de\/\",\"url\":\"https:\/\/www.americanhotelnapoli.it\/de\/\",\"name\":\"American Hotel - American Hotel -\",\"isPartOf\":{\"@id\":\"https:\/\/www.americanhotelnapoli.it\/de\/#website\"},\"datePublished\":\"2024-07-04T12:01:00+00:00\",\"dateModified\":\"2025-02-18T17:02:14+00:00\",\"description\":\"Das American Hotel liegt in der so legend\u00e4ren wie wundersch\u00f6nen Gegend der Phlegr\u00e4ischen Felder in Agnano vor den Toren Neapels und nahe an den Verkehrsknotenpunkten der Gegend. Es ist dies ein Hotel, das besonders eine Kundschaft anspricht, die ihren Urlaub auf Entdeckungsreise durch das faszinierende Neapel mit seinen Sch\u00e4tzen aus Kunst und Kultur, mit Abstechern an die nahe Amalfik\u00fcste oder zu den malerischen Inseln Capri und Ischia verbringen m\u00f6chte. Im Hotel stehen den G\u00e4sten ein Reinigungsdienst, Zimmerservice, eine Gep\u00e4ckaufbewahrung und ein Parkplatz zur Verf\u00fcgung. Wir k\u00f6nnen Stadtf\u00fchrungen in Neapel f\u00fcr Sie organisieren und auch mit einem Baby-Sitter-Service dienen. Die Rezeption ist 24 Stunden rund um die Uhr besetzt\",\"breadcrumb\":{\"@id\":\"https:\/\/www.americanhotelnapoli.it\/de\/#breadcrumb\"},\"inLanguage\":\"de-DE\",\"potentialAction\":[{\"@type\":\"ReadAction\",\"target\":[\"https:\/\/www.americanhotelnapoli.it\/de\/\"]}]},{\"@type\":\"BreadcrumbList\",\"@id\":\"https:\/\/www.americanhotelnapoli.it\/de\/#breadcrumb\",\"itemListElement\":[{\"@type\":\"ListItem\",\"position\":1,\"name\":\"Home\",\"item\":\"https:\/\/www.americanhotelnapoli.it\/de\/\"},{\"@type\":\"ListItem\",\"position\":2,\"name\":\"American Hotel\"}]},{\"@type\":\"WebSite\",\"@id\":\"https:\/\/www.americanhotelnapoli.it\/de\/#website\",\"url\":\"https:\/\/www.americanhotelnapoli.it\/de\/\",\"name\":\"American Hotel\",\"description\":\"\",\"publisher\":{\"@id\":\"https:\/\/www.americanhotelnapoli.it\/de\/#organization\"},\"potentialAction\":[{\"@type\":\"SearchAction\",\"target\":{\"@type\":\"EntryPoint\",\"urlTemplate\":\"https:\/\/www.americanhotelnapoli.it\/de\/?s={search_term_string}\"},\"query-input\":\"required name=search_term_string\"}],\"inLanguage\":\"de-DE\"},{\"@type\":\"Organization\",\"@id\":\"https:\/\/www.americanhotelnapoli.it\/de\/#organization\",\"name\":\"American Hotel\",\"url\":\"https:\/\/www.americanhotelnapoli.it\/de\/\",\"logo\":{\"@type\":\"ImageObject\",\"inLanguage\":\"de-DE\",\"@id\":\"https:\/\/www.americanhotelnapoli.it\/de\/#\/schema\/logo\/image\/\",\"url\":\"https:\/\/www.americanhotelnapoli.it\/wp-content\/uploads\/sites\/156\/2024\/09\/logo_american_c.png\",\"contentUrl\":\"https:\/\/www.americanhotelnapoli.it\/wp-content\/uploads\/sites\/156\/2024\/09\/logo_american_c.png\",\"width\":990,\"height\":651,\"caption\":\"American Hotel\"},\"image\":{\"@id\":\"https:\/\/www.americanhotelnapoli.it\/de\/#\/schema\/logo\/image\/\"},\"sameAs\":[\"https:\/\/www.facebook.com\/American-Hotel--398994453490129\"]}]}<\/script>\n<!-- \/ Yoast SEO plugin. -->","yoast_head_json":{"title":"American Hotel - American Hotel -","description":"Das American Hotel liegt in der so legend\u00e4ren wie wundersch\u00f6nen Gegend der Phlegr\u00e4ischen Felder in Agnano vor den Toren Neapels und nahe an den Verkehrsknotenpunkten der Gegend. Es ist dies ein Hotel, das besonders eine Kundschaft anspricht, die ihren Urlaub auf Entdeckungsreise durch das faszinierende Neapel mit seinen Sch\u00e4tzen aus Kunst und Kultur, mit Abstechern an die nahe Amalfik\u00fcste oder zu den malerischen Inseln Capri und Ischia verbringen m\u00f6chte.  Im Hotel stehen den G\u00e4sten ein Reinigungsdienst, Zimmerservice, eine Gep\u00e4ckaufbewahrung und ein Parkplatz zur Verf\u00fcgung. Wir k\u00f6nnen Stadtf\u00fchrungen in Neapel f\u00fcr Sie organisieren und auch mit einem Baby-Sitter-Service dienen. Die Rezeption ist 24 Stunden rund um die Uhr besetzt","robots":{"index":"index","follow":"follow","max-snippet":"max-snippet:-1","max-image-preview":"max-image-preview:large","max-video-preview":"max-video-preview:-1"},"canonical":"https:\/\/www.americanhotelnapoli.it\/de\/","og_locale":"de_DE","og_type":"article","og_title":"American Hotel - American Hotel -","og_description":"Das American Hotel liegt in der so legend\u00e4ren wie wundersch\u00f6nen Gegend der Phlegr\u00e4ischen Felder in Agnano vor den Toren Neapels und nahe an den Verkehrsknotenpunkten der Gegend. Es ist dies ein Hotel, das besonders eine Kundschaft anspricht, die ihren Urlaub auf Entdeckungsreise durch das faszinierende Neapel mit seinen Sch\u00e4tzen aus Kunst und Kultur, mit Abstechern an die nahe Amalfik\u00fcste oder zu den malerischen Inseln Capri und Ischia verbringen m\u00f6chte.  Im Hotel stehen den G\u00e4sten ein Reinigungsdienst, Zimmerservice, eine Gep\u00e4ckaufbewahrung und ein Parkplatz zur Verf\u00fcgung. Wir k\u00f6nnen Stadtf\u00fchrungen in Neapel f\u00fcr Sie organisieren und auch mit einem Baby-Sitter-Service dienen. Die Rezeption ist 24 Stunden rund um die Uhr besetzt","og_url":"https:\/\/www.americanhotelnapoli.it\/de\/","og_site_name":"American Hotel","article_publisher":"https:\/\/www.facebook.com\/American-Hotel--398994453490129","article_modified_time":"2025-02-18T17:02:14+00:00","twitter_card":"summary_large_image","twitter_misc":{"Gesch\u00e4tzte Lesezeit":"1 Minute"},"schema":{"@context":"https:\/\/schema.org","@graph":[{"@type":"WebPage","@id":"https:\/\/www.americanhotelnapoli.it\/de\/","url":"https:\/\/www.americanhotelnapoli.it\/de\/","name":"American Hotel - American Hotel -","isPartOf":{"@id":"https:\/\/www.americanhotelnapoli.it\/de\/#website"},"datePublished":"2024-07-04T12:01:00+00:00","dateModified":"2025-02-18T17:02:14+00:00","description":"Das American Hotel liegt in der so legend\u00e4ren wie wundersch\u00f6nen Gegend der Phlegr\u00e4ischen Felder in Agnano vor den Toren Neapels und nahe an den Verkehrsknotenpunkten der Gegend. Es ist dies ein Hotel, das besonders eine Kundschaft anspricht, die ihren Urlaub auf Entdeckungsreise durch das faszinierende Neapel mit seinen Sch\u00e4tzen aus Kunst und Kultur, mit Abstechern an die nahe Amalfik\u00fcste oder zu den malerischen Inseln Capri und Ischia verbringen m\u00f6chte. Im Hotel stehen den G\u00e4sten ein Reinigungsdienst, Zimmerservice, eine Gep\u00e4ckaufbewahrung und ein Parkplatz zur Verf\u00fcgung. Wir k\u00f6nnen Stadtf\u00fchrungen in Neapel f\u00fcr Sie organisieren und auch mit einem Baby-Sitter-Service dienen. Die Rezeption ist 24 Stunden rund um die Uhr besetzt","breadcrumb":{"@id":"https:\/\/www.americanhotelnapoli.it\/de\/#breadcrumb"},"inLanguage":"de-DE","potentialAction":[{"@type":"ReadAction","target":["https:\/\/www.americanhotelnapoli.it\/de\/"]}]},{"@type":"BreadcrumbList","@id":"https:\/\/www.americanhotelnapoli.it\/de\/#breadcrumb","itemListElement":[{"@type":"ListItem","position":1,"name":"Home","item":"https:\/\/www.americanhotelnapoli.it\/de\/"},{"@type":"ListItem","position":2,"name":"American Hotel"}]},{"@type":"WebSite","@id":"https:\/\/www.americanhotelnapoli.it\/de\/#website","url":"https:\/\/www.americanhotelnapoli.it\/de\/","name":"American Hotel","description":"","publisher":{"@id":"https:\/\/www.americanhotelnapoli.it\/de\/#organization"},"potentialAction":[{"@type":"SearchAction","target":{"@type":"EntryPoint","urlTemplate":"https:\/\/www.americanhotelnapoli.it\/de\/?s={search_term_string}"},"query-input":"required name=search_term_string"}],"inLanguage":"de-DE"},{"@type":"Organization","@id":"https:\/\/www.americanhotelnapoli.it\/de\/#organization","name":"American Hotel","url":"https:\/\/www.americanhotelnapoli.it\/de\/","logo":{"@type":"ImageObject","inLanguage":"de-DE","@id":"https:\/\/www.americanhotelnapoli.it\/de\/#\/schema\/logo\/image\/","url":"https:\/\/www.americanhotelnapoli.it\/wp-content\/uploads\/sites\/156\/2024\/09\/logo_american_c.png","contentUrl":"https:\/\/www.americanhotelnapoli.it\/wp-content\/uploads\/sites\/156\/2024\/09\/logo_american_c.png","width":990,"height":651,"caption":"American Hotel"},"image":{"@id":"https:\/\/www.americanhotelnapoli.it\/de\/#\/schema\/logo\/image\/"},"sameAs":["https:\/\/www.facebook.com\/American-Hotel--398994453490129"]}]}},"acf":[],"_links":{"self":[{"href":"https:\/\/www.americanhotelnapoli.it\/de\/wp-json\/wp\/v2\/pages\/201"}],"collection":[{"href":"https:\/\/www.americanhotelnapoli.it\/de\/wp-json\/wp\/v2\/pages"}],"about":[{"href":"https:\/\/www.americanhotelnapoli.it\/de\/wp-json\/wp\/v2\/types\/page"}],"author":[{"embeddable":true,"href":"https:\/\/www.americanhotelnapoli.it\/de\/wp-json\/wp\/v2\/users\/26"}],"replies":[{"embeddable":true,"href":"https:\/\/www.americanhotelnapoli.it\/de\/wp-json\/wp\/v2\/comments?post=201"}],"version-history":[{"count":0,"href":"https:\/\/www.americanhotelnapoli.it\/de\/wp-json\/wp\/v2\/pages\/201\/revisions"}],"wp:attachment":[{"href":"https:\/\/www.americanhotelnapoli.it\/de\/wp-json\/wp\/v2\/media?parent=201"}],"curies":[{"name":"wp","href":"https:\/\/api.w.org\/{rel}","templated":true}]}}