{"id":205,"date":"2024-07-04T16:24:52","date_gmt":"2024-07-04T14:24:52","guid":{"rendered":"https:\/\/americanhotelnapoli.ms2.decms.eu\/?page_id=205"},"modified":"2024-10-28T11:35:57","modified_gmt":"2024-10-28T10:35:57","slug":"zimmer-suiten","status":"publish","type":"page","link":"https:\/\/www.americanhotelnapoli.it\/de\/zimmer-suiten\/","title":{"rendered":"Zimmer &#038; Suiten"},"content":{"rendered":"<p>Das Hotel kann mit 100 ger\u00e4umigen und hellen Zimmern aufwarten, die alle elegant eingerichtet und mit Direktwahltelefon, Klimaanlage, Satellitenfarbfernsehen, Internetverbindung, Safe, Minibar, Radio und jeweils einem eigenen Badezimmer mit Haartrockner best\u00fcckt sind.<\/p>\n<p>Dar\u00fcber hinaus stehen auch behindertenfreundliche Zimmer zur Verf\u00fcgung.<\/p>\n<p>Verf\u00fcgbare Zimmer: Zweibettzimmer, Doppelbettzimmer, Dreibettzimmer, Vierbettzimmer, Zweibettzimmer mit Nutzung als Einzelzimmer<\/p>\n","protected":false},"excerpt":{"rendered":"<p>Das Hotel kann mit 100 ger\u00e4umigen und hellen Zimmern aufwarten, die alle elegant eingerichtet und mit Direktwahltelefon, Klimaanlage, Satellitenfarbfernsehen, Internetverbindung, Safe, Minibar, Radio und jeweils einem eigenen Badezimmer mit Haartrockner best\u00fcckt sind. Dar\u00fcber hinaus stehen auch behindertenfreundliche Zimmer zur Verf\u00fcgung. Verf\u00fcgbare Zimmer: Zweibettzimmer, Doppelbettzimmer, Dreibettzimmer, Vierbettzimmer, Zweibettzimmer mit Nutzung als Einzelzimmer<\/p>\n","protected":false},"author":26,"featured_media":0,"parent":0,"menu_order":20,"comment_status":"closed","ping_status":"closed","template":"template-rooms.php","meta":{"footnotes":""},"class_list":["post-205","page","type-page","status-publish","hentry"],"yoast_head":"<!-- This site is optimized with the Yoast SEO plugin v27.3 - https:\/\/yoast.com\/product\/yoast-seo-wordpress\/ -->\n<title>Zimmer &amp; Suiten - American Hotel -<\/title>\n<meta name=\"description\" content=\"Das Hotel kann mit 100 ger\u00e4umigen und hellen Zimmern aufwarten, die alle elegant eingerichtet und mit Direktwahltelefon, Klimaanlage, Satellitenfarbfernsehen, Internetverbindung, Safe, Minibar, Radio und jeweils einem eigenen Badezimmer mit Haartrockner best\u00fcckt sind.  Dar\u00fcber hinaus stehen auch behindertenfreundliche Zimmer zur Verf\u00fcgung.  Verf\u00fcgbare Zimmer: Zweibettzimmer, Doppelbettzimmer, Dreibettzimmer, Vierbettzimmer, Zweibettzimmer mit Nutzung als Einzelzimmer.\" \/>\n<meta name=\"robots\" content=\"index, follow, max-snippet:-1, max-image-preview:large, max-video-preview:-1\" \/>\n<link rel=\"canonical\" href=\"https:\/\/www.americanhotelnapoli.it\/de\/zimmer-suiten\/\" \/>\n<meta property=\"og:locale\" content=\"de_DE\" \/>\n<meta property=\"og:type\" content=\"article\" \/>\n<meta property=\"og:title\" content=\"Zimmer &amp; Suiten - American Hotel -\" \/>\n<meta property=\"og:description\" content=\"Das Hotel kann mit 100 ger\u00e4umigen und hellen Zimmern aufwarten, die alle elegant eingerichtet und mit Direktwahltelefon, Klimaanlage, Satellitenfarbfernsehen, Internetverbindung, Safe, Minibar, Radio und jeweils einem eigenen Badezimmer mit Haartrockner best\u00fcckt sind.  Dar\u00fcber hinaus stehen auch behindertenfreundliche Zimmer zur Verf\u00fcgung.  Verf\u00fcgbare Zimmer: Zweibettzimmer, Doppelbettzimmer, Dreibettzimmer, Vierbettzimmer, Zweibettzimmer mit Nutzung als Einzelzimmer.\" \/>\n<meta property=\"og:url\" content=\"https:\/\/www.americanhotelnapoli.it\/de\/zimmer-suiten\/\" \/>\n<meta property=\"og:site_name\" content=\"American Hotel\" \/>\n<meta property=\"article:publisher\" content=\"https:\/\/www.facebook.com\/American-Hotel--398994453490129\" \/>\n<meta property=\"article:modified_time\" content=\"2024-10-28T10:35:57+00:00\" \/>\n<meta name=\"twitter:card\" content=\"summary_large_image\" \/>\n<meta name=\"twitter:label1\" content=\"Gesch\u00e4tzte Lesezeit\" \/>\n\t<meta name=\"twitter:data1\" content=\"1 Minute\" \/>\n<script type=\"application\/ld+json\" class=\"yoast-schema-graph\">{\"@context\":\"https:\\\/\\\/schema.org\",\"@graph\":[{\"@type\":\"WebPage\",\"@id\":\"https:\\\/\\\/www.americanhotelnapoli.it\\\/de\\\/zimmer-suiten\\\/\",\"url\":\"https:\\\/\\\/www.americanhotelnapoli.it\\\/de\\\/zimmer-suiten\\\/\",\"name\":\"Zimmer & Suiten - American Hotel -\",\"isPartOf\":{\"@id\":\"https:\\\/\\\/www.americanhotelnapoli.it\\\/de\\\/#website\"},\"datePublished\":\"2024-07-04T14:24:52+00:00\",\"dateModified\":\"2024-10-28T10:35:57+00:00\",\"description\":\"Das Hotel kann mit 100 ger\u00e4umigen und hellen Zimmern aufwarten, die alle elegant eingerichtet und mit Direktwahltelefon, Klimaanlage, Satellitenfarbfernsehen, Internetverbindung, Safe, Minibar, Radio und jeweils einem eigenen Badezimmer mit Haartrockner best\u00fcckt sind. Dar\u00fcber hinaus stehen auch behindertenfreundliche Zimmer zur Verf\u00fcgung. Verf\u00fcgbare Zimmer: Zweibettzimmer, Doppelbettzimmer, Dreibettzimmer, Vierbettzimmer, Zweibettzimmer mit Nutzung als Einzelzimmer.\",\"breadcrumb\":{\"@id\":\"https:\\\/\\\/www.americanhotelnapoli.it\\\/de\\\/zimmer-suiten\\\/#breadcrumb\"},\"inLanguage\":\"de-DE\",\"potentialAction\":[{\"@type\":\"ReadAction\",\"target\":[\"https:\\\/\\\/www.americanhotelnapoli.it\\\/de\\\/zimmer-suiten\\\/\"]}]},{\"@type\":\"BreadcrumbList\",\"@id\":\"https:\\\/\\\/www.americanhotelnapoli.it\\\/de\\\/zimmer-suiten\\\/#breadcrumb\",\"itemListElement\":[{\"@type\":\"ListItem\",\"position\":1,\"name\":\"Home\",\"item\":\"https:\\\/\\\/www.americanhotelnapoli.it\\\/de\\\/\"},{\"@type\":\"ListItem\",\"position\":2,\"name\":\"Zimmer &#038; Suiten\"}]},{\"@type\":\"WebSite\",\"@id\":\"https:\\\/\\\/www.americanhotelnapoli.it\\\/de\\\/#website\",\"url\":\"https:\\\/\\\/www.americanhotelnapoli.it\\\/de\\\/\",\"name\":\"American Hotel\",\"description\":\"\",\"publisher\":{\"@id\":\"https:\\\/\\\/www.americanhotelnapoli.it\\\/de\\\/#organization\"},\"potentialAction\":[{\"@type\":\"SearchAction\",\"target\":{\"@type\":\"EntryPoint\",\"urlTemplate\":\"https:\\\/\\\/www.americanhotelnapoli.it\\\/de\\\/?s={search_term_string}\"},\"query-input\":{\"@type\":\"PropertyValueSpecification\",\"valueRequired\":true,\"valueName\":\"search_term_string\"}}],\"inLanguage\":\"de-DE\"},{\"@type\":\"Organization\",\"@id\":\"https:\\\/\\\/www.americanhotelnapoli.it\\\/de\\\/#organization\",\"name\":\"American Hotel\",\"url\":\"https:\\\/\\\/www.americanhotelnapoli.it\\\/de\\\/\",\"logo\":{\"@type\":\"ImageObject\",\"inLanguage\":\"de-DE\",\"@id\":\"https:\\\/\\\/www.americanhotelnapoli.it\\\/de\\\/#\\\/schema\\\/logo\\\/image\\\/\",\"url\":\"https:\\\/\\\/www.americanhotelnapoli.it\\\/wp-content\\\/uploads\\\/sites\\\/156\\\/2024\\\/09\\\/logo_american_c.png\",\"contentUrl\":\"https:\\\/\\\/www.americanhotelnapoli.it\\\/wp-content\\\/uploads\\\/sites\\\/156\\\/2024\\\/09\\\/logo_american_c.png\",\"width\":990,\"height\":651,\"caption\":\"American Hotel\"},\"image\":{\"@id\":\"https:\\\/\\\/www.americanhotelnapoli.it\\\/de\\\/#\\\/schema\\\/logo\\\/image\\\/\"},\"sameAs\":[\"https:\\\/\\\/www.facebook.com\\\/American-Hotel--398994453490129\"]}]}<\/script>\n<!-- \/ Yoast SEO plugin. -->","yoast_head_json":{"title":"Zimmer & Suiten - American Hotel -","description":"Das Hotel kann mit 100 ger\u00e4umigen und hellen Zimmern aufwarten, die alle elegant eingerichtet und mit Direktwahltelefon, Klimaanlage, Satellitenfarbfernsehen, Internetverbindung, Safe, Minibar, Radio und jeweils einem eigenen Badezimmer mit Haartrockner best\u00fcckt sind.  Dar\u00fcber hinaus stehen auch behindertenfreundliche Zimmer zur Verf\u00fcgung.  Verf\u00fcgbare Zimmer: Zweibettzimmer, Doppelbettzimmer, Dreibettzimmer, Vierbettzimmer, Zweibettzimmer mit Nutzung als Einzelzimmer.","robots":{"index":"index","follow":"follow","max-snippet":"max-snippet:-1","max-image-preview":"max-image-preview:large","max-video-preview":"max-video-preview:-1"},"canonical":"https:\/\/www.americanhotelnapoli.it\/de\/zimmer-suiten\/","og_locale":"de_DE","og_type":"article","og_title":"Zimmer & Suiten - American Hotel -","og_description":"Das Hotel kann mit 100 ger\u00e4umigen und hellen Zimmern aufwarten, die alle elegant eingerichtet und mit Direktwahltelefon, Klimaanlage, Satellitenfarbfernsehen, Internetverbindung, Safe, Minibar, Radio und jeweils einem eigenen Badezimmer mit Haartrockner best\u00fcckt sind.  Dar\u00fcber hinaus stehen auch behindertenfreundliche Zimmer zur Verf\u00fcgung.  Verf\u00fcgbare Zimmer: Zweibettzimmer, Doppelbettzimmer, Dreibettzimmer, Vierbettzimmer, Zweibettzimmer mit Nutzung als Einzelzimmer.","og_url":"https:\/\/www.americanhotelnapoli.it\/de\/zimmer-suiten\/","og_site_name":"American Hotel","article_publisher":"https:\/\/www.facebook.com\/American-Hotel--398994453490129","article_modified_time":"2024-10-28T10:35:57+00:00","twitter_card":"summary_large_image","twitter_misc":{"Gesch\u00e4tzte Lesezeit":"1 Minute"},"schema":{"@context":"https:\/\/schema.org","@graph":[{"@type":"WebPage","@id":"https:\/\/www.americanhotelnapoli.it\/de\/zimmer-suiten\/","url":"https:\/\/www.americanhotelnapoli.it\/de\/zimmer-suiten\/","name":"Zimmer & Suiten - American Hotel -","isPartOf":{"@id":"https:\/\/www.americanhotelnapoli.it\/de\/#website"},"datePublished":"2024-07-04T14:24:52+00:00","dateModified":"2024-10-28T10:35:57+00:00","description":"Das Hotel kann mit 100 ger\u00e4umigen und hellen Zimmern aufwarten, die alle elegant eingerichtet und mit Direktwahltelefon, Klimaanlage, Satellitenfarbfernsehen, Internetverbindung, Safe, Minibar, Radio und jeweils einem eigenen Badezimmer mit Haartrockner best\u00fcckt sind. Dar\u00fcber hinaus stehen auch behindertenfreundliche Zimmer zur Verf\u00fcgung. Verf\u00fcgbare Zimmer: Zweibettzimmer, Doppelbettzimmer, Dreibettzimmer, Vierbettzimmer, Zweibettzimmer mit Nutzung als Einzelzimmer.","breadcrumb":{"@id":"https:\/\/www.americanhotelnapoli.it\/de\/zimmer-suiten\/#breadcrumb"},"inLanguage":"de-DE","potentialAction":[{"@type":"ReadAction","target":["https:\/\/www.americanhotelnapoli.it\/de\/zimmer-suiten\/"]}]},{"@type":"BreadcrumbList","@id":"https:\/\/www.americanhotelnapoli.it\/de\/zimmer-suiten\/#breadcrumb","itemListElement":[{"@type":"ListItem","position":1,"name":"Home","item":"https:\/\/www.americanhotelnapoli.it\/de\/"},{"@type":"ListItem","position":2,"name":"Zimmer &#038; Suiten"}]},{"@type":"WebSite","@id":"https:\/\/www.americanhotelnapoli.it\/de\/#website","url":"https:\/\/www.americanhotelnapoli.it\/de\/","name":"American Hotel","description":"","publisher":{"@id":"https:\/\/www.americanhotelnapoli.it\/de\/#organization"},"potentialAction":[{"@type":"SearchAction","target":{"@type":"EntryPoint","urlTemplate":"https:\/\/www.americanhotelnapoli.it\/de\/?s={search_term_string}"},"query-input":{"@type":"PropertyValueSpecification","valueRequired":true,"valueName":"search_term_string"}}],"inLanguage":"de-DE"},{"@type":"Organization","@id":"https:\/\/www.americanhotelnapoli.it\/de\/#organization","name":"American Hotel","url":"https:\/\/www.americanhotelnapoli.it\/de\/","logo":{"@type":"ImageObject","inLanguage":"de-DE","@id":"https:\/\/www.americanhotelnapoli.it\/de\/#\/schema\/logo\/image\/","url":"https:\/\/www.americanhotelnapoli.it\/wp-content\/uploads\/sites\/156\/2024\/09\/logo_american_c.png","contentUrl":"https:\/\/www.americanhotelnapoli.it\/wp-content\/uploads\/sites\/156\/2024\/09\/logo_american_c.png","width":990,"height":651,"caption":"American Hotel"},"image":{"@id":"https:\/\/www.americanhotelnapoli.it\/de\/#\/schema\/logo\/image\/"},"sameAs":["https:\/\/www.facebook.com\/American-Hotel--398994453490129"]}]}},"acf":[],"_links":{"self":[{"href":"https:\/\/www.americanhotelnapoli.it\/de\/wp-json\/wp\/v2\/pages\/205","targetHints":{"allow":["GET"]}}],"collection":[{"href":"https:\/\/www.americanhotelnapoli.it\/de\/wp-json\/wp\/v2\/pages"}],"about":[{"href":"https:\/\/www.americanhotelnapoli.it\/de\/wp-json\/wp\/v2\/types\/page"}],"author":[{"embeddable":true,"href":"https:\/\/www.americanhotelnapoli.it\/de\/wp-json\/wp\/v2\/users\/26"}],"replies":[{"embeddable":true,"href":"https:\/\/www.americanhotelnapoli.it\/de\/wp-json\/wp\/v2\/comments?post=205"}],"version-history":[{"count":0,"href":"https:\/\/www.americanhotelnapoli.it\/de\/wp-json\/wp\/v2\/pages\/205\/revisions"}],"wp:attachment":[{"href":"https:\/\/www.americanhotelnapoli.it\/de\/wp-json\/wp\/v2\/media?parent=205"}],"curies":[{"name":"wp","href":"https:\/\/api.w.org\/{rel}","templated":true}]}}