{"id":209,"date":"2024-07-04T16:46:51","date_gmt":"2024-07-04T14:46:51","guid":{"rendered":"https:\/\/americanhotelnapoli.ms2.decms.eu\/?page_id=209"},"modified":"2024-12-11T16:56:43","modified_gmt":"2024-12-11T15:56:43","slug":"gaststaetten","status":"publish","type":"page","link":"https:\/\/www.americanhotelnapoli.it\/de\/gaststaetten\/","title":{"rendered":"Gastst\u00e4tten"},"content":{"rendered":"<p>Das Restaurant des American Hotels bietet mit einer Kapazit\u00e4t von 230 Pl\u00e4tzen eine gro\u00dfe und ger\u00e4umige Umgebung, ideal f\u00fcr gro\u00dfe Gruppen, Veranstaltungen oder intime Abendessen in einer raffinierten und einladenden Atmosph\u00e4re. Die K\u00fcche bietet eine gro\u00dfe Auswahl an traditionellen und internationalen Gerichten, die mit frischen, hochwertigen Zutaten zubereitet werden, um auch die anspruchsvollsten Gaumen zu verw\u00f6hnen. Perfekt f\u00fcr Fr\u00fchst\u00fcck, Mittag- und Abendessen ist das Restaurant das Herzst\u00fcck des kulinarischen Angebots des American Hotels, wo der aufmerksame und professionelle Service ein unvergessliches Erlebnis abrundet.<\/p>\n","protected":false},"excerpt":{"rendered":"<p>Das Restaurant des American Hotels bietet mit einer Kapazit\u00e4t von 230 Pl\u00e4tzen eine gro\u00dfe und ger\u00e4umige Umgebung, ideal f\u00fcr gro\u00dfe Gruppen, Veranstaltungen oder intime Abendessen in einer raffinierten und einladenden Atmosph\u00e4re. Die K\u00fcche bietet eine gro\u00dfe Auswahl an traditionellen und internationalen Gerichten, die mit frischen, hochwertigen Zutaten zubereitet werden, um auch die anspruchsvollsten Gaumen zu [&hellip;]<\/p>\n","protected":false},"author":26,"featured_media":0,"parent":0,"menu_order":30,"comment_status":"closed","ping_status":"closed","template":"template-single-restaurant.php","meta":{"footnotes":""},"yoast_head":"<!-- This site is optimized with the Yoast SEO plugin v22.3 - https:\/\/yoast.com\/wordpress\/plugins\/seo\/ -->\n<title>Gastst\u00e4tten - American Hotel -<\/title>\n<meta name=\"description\" content=\"Das Restaurant des American Hotels bietet mit einer Kapazit\u00e4t von 230 Pl\u00e4tzen eine gro\u00dfe und ger\u00e4umige Umgebung, ideal f\u00fcr gro\u00dfe Gruppen, Veranstaltungen oder intime Abendessen in einer raffinierten und einladenden Atmosph\u00e4re. Die K\u00fcche bietet eine gro\u00dfe Auswahl an traditionellen und internationalen Gerichten, die mit frischen, hochwertigen Zutaten zubereitet werden, um auch die anspruchsvollsten Gaumen zu verw\u00f6hnen\" \/>\n<meta name=\"robots\" content=\"index, follow, max-snippet:-1, max-image-preview:large, max-video-preview:-1\" \/>\n<link rel=\"canonical\" href=\"https:\/\/www.americanhotelnapoli.it\/de\/gaststaetten\/\" \/>\n<meta property=\"og:locale\" content=\"de_DE\" \/>\n<meta property=\"og:type\" content=\"article\" \/>\n<meta property=\"og:title\" content=\"Gastst\u00e4tten - American Hotel -\" \/>\n<meta property=\"og:description\" content=\"Das Restaurant des American Hotels bietet mit einer Kapazit\u00e4t von 230 Pl\u00e4tzen eine gro\u00dfe und ger\u00e4umige Umgebung, ideal f\u00fcr gro\u00dfe Gruppen, Veranstaltungen oder intime Abendessen in einer raffinierten und einladenden Atmosph\u00e4re. Die K\u00fcche bietet eine gro\u00dfe Auswahl an traditionellen und internationalen Gerichten, die mit frischen, hochwertigen Zutaten zubereitet werden, um auch die anspruchsvollsten Gaumen zu verw\u00f6hnen\" \/>\n<meta property=\"og:url\" content=\"https:\/\/www.americanhotelnapoli.it\/de\/gaststaetten\/\" \/>\n<meta property=\"og:site_name\" content=\"American Hotel\" \/>\n<meta property=\"article:publisher\" content=\"https:\/\/www.facebook.com\/American-Hotel--398994453490129\" \/>\n<meta property=\"article:modified_time\" content=\"2024-12-11T15:56:43+00:00\" \/>\n<meta name=\"twitter:card\" content=\"summary_large_image\" \/>\n<meta name=\"twitter:label1\" content=\"Gesch\u00e4tzte Lesezeit\" \/>\n\t<meta name=\"twitter:data1\" content=\"1 Minute\" \/>\n<script type=\"application\/ld+json\" class=\"yoast-schema-graph\">{\"@context\":\"https:\/\/schema.org\",\"@graph\":[{\"@type\":\"WebPage\",\"@id\":\"https:\/\/www.americanhotelnapoli.it\/de\/gaststaetten\/\",\"url\":\"https:\/\/www.americanhotelnapoli.it\/de\/gaststaetten\/\",\"name\":\"Gastst\u00e4tten - American Hotel -\",\"isPartOf\":{\"@id\":\"https:\/\/www.americanhotelnapoli.it\/de\/#website\"},\"datePublished\":\"2024-07-04T14:46:51+00:00\",\"dateModified\":\"2024-12-11T15:56:43+00:00\",\"description\":\"Das Restaurant des American Hotels bietet mit einer Kapazit\u00e4t von 230 Pl\u00e4tzen eine gro\u00dfe und ger\u00e4umige Umgebung, ideal f\u00fcr gro\u00dfe Gruppen, Veranstaltungen oder intime Abendessen in einer raffinierten und einladenden Atmosph\u00e4re. Die K\u00fcche bietet eine gro\u00dfe Auswahl an traditionellen und internationalen Gerichten, die mit frischen, hochwertigen Zutaten zubereitet werden, um auch die anspruchsvollsten Gaumen zu verw\u00f6hnen\",\"breadcrumb\":{\"@id\":\"https:\/\/www.americanhotelnapoli.it\/de\/gaststaetten\/#breadcrumb\"},\"inLanguage\":\"de-DE\",\"potentialAction\":[{\"@type\":\"ReadAction\",\"target\":[\"https:\/\/www.americanhotelnapoli.it\/de\/gaststaetten\/\"]}]},{\"@type\":\"BreadcrumbList\",\"@id\":\"https:\/\/www.americanhotelnapoli.it\/de\/gaststaetten\/#breadcrumb\",\"itemListElement\":[{\"@type\":\"ListItem\",\"position\":1,\"name\":\"Home\",\"item\":\"https:\/\/www.americanhotelnapoli.it\/de\/\"},{\"@type\":\"ListItem\",\"position\":2,\"name\":\"Gastst\u00e4tten\"}]},{\"@type\":\"WebSite\",\"@id\":\"https:\/\/www.americanhotelnapoli.it\/de\/#website\",\"url\":\"https:\/\/www.americanhotelnapoli.it\/de\/\",\"name\":\"American Hotel\",\"description\":\"\",\"publisher\":{\"@id\":\"https:\/\/www.americanhotelnapoli.it\/de\/#organization\"},\"potentialAction\":[{\"@type\":\"SearchAction\",\"target\":{\"@type\":\"EntryPoint\",\"urlTemplate\":\"https:\/\/www.americanhotelnapoli.it\/de\/?s={search_term_string}\"},\"query-input\":\"required name=search_term_string\"}],\"inLanguage\":\"de-DE\"},{\"@type\":\"Organization\",\"@id\":\"https:\/\/www.americanhotelnapoli.it\/de\/#organization\",\"name\":\"American Hotel\",\"url\":\"https:\/\/www.americanhotelnapoli.it\/de\/\",\"logo\":{\"@type\":\"ImageObject\",\"inLanguage\":\"de-DE\",\"@id\":\"https:\/\/www.americanhotelnapoli.it\/de\/#\/schema\/logo\/image\/\",\"url\":\"https:\/\/www.americanhotelnapoli.it\/wp-content\/uploads\/sites\/156\/2024\/09\/logo_american_c.png\",\"contentUrl\":\"https:\/\/www.americanhotelnapoli.it\/wp-content\/uploads\/sites\/156\/2024\/09\/logo_american_c.png\",\"width\":990,\"height\":651,\"caption\":\"American Hotel\"},\"image\":{\"@id\":\"https:\/\/www.americanhotelnapoli.it\/de\/#\/schema\/logo\/image\/\"},\"sameAs\":[\"https:\/\/www.facebook.com\/American-Hotel--398994453490129\"]}]}<\/script>\n<!-- \/ Yoast SEO plugin. -->","yoast_head_json":{"title":"Gastst\u00e4tten - American Hotel -","description":"Das Restaurant des American Hotels bietet mit einer Kapazit\u00e4t von 230 Pl\u00e4tzen eine gro\u00dfe und ger\u00e4umige Umgebung, ideal f\u00fcr gro\u00dfe Gruppen, Veranstaltungen oder intime Abendessen in einer raffinierten und einladenden Atmosph\u00e4re. Die K\u00fcche bietet eine gro\u00dfe Auswahl an traditionellen und internationalen Gerichten, die mit frischen, hochwertigen Zutaten zubereitet werden, um auch die anspruchsvollsten Gaumen zu verw\u00f6hnen","robots":{"index":"index","follow":"follow","max-snippet":"max-snippet:-1","max-image-preview":"max-image-preview:large","max-video-preview":"max-video-preview:-1"},"canonical":"https:\/\/www.americanhotelnapoli.it\/de\/gaststaetten\/","og_locale":"de_DE","og_type":"article","og_title":"Gastst\u00e4tten - American Hotel -","og_description":"Das Restaurant des American Hotels bietet mit einer Kapazit\u00e4t von 230 Pl\u00e4tzen eine gro\u00dfe und ger\u00e4umige Umgebung, ideal f\u00fcr gro\u00dfe Gruppen, Veranstaltungen oder intime Abendessen in einer raffinierten und einladenden Atmosph\u00e4re. Die K\u00fcche bietet eine gro\u00dfe Auswahl an traditionellen und internationalen Gerichten, die mit frischen, hochwertigen Zutaten zubereitet werden, um auch die anspruchsvollsten Gaumen zu verw\u00f6hnen","og_url":"https:\/\/www.americanhotelnapoli.it\/de\/gaststaetten\/","og_site_name":"American Hotel","article_publisher":"https:\/\/www.facebook.com\/American-Hotel--398994453490129","article_modified_time":"2024-12-11T15:56:43+00:00","twitter_card":"summary_large_image","twitter_misc":{"Gesch\u00e4tzte Lesezeit":"1 Minute"},"schema":{"@context":"https:\/\/schema.org","@graph":[{"@type":"WebPage","@id":"https:\/\/www.americanhotelnapoli.it\/de\/gaststaetten\/","url":"https:\/\/www.americanhotelnapoli.it\/de\/gaststaetten\/","name":"Gastst\u00e4tten - American Hotel -","isPartOf":{"@id":"https:\/\/www.americanhotelnapoli.it\/de\/#website"},"datePublished":"2024-07-04T14:46:51+00:00","dateModified":"2024-12-11T15:56:43+00:00","description":"Das Restaurant des American Hotels bietet mit einer Kapazit\u00e4t von 230 Pl\u00e4tzen eine gro\u00dfe und ger\u00e4umige Umgebung, ideal f\u00fcr gro\u00dfe Gruppen, Veranstaltungen oder intime Abendessen in einer raffinierten und einladenden Atmosph\u00e4re. Die K\u00fcche bietet eine gro\u00dfe Auswahl an traditionellen und internationalen Gerichten, die mit frischen, hochwertigen Zutaten zubereitet werden, um auch die anspruchsvollsten Gaumen zu verw\u00f6hnen","breadcrumb":{"@id":"https:\/\/www.americanhotelnapoli.it\/de\/gaststaetten\/#breadcrumb"},"inLanguage":"de-DE","potentialAction":[{"@type":"ReadAction","target":["https:\/\/www.americanhotelnapoli.it\/de\/gaststaetten\/"]}]},{"@type":"BreadcrumbList","@id":"https:\/\/www.americanhotelnapoli.it\/de\/gaststaetten\/#breadcrumb","itemListElement":[{"@type":"ListItem","position":1,"name":"Home","item":"https:\/\/www.americanhotelnapoli.it\/de\/"},{"@type":"ListItem","position":2,"name":"Gastst\u00e4tten"}]},{"@type":"WebSite","@id":"https:\/\/www.americanhotelnapoli.it\/de\/#website","url":"https:\/\/www.americanhotelnapoli.it\/de\/","name":"American Hotel","description":"","publisher":{"@id":"https:\/\/www.americanhotelnapoli.it\/de\/#organization"},"potentialAction":[{"@type":"SearchAction","target":{"@type":"EntryPoint","urlTemplate":"https:\/\/www.americanhotelnapoli.it\/de\/?s={search_term_string}"},"query-input":"required name=search_term_string"}],"inLanguage":"de-DE"},{"@type":"Organization","@id":"https:\/\/www.americanhotelnapoli.it\/de\/#organization","name":"American Hotel","url":"https:\/\/www.americanhotelnapoli.it\/de\/","logo":{"@type":"ImageObject","inLanguage":"de-DE","@id":"https:\/\/www.americanhotelnapoli.it\/de\/#\/schema\/logo\/image\/","url":"https:\/\/www.americanhotelnapoli.it\/wp-content\/uploads\/sites\/156\/2024\/09\/logo_american_c.png","contentUrl":"https:\/\/www.americanhotelnapoli.it\/wp-content\/uploads\/sites\/156\/2024\/09\/logo_american_c.png","width":990,"height":651,"caption":"American Hotel"},"image":{"@id":"https:\/\/www.americanhotelnapoli.it\/de\/#\/schema\/logo\/image\/"},"sameAs":["https:\/\/www.facebook.com\/American-Hotel--398994453490129"]}]}},"acf":[],"_links":{"self":[{"href":"https:\/\/www.americanhotelnapoli.it\/de\/wp-json\/wp\/v2\/pages\/209"}],"collection":[{"href":"https:\/\/www.americanhotelnapoli.it\/de\/wp-json\/wp\/v2\/pages"}],"about":[{"href":"https:\/\/www.americanhotelnapoli.it\/de\/wp-json\/wp\/v2\/types\/page"}],"author":[{"embeddable":true,"href":"https:\/\/www.americanhotelnapoli.it\/de\/wp-json\/wp\/v2\/users\/26"}],"replies":[{"embeddable":true,"href":"https:\/\/www.americanhotelnapoli.it\/de\/wp-json\/wp\/v2\/comments?post=209"}],"version-history":[{"count":0,"href":"https:\/\/www.americanhotelnapoli.it\/de\/wp-json\/wp\/v2\/pages\/209\/revisions"}],"wp:attachment":[{"href":"https:\/\/www.americanhotelnapoli.it\/de\/wp-json\/wp\/v2\/media?parent=209"}],"curies":[{"name":"wp","href":"https:\/\/api.w.org\/{rel}","templated":true}]}}