{"id":213,"date":"2024-07-04T16:46:58","date_gmt":"2024-07-04T14:46:58","guid":{"rendered":"https:\/\/americanhotelnapoli.ms2.decms.eu\/?page_id=213"},"modified":"2024-12-11T17:03:26","modified_gmt":"2024-12-11T16:03:26","slug":"kongresses","status":"publish","type":"page","link":"https:\/\/www.americanhotelnapoli.it\/de\/kongresses\/","title":{"rendered":"Kongresses"},"content":{"rendered":"<p>n Neapel, in der N\u00e4he der Ausfahrt der Tangenziale di Agnano Terme und aller wichtigen kommerziellen und kulturellen Sehensw\u00fcrdigkeiten, befindet sich das neue <b>Konferenzzentrum des American Hotel<\/b>****, ein ger\u00e4umiges und modernes Geb\u00e4ude, das speziell f\u00fcr Veranstaltungen, Kongresse, Firmenmeetings sowie f\u00fcr Galas, Modeschauen und Empf\u00e4nge konzipiert wurde und \u00fcber eine gro\u00dfe interne Garage verf\u00fcgt.<\/p>\n","protected":false},"excerpt":{"rendered":"<p>n Neapel, in der N\u00e4he der Ausfahrt der Tangenziale di Agnano Terme und aller wichtigen kommerziellen und kulturellen Sehensw\u00fcrdigkeiten, befindet sich das neue Konferenzzentrum des American Hotel****, ein ger\u00e4umiges und modernes Geb\u00e4ude, das speziell f\u00fcr Veranstaltungen, Kongresse, Firmenmeetings sowie f\u00fcr Galas, Modeschauen und Empf\u00e4nge konzipiert wurde und \u00fcber eine gro\u00dfe interne Garage verf\u00fcgt.<\/p>\n","protected":false},"author":26,"featured_media":0,"parent":0,"menu_order":40,"comment_status":"closed","ping_status":"closed","template":"template-meeting.php","meta":{"footnotes":""},"yoast_head":"<!-- This site is optimized with the Yoast SEO plugin v22.3 - https:\/\/yoast.com\/wordpress\/plugins\/seo\/ -->\n<title>Kongresses - American Hotel -<\/title>\n<meta name=\"description\" content=\"n Neapel, in der N\u00e4he der Ausfahrt der Tangenziale di Agnano Terme und aller wichtigen kommerziellen und kulturellen Sehensw\u00fcrdigkeiten, befindet sich das neue Konferenzzentrum des American Hotel****, ein ger\u00e4umiges und modernes Geb\u00e4ude, das speziell f\u00fcr Veranstaltungen, Kongresse, Firmenmeetings sowie f\u00fcr Galas, Modeschauen und Empf\u00e4nge konzipiert wurde und \u00fcber eine gro\u00dfe interne Garage verf\u00fcgt..\" \/>\n<meta name=\"robots\" content=\"index, follow, max-snippet:-1, max-image-preview:large, max-video-preview:-1\" \/>\n<link rel=\"canonical\" href=\"https:\/\/www.americanhotelnapoli.it\/de\/kongresses\/\" \/>\n<meta property=\"og:locale\" content=\"de_DE\" \/>\n<meta property=\"og:type\" content=\"article\" \/>\n<meta property=\"og:title\" content=\"Kongresses - American Hotel -\" \/>\n<meta property=\"og:description\" content=\"n Neapel, in der N\u00e4he der Ausfahrt der Tangenziale di Agnano Terme und aller wichtigen kommerziellen und kulturellen Sehensw\u00fcrdigkeiten, befindet sich das neue Konferenzzentrum des American Hotel****, ein ger\u00e4umiges und modernes Geb\u00e4ude, das speziell f\u00fcr Veranstaltungen, Kongresse, Firmenmeetings sowie f\u00fcr Galas, Modeschauen und Empf\u00e4nge konzipiert wurde und \u00fcber eine gro\u00dfe interne Garage verf\u00fcgt..\" \/>\n<meta property=\"og:url\" content=\"https:\/\/www.americanhotelnapoli.it\/de\/kongresses\/\" \/>\n<meta property=\"og:site_name\" content=\"American Hotel\" \/>\n<meta property=\"article:publisher\" content=\"https:\/\/www.facebook.com\/American-Hotel--398994453490129\" \/>\n<meta property=\"article:modified_time\" content=\"2024-12-11T16:03:26+00:00\" \/>\n<meta name=\"twitter:card\" content=\"summary_large_image\" \/>\n<meta name=\"twitter:label1\" content=\"Gesch\u00e4tzte Lesezeit\" \/>\n\t<meta name=\"twitter:data1\" content=\"1 Minute\" \/>\n<script type=\"application\/ld+json\" class=\"yoast-schema-graph\">{\"@context\":\"https:\/\/schema.org\",\"@graph\":[{\"@type\":\"WebPage\",\"@id\":\"https:\/\/www.americanhotelnapoli.it\/de\/kongresses\/\",\"url\":\"https:\/\/www.americanhotelnapoli.it\/de\/kongresses\/\",\"name\":\"Kongresses - American Hotel -\",\"isPartOf\":{\"@id\":\"https:\/\/www.americanhotelnapoli.it\/de\/#website\"},\"datePublished\":\"2024-07-04T14:46:58+00:00\",\"dateModified\":\"2024-12-11T16:03:26+00:00\",\"description\":\"n Neapel, in der N\u00e4he der Ausfahrt der Tangenziale di Agnano Terme und aller wichtigen kommerziellen und kulturellen Sehensw\u00fcrdigkeiten, befindet sich das neue Konferenzzentrum des American Hotel****, ein ger\u00e4umiges und modernes Geb\u00e4ude, das speziell f\u00fcr Veranstaltungen, Kongresse, Firmenmeetings sowie f\u00fcr Galas, Modeschauen und Empf\u00e4nge konzipiert wurde und \u00fcber eine gro\u00dfe interne Garage verf\u00fcgt..\",\"breadcrumb\":{\"@id\":\"https:\/\/www.americanhotelnapoli.it\/de\/kongresses\/#breadcrumb\"},\"inLanguage\":\"de-DE\",\"potentialAction\":[{\"@type\":\"ReadAction\",\"target\":[\"https:\/\/www.americanhotelnapoli.it\/de\/kongresses\/\"]}]},{\"@type\":\"BreadcrumbList\",\"@id\":\"https:\/\/www.americanhotelnapoli.it\/de\/kongresses\/#breadcrumb\",\"itemListElement\":[{\"@type\":\"ListItem\",\"position\":1,\"name\":\"Home\",\"item\":\"https:\/\/www.americanhotelnapoli.it\/de\/\"},{\"@type\":\"ListItem\",\"position\":2,\"name\":\"Kongresses\"}]},{\"@type\":\"WebSite\",\"@id\":\"https:\/\/www.americanhotelnapoli.it\/de\/#website\",\"url\":\"https:\/\/www.americanhotelnapoli.it\/de\/\",\"name\":\"American Hotel\",\"description\":\"\",\"publisher\":{\"@id\":\"https:\/\/www.americanhotelnapoli.it\/de\/#organization\"},\"potentialAction\":[{\"@type\":\"SearchAction\",\"target\":{\"@type\":\"EntryPoint\",\"urlTemplate\":\"https:\/\/www.americanhotelnapoli.it\/de\/?s={search_term_string}\"},\"query-input\":\"required name=search_term_string\"}],\"inLanguage\":\"de-DE\"},{\"@type\":\"Organization\",\"@id\":\"https:\/\/www.americanhotelnapoli.it\/de\/#organization\",\"name\":\"American Hotel\",\"url\":\"https:\/\/www.americanhotelnapoli.it\/de\/\",\"logo\":{\"@type\":\"ImageObject\",\"inLanguage\":\"de-DE\",\"@id\":\"https:\/\/www.americanhotelnapoli.it\/de\/#\/schema\/logo\/image\/\",\"url\":\"https:\/\/www.americanhotelnapoli.it\/wp-content\/uploads\/sites\/156\/2024\/09\/logo_american_c.png\",\"contentUrl\":\"https:\/\/www.americanhotelnapoli.it\/wp-content\/uploads\/sites\/156\/2024\/09\/logo_american_c.png\",\"width\":990,\"height\":651,\"caption\":\"American Hotel\"},\"image\":{\"@id\":\"https:\/\/www.americanhotelnapoli.it\/de\/#\/schema\/logo\/image\/\"},\"sameAs\":[\"https:\/\/www.facebook.com\/American-Hotel--398994453490129\"]}]}<\/script>\n<!-- \/ Yoast SEO plugin. -->","yoast_head_json":{"title":"Kongresses - American Hotel -","description":"n Neapel, in der N\u00e4he der Ausfahrt der Tangenziale di Agnano Terme und aller wichtigen kommerziellen und kulturellen Sehensw\u00fcrdigkeiten, befindet sich das neue Konferenzzentrum des American Hotel****, ein ger\u00e4umiges und modernes Geb\u00e4ude, das speziell f\u00fcr Veranstaltungen, Kongresse, Firmenmeetings sowie f\u00fcr Galas, Modeschauen und Empf\u00e4nge konzipiert wurde und \u00fcber eine gro\u00dfe interne Garage verf\u00fcgt..","robots":{"index":"index","follow":"follow","max-snippet":"max-snippet:-1","max-image-preview":"max-image-preview:large","max-video-preview":"max-video-preview:-1"},"canonical":"https:\/\/www.americanhotelnapoli.it\/de\/kongresses\/","og_locale":"de_DE","og_type":"article","og_title":"Kongresses - American Hotel -","og_description":"n Neapel, in der N\u00e4he der Ausfahrt der Tangenziale di Agnano Terme und aller wichtigen kommerziellen und kulturellen Sehensw\u00fcrdigkeiten, befindet sich das neue Konferenzzentrum des American Hotel****, ein ger\u00e4umiges und modernes Geb\u00e4ude, das speziell f\u00fcr Veranstaltungen, Kongresse, Firmenmeetings sowie f\u00fcr Galas, Modeschauen und Empf\u00e4nge konzipiert wurde und \u00fcber eine gro\u00dfe interne Garage verf\u00fcgt..","og_url":"https:\/\/www.americanhotelnapoli.it\/de\/kongresses\/","og_site_name":"American Hotel","article_publisher":"https:\/\/www.facebook.com\/American-Hotel--398994453490129","article_modified_time":"2024-12-11T16:03:26+00:00","twitter_card":"summary_large_image","twitter_misc":{"Gesch\u00e4tzte Lesezeit":"1 Minute"},"schema":{"@context":"https:\/\/schema.org","@graph":[{"@type":"WebPage","@id":"https:\/\/www.americanhotelnapoli.it\/de\/kongresses\/","url":"https:\/\/www.americanhotelnapoli.it\/de\/kongresses\/","name":"Kongresses - American Hotel -","isPartOf":{"@id":"https:\/\/www.americanhotelnapoli.it\/de\/#website"},"datePublished":"2024-07-04T14:46:58+00:00","dateModified":"2024-12-11T16:03:26+00:00","description":"n Neapel, in der N\u00e4he der Ausfahrt der Tangenziale di Agnano Terme und aller wichtigen kommerziellen und kulturellen Sehensw\u00fcrdigkeiten, befindet sich das neue Konferenzzentrum des American Hotel****, ein ger\u00e4umiges und modernes Geb\u00e4ude, das speziell f\u00fcr Veranstaltungen, Kongresse, Firmenmeetings sowie f\u00fcr Galas, Modeschauen und Empf\u00e4nge konzipiert wurde und \u00fcber eine gro\u00dfe interne Garage verf\u00fcgt..","breadcrumb":{"@id":"https:\/\/www.americanhotelnapoli.it\/de\/kongresses\/#breadcrumb"},"inLanguage":"de-DE","potentialAction":[{"@type":"ReadAction","target":["https:\/\/www.americanhotelnapoli.it\/de\/kongresses\/"]}]},{"@type":"BreadcrumbList","@id":"https:\/\/www.americanhotelnapoli.it\/de\/kongresses\/#breadcrumb","itemListElement":[{"@type":"ListItem","position":1,"name":"Home","item":"https:\/\/www.americanhotelnapoli.it\/de\/"},{"@type":"ListItem","position":2,"name":"Kongresses"}]},{"@type":"WebSite","@id":"https:\/\/www.americanhotelnapoli.it\/de\/#website","url":"https:\/\/www.americanhotelnapoli.it\/de\/","name":"American Hotel","description":"","publisher":{"@id":"https:\/\/www.americanhotelnapoli.it\/de\/#organization"},"potentialAction":[{"@type":"SearchAction","target":{"@type":"EntryPoint","urlTemplate":"https:\/\/www.americanhotelnapoli.it\/de\/?s={search_term_string}"},"query-input":"required name=search_term_string"}],"inLanguage":"de-DE"},{"@type":"Organization","@id":"https:\/\/www.americanhotelnapoli.it\/de\/#organization","name":"American Hotel","url":"https:\/\/www.americanhotelnapoli.it\/de\/","logo":{"@type":"ImageObject","inLanguage":"de-DE","@id":"https:\/\/www.americanhotelnapoli.it\/de\/#\/schema\/logo\/image\/","url":"https:\/\/www.americanhotelnapoli.it\/wp-content\/uploads\/sites\/156\/2024\/09\/logo_american_c.png","contentUrl":"https:\/\/www.americanhotelnapoli.it\/wp-content\/uploads\/sites\/156\/2024\/09\/logo_american_c.png","width":990,"height":651,"caption":"American Hotel"},"image":{"@id":"https:\/\/www.americanhotelnapoli.it\/de\/#\/schema\/logo\/image\/"},"sameAs":["https:\/\/www.facebook.com\/American-Hotel--398994453490129"]}]}},"acf":[],"_links":{"self":[{"href":"https:\/\/www.americanhotelnapoli.it\/de\/wp-json\/wp\/v2\/pages\/213"}],"collection":[{"href":"https:\/\/www.americanhotelnapoli.it\/de\/wp-json\/wp\/v2\/pages"}],"about":[{"href":"https:\/\/www.americanhotelnapoli.it\/de\/wp-json\/wp\/v2\/types\/page"}],"author":[{"embeddable":true,"href":"https:\/\/www.americanhotelnapoli.it\/de\/wp-json\/wp\/v2\/users\/26"}],"replies":[{"embeddable":true,"href":"https:\/\/www.americanhotelnapoli.it\/de\/wp-json\/wp\/v2\/comments?post=213"}],"version-history":[{"count":0,"href":"https:\/\/www.americanhotelnapoli.it\/de\/wp-json\/wp\/v2\/pages\/213\/revisions"}],"wp:attachment":[{"href":"https:\/\/www.americanhotelnapoli.it\/de\/wp-json\/wp\/v2\/media?parent=213"}],"curies":[{"name":"wp","href":"https:\/\/api.w.org\/{rel}","templated":true}]}}