{"id":225,"date":"2024-07-05T09:40:16","date_gmt":"2024-07-05T07:40:16","guid":{"rendered":"https:\/\/americanhotelnapoli.ms2.decms.eu\/?page_id=225"},"modified":"2024-12-11T16:55:56","modified_gmt":"2024-12-11T15:55:56","slug":"private-garage","status":"publish","type":"page","link":"https:\/\/www.americanhotelnapoli.it\/de\/dienstleistungen\/private-garage\/","title":{"rendered":"Private Garage"},"content":{"rendered":"<p>Unsere ger\u00e4umige und sichere Garage ist f\u00fcr die Aufnahme verschiedener Fahrzeugtypen ausgelegt, von Autos \u00fcber Lieferwagen bis hin zu Bussen. Der einfache Zugang und die gro\u00dfz\u00fcgigen Parkpl\u00e4tze machen das Parken f\u00fcr jeden Gast einfach und bequem, was die perfekte L\u00f6sung f\u00fcr gr\u00f6\u00dfere Fahrzeuge bietet.<\/p>\n","protected":false},"excerpt":{"rendered":"<p>Unsere ger\u00e4umige und sichere Garage ist f\u00fcr die Aufnahme verschiedener Fahrzeugtypen ausgelegt, von Autos \u00fcber Lieferwagen bis hin zu Bussen. Der einfache Zugang und die gro\u00dfz\u00fcgigen Parkpl\u00e4tze machen das Parken f\u00fcr jeden Gast einfach und bequem, was die perfekte L\u00f6sung f\u00fcr gr\u00f6\u00dfere Fahrzeuge bietet.<\/p>\n","protected":false},"author":26,"featured_media":0,"parent":216,"menu_order":20,"comment_status":"closed","ping_status":"closed","template":"","meta":{"footnotes":""},"yoast_head":"<!-- This site is optimized with the Yoast SEO plugin v22.3 - https:\/\/yoast.com\/wordpress\/plugins\/seo\/ -->\n<title>Private Garage - American Hotel -<\/title>\n<meta name=\"description\" content=\"Unsere ger\u00e4umige und sichere Garage ist f\u00fcr die Aufnahme verschiedener Fahrzeugtypen ausgelegt, von Autos \u00fcber Lieferwagen bis hin zu Bussen. Der einfache Zugang und die gro\u00dfz\u00fcgigen Parkpl\u00e4tze machen das Parken f\u00fcr jeden Gast einfach und bequem, was die perfekte L\u00f6sung f\u00fcr gr\u00f6\u00dfere Fahrzeuge bietet.\" \/>\n<meta name=\"robots\" content=\"index, follow, max-snippet:-1, max-image-preview:large, max-video-preview:-1\" \/>\n<link rel=\"canonical\" href=\"https:\/\/www.americanhotelnapoli.it\/de\/dienstleistungen\/private-garage\/\" \/>\n<meta property=\"og:locale\" content=\"de_DE\" \/>\n<meta property=\"og:type\" content=\"article\" \/>\n<meta property=\"og:title\" content=\"Private Garage - American Hotel -\" \/>\n<meta property=\"og:description\" content=\"Unsere ger\u00e4umige und sichere Garage ist f\u00fcr die Aufnahme verschiedener Fahrzeugtypen ausgelegt, von Autos \u00fcber Lieferwagen bis hin zu Bussen. Der einfache Zugang und die gro\u00dfz\u00fcgigen Parkpl\u00e4tze machen das Parken f\u00fcr jeden Gast einfach und bequem, was die perfekte L\u00f6sung f\u00fcr gr\u00f6\u00dfere Fahrzeuge bietet.\" \/>\n<meta property=\"og:url\" content=\"https:\/\/www.americanhotelnapoli.it\/de\/dienstleistungen\/private-garage\/\" \/>\n<meta property=\"og:site_name\" content=\"American Hotel\" \/>\n<meta property=\"article:publisher\" content=\"https:\/\/www.facebook.com\/American-Hotel--398994453490129\" \/>\n<meta property=\"article:modified_time\" content=\"2024-12-11T15:55:56+00:00\" \/>\n<meta name=\"twitter:card\" content=\"summary_large_image\" \/>\n<script type=\"application\/ld+json\" class=\"yoast-schema-graph\">{\"@context\":\"https:\/\/schema.org\",\"@graph\":[{\"@type\":\"WebPage\",\"@id\":\"https:\/\/www.americanhotelnapoli.it\/de\/dienstleistungen\/private-garage\/\",\"url\":\"https:\/\/www.americanhotelnapoli.it\/de\/dienstleistungen\/private-garage\/\",\"name\":\"Private Garage - American Hotel -\",\"isPartOf\":{\"@id\":\"https:\/\/www.americanhotelnapoli.it\/de\/#website\"},\"datePublished\":\"2024-07-05T07:40:16+00:00\",\"dateModified\":\"2024-12-11T15:55:56+00:00\",\"description\":\"Unsere ger\u00e4umige und sichere Garage ist f\u00fcr die Aufnahme verschiedener Fahrzeugtypen ausgelegt, von Autos \u00fcber Lieferwagen bis hin zu Bussen. Der einfache Zugang und die gro\u00dfz\u00fcgigen Parkpl\u00e4tze machen das Parken f\u00fcr jeden Gast einfach und bequem, was die perfekte L\u00f6sung f\u00fcr gr\u00f6\u00dfere Fahrzeuge bietet.\",\"breadcrumb\":{\"@id\":\"https:\/\/www.americanhotelnapoli.it\/de\/dienstleistungen\/private-garage\/#breadcrumb\"},\"inLanguage\":\"de-DE\",\"potentialAction\":[{\"@type\":\"ReadAction\",\"target\":[\"https:\/\/www.americanhotelnapoli.it\/de\/dienstleistungen\/private-garage\/\"]}]},{\"@type\":\"BreadcrumbList\",\"@id\":\"https:\/\/www.americanhotelnapoli.it\/de\/dienstleistungen\/private-garage\/#breadcrumb\",\"itemListElement\":[{\"@type\":\"ListItem\",\"position\":1,\"name\":\"Home\",\"item\":\"https:\/\/www.americanhotelnapoli.it\/de\/\"},{\"@type\":\"ListItem\",\"position\":2,\"name\":\"Dienstleistungen\",\"item\":\"https:\/\/www.americanhotelnapoli.it\/de\/servizi\/\"},{\"@type\":\"ListItem\",\"position\":3,\"name\":\"Private Garage\"}]},{\"@type\":\"WebSite\",\"@id\":\"https:\/\/www.americanhotelnapoli.it\/de\/#website\",\"url\":\"https:\/\/www.americanhotelnapoli.it\/de\/\",\"name\":\"American Hotel\",\"description\":\"\",\"publisher\":{\"@id\":\"https:\/\/www.americanhotelnapoli.it\/de\/#organization\"},\"potentialAction\":[{\"@type\":\"SearchAction\",\"target\":{\"@type\":\"EntryPoint\",\"urlTemplate\":\"https:\/\/www.americanhotelnapoli.it\/de\/?s={search_term_string}\"},\"query-input\":\"required name=search_term_string\"}],\"inLanguage\":\"de-DE\"},{\"@type\":\"Organization\",\"@id\":\"https:\/\/www.americanhotelnapoli.it\/de\/#organization\",\"name\":\"American Hotel\",\"url\":\"https:\/\/www.americanhotelnapoli.it\/de\/\",\"logo\":{\"@type\":\"ImageObject\",\"inLanguage\":\"de-DE\",\"@id\":\"https:\/\/www.americanhotelnapoli.it\/de\/#\/schema\/logo\/image\/\",\"url\":\"https:\/\/www.americanhotelnapoli.it\/wp-content\/uploads\/sites\/156\/2024\/09\/logo_american_c.png\",\"contentUrl\":\"https:\/\/www.americanhotelnapoli.it\/wp-content\/uploads\/sites\/156\/2024\/09\/logo_american_c.png\",\"width\":990,\"height\":651,\"caption\":\"American Hotel\"},\"image\":{\"@id\":\"https:\/\/www.americanhotelnapoli.it\/de\/#\/schema\/logo\/image\/\"},\"sameAs\":[\"https:\/\/www.facebook.com\/American-Hotel--398994453490129\"]}]}<\/script>\n<!-- \/ Yoast SEO plugin. -->","yoast_head_json":{"title":"Private Garage - American Hotel -","description":"Unsere ger\u00e4umige und sichere Garage ist f\u00fcr die Aufnahme verschiedener Fahrzeugtypen ausgelegt, von Autos \u00fcber Lieferwagen bis hin zu Bussen. Der einfache Zugang und die gro\u00dfz\u00fcgigen Parkpl\u00e4tze machen das Parken f\u00fcr jeden Gast einfach und bequem, was die perfekte L\u00f6sung f\u00fcr gr\u00f6\u00dfere Fahrzeuge bietet.","robots":{"index":"index","follow":"follow","max-snippet":"max-snippet:-1","max-image-preview":"max-image-preview:large","max-video-preview":"max-video-preview:-1"},"canonical":"https:\/\/www.americanhotelnapoli.it\/de\/dienstleistungen\/private-garage\/","og_locale":"de_DE","og_type":"article","og_title":"Private Garage - American Hotel -","og_description":"Unsere ger\u00e4umige und sichere Garage ist f\u00fcr die Aufnahme verschiedener Fahrzeugtypen ausgelegt, von Autos \u00fcber Lieferwagen bis hin zu Bussen. Der einfache Zugang und die gro\u00dfz\u00fcgigen Parkpl\u00e4tze machen das Parken f\u00fcr jeden Gast einfach und bequem, was die perfekte L\u00f6sung f\u00fcr gr\u00f6\u00dfere Fahrzeuge bietet.","og_url":"https:\/\/www.americanhotelnapoli.it\/de\/dienstleistungen\/private-garage\/","og_site_name":"American Hotel","article_publisher":"https:\/\/www.facebook.com\/American-Hotel--398994453490129","article_modified_time":"2024-12-11T15:55:56+00:00","twitter_card":"summary_large_image","schema":{"@context":"https:\/\/schema.org","@graph":[{"@type":"WebPage","@id":"https:\/\/www.americanhotelnapoli.it\/de\/dienstleistungen\/private-garage\/","url":"https:\/\/www.americanhotelnapoli.it\/de\/dienstleistungen\/private-garage\/","name":"Private Garage - American Hotel -","isPartOf":{"@id":"https:\/\/www.americanhotelnapoli.it\/de\/#website"},"datePublished":"2024-07-05T07:40:16+00:00","dateModified":"2024-12-11T15:55:56+00:00","description":"Unsere ger\u00e4umige und sichere Garage ist f\u00fcr die Aufnahme verschiedener Fahrzeugtypen ausgelegt, von Autos \u00fcber Lieferwagen bis hin zu Bussen. Der einfache Zugang und die gro\u00dfz\u00fcgigen Parkpl\u00e4tze machen das Parken f\u00fcr jeden Gast einfach und bequem, was die perfekte L\u00f6sung f\u00fcr gr\u00f6\u00dfere Fahrzeuge bietet.","breadcrumb":{"@id":"https:\/\/www.americanhotelnapoli.it\/de\/dienstleistungen\/private-garage\/#breadcrumb"},"inLanguage":"de-DE","potentialAction":[{"@type":"ReadAction","target":["https:\/\/www.americanhotelnapoli.it\/de\/dienstleistungen\/private-garage\/"]}]},{"@type":"BreadcrumbList","@id":"https:\/\/www.americanhotelnapoli.it\/de\/dienstleistungen\/private-garage\/#breadcrumb","itemListElement":[{"@type":"ListItem","position":1,"name":"Home","item":"https:\/\/www.americanhotelnapoli.it\/de\/"},{"@type":"ListItem","position":2,"name":"Dienstleistungen","item":"https:\/\/www.americanhotelnapoli.it\/de\/servizi\/"},{"@type":"ListItem","position":3,"name":"Private Garage"}]},{"@type":"WebSite","@id":"https:\/\/www.americanhotelnapoli.it\/de\/#website","url":"https:\/\/www.americanhotelnapoli.it\/de\/","name":"American Hotel","description":"","publisher":{"@id":"https:\/\/www.americanhotelnapoli.it\/de\/#organization"},"potentialAction":[{"@type":"SearchAction","target":{"@type":"EntryPoint","urlTemplate":"https:\/\/www.americanhotelnapoli.it\/de\/?s={search_term_string}"},"query-input":"required name=search_term_string"}],"inLanguage":"de-DE"},{"@type":"Organization","@id":"https:\/\/www.americanhotelnapoli.it\/de\/#organization","name":"American Hotel","url":"https:\/\/www.americanhotelnapoli.it\/de\/","logo":{"@type":"ImageObject","inLanguage":"de-DE","@id":"https:\/\/www.americanhotelnapoli.it\/de\/#\/schema\/logo\/image\/","url":"https:\/\/www.americanhotelnapoli.it\/wp-content\/uploads\/sites\/156\/2024\/09\/logo_american_c.png","contentUrl":"https:\/\/www.americanhotelnapoli.it\/wp-content\/uploads\/sites\/156\/2024\/09\/logo_american_c.png","width":990,"height":651,"caption":"American Hotel"},"image":{"@id":"https:\/\/www.americanhotelnapoli.it\/de\/#\/schema\/logo\/image\/"},"sameAs":["https:\/\/www.facebook.com\/American-Hotel--398994453490129"]}]}},"acf":[],"_links":{"self":[{"href":"https:\/\/www.americanhotelnapoli.it\/de\/wp-json\/wp\/v2\/pages\/225"}],"collection":[{"href":"https:\/\/www.americanhotelnapoli.it\/de\/wp-json\/wp\/v2\/pages"}],"about":[{"href":"https:\/\/www.americanhotelnapoli.it\/de\/wp-json\/wp\/v2\/types\/page"}],"author":[{"embeddable":true,"href":"https:\/\/www.americanhotelnapoli.it\/de\/wp-json\/wp\/v2\/users\/26"}],"replies":[{"embeddable":true,"href":"https:\/\/www.americanhotelnapoli.it\/de\/wp-json\/wp\/v2\/comments?post=225"}],"version-history":[{"count":0,"href":"https:\/\/www.americanhotelnapoli.it\/de\/wp-json\/wp\/v2\/pages\/225\/revisions"}],"up":[{"embeddable":true,"href":"https:\/\/www.americanhotelnapoli.it\/de\/wp-json\/wp\/v2\/pages\/216"}],"wp:attachment":[{"href":"https:\/\/www.americanhotelnapoli.it\/de\/wp-json\/wp\/v2\/media?parent=225"}],"curies":[{"name":"wp","href":"https:\/\/api.w.org\/{rel}","templated":true}]}}