{"id":348,"date":"2024-07-05T15:52:28","date_gmt":"2024-07-05T13:52:28","guid":{"rendered":"https:\/\/americanhotelnapoli.ms2.decms.eu\/?page_id=348"},"modified":"2024-12-11T17:00:13","modified_gmt":"2024-12-11T16:00:13","slug":"neapel","status":"publish","type":"page","link":"https:\/\/www.americanhotelnapoli.it\/de\/umgebung\/neapel\/","title":{"rendered":"Neapel"},"content":{"rendered":"<p>Neapel\u00a0liegt in einer privilegierten Lage, mit Blick auf den Golf, der ihren Namen tr\u00e4gt, zwischen dem majest\u00e4tischen Vesuv und der faszinierenden Vulkanregion der Phlegr\u00e4ischen Felder. Dieses au\u00dfergew\u00f6hnliche Naturpanorama gilt als eines der bekanntesten und bezauberndsten der Welt. Ihr reiches k\u00fcnstlerisches und architektonisches Erbe hat es dem historischen Zentrum erm\u00f6glicht, auf die Liste des UNESCO-Weltkulturerbes aufgenommen zu werden. Mit rund 3,8 Millionen Einwohnern ist die Metropolregion Neapel eine der bev\u00f6lkerungsreichsten und dicht besiedeltsten der Europ\u00e4ischen Union.<\/p>\n<p>Neapel ist eine Stadt, die ihre jahrtausendalte Geschichte auf der Aufnahme verschiedener Kulturen und der Koexistenz vielf\u00e4ltiger Traditionen aufgebaut hat. Ihre geografische Lage, zentral in der italienischen Halbinsel, macht sie von allen Teilen der Welt aus leicht erreichbar.<\/p>\n<p>Das weite kulturelle Erbe Neapels ist ein lebendiges Zeugnis ihrer historischen, k\u00fcnstlerischen und arch\u00e4ologischen Vergangenheit, aber zugleich ist die Stadt auch ein Zentrum der zeitgen\u00f6ssischen Kreativit\u00e4t, das sich st\u00e4ndig erneuert. Neapel ist eine Stadt, die nicht nur ihre Vergangenheit bewahrt, sondern sie neu erfindet und immer neue \u201eThemen\u201c zum Entdecken bietet. Es ist eine Stadt des Meeres, des Lichts und gleichzeitig mysteri\u00f6ser und dunkler unterirdischer Sch\u00e4tze. Eine Stadt, in der Kultur und Kunst sich harmonisch mit der Geschichte vermischen, die unter ihren Museen, Burgen, Kirchen, Pl\u00e4tzen, Gassen und arch\u00e4ologischen \u00dcberresten verborgen liegt und ein einzigartiges Erlebnis schafft, das die Grenzen zwischen dem Sichtbaren und dem Unsichtbaren herausfordert.<\/p>\n","protected":false},"excerpt":{"rendered":"<p>Neapel\u00a0liegt in einer privilegierten Lage, mit Blick auf den Golf, der ihren Namen tr\u00e4gt, zwischen dem majest\u00e4tischen Vesuv und der faszinierenden Vulkanregion der Phlegr\u00e4ischen Felder. Dieses au\u00dfergew\u00f6hnliche Naturpanorama gilt als eines der bekanntesten und bezauberndsten der Welt. Ihr reiches k\u00fcnstlerisches und architektonisches Erbe hat es dem historischen Zentrum erm\u00f6glicht, auf die Liste des UNESCO-Weltkulturerbes aufgenommen [&hellip;]<\/p>\n","protected":false},"author":26,"featured_media":0,"parent":346,"menu_order":30,"comment_status":"closed","ping_status":"closed","template":"","meta":{"footnotes":""},"yoast_head":"<!-- This site is optimized with the Yoast SEO plugin v22.3 - https:\/\/yoast.com\/wordpress\/plugins\/seo\/ -->\n<title>Neapel - American Hotel -<\/title>\n<meta name=\"description\" content=\"Neapel\u00a0liegt in einer privilegierten Lage, mit Blick auf den Golf, der ihren Namen tr\u00e4gt, zwischen dem majest\u00e4tischen Vesuv und der faszinierenden Vulkanregion der Phlegr\u00e4ischen Felder. Dieses au\u00dfergew\u00f6hnliche Naturpanorama gilt als eines der bekanntesten und bezauberndsten der Welt\" \/>\n<meta name=\"robots\" content=\"index, follow, max-snippet:-1, max-image-preview:large, max-video-preview:-1\" \/>\n<link rel=\"canonical\" href=\"https:\/\/www.americanhotelnapoli.it\/de\/umgebung\/neapel\/\" \/>\n<meta property=\"og:locale\" content=\"de_DE\" \/>\n<meta property=\"og:type\" content=\"article\" \/>\n<meta property=\"og:title\" content=\"Neapel - American Hotel -\" \/>\n<meta property=\"og:description\" content=\"Neapel\u00a0liegt in einer privilegierten Lage, mit Blick auf den Golf, der ihren Namen tr\u00e4gt, zwischen dem majest\u00e4tischen Vesuv und der faszinierenden Vulkanregion der Phlegr\u00e4ischen Felder. Dieses au\u00dfergew\u00f6hnliche Naturpanorama gilt als eines der bekanntesten und bezauberndsten der Welt\" \/>\n<meta property=\"og:url\" content=\"https:\/\/www.americanhotelnapoli.it\/de\/umgebung\/neapel\/\" \/>\n<meta property=\"og:site_name\" content=\"American Hotel\" \/>\n<meta property=\"article:publisher\" content=\"https:\/\/www.facebook.com\/American-Hotel--398994453490129\" \/>\n<meta property=\"article:modified_time\" content=\"2024-12-11T16:00:13+00:00\" \/>\n<meta name=\"twitter:card\" content=\"summary_large_image\" \/>\n<meta name=\"twitter:label1\" content=\"Gesch\u00e4tzte Lesezeit\" \/>\n\t<meta name=\"twitter:data1\" content=\"2 Minuten\" \/>\n<script type=\"application\/ld+json\" class=\"yoast-schema-graph\">{\"@context\":\"https:\/\/schema.org\",\"@graph\":[{\"@type\":\"WebPage\",\"@id\":\"https:\/\/www.americanhotelnapoli.it\/de\/umgebung\/neapel\/\",\"url\":\"https:\/\/www.americanhotelnapoli.it\/de\/umgebung\/neapel\/\",\"name\":\"Neapel - American Hotel -\",\"isPartOf\":{\"@id\":\"https:\/\/www.americanhotelnapoli.it\/de\/#website\"},\"datePublished\":\"2024-07-05T13:52:28+00:00\",\"dateModified\":\"2024-12-11T16:00:13+00:00\",\"description\":\"Neapel\u00a0liegt in einer privilegierten Lage, mit Blick auf den Golf, der ihren Namen tr\u00e4gt, zwischen dem majest\u00e4tischen Vesuv und der faszinierenden Vulkanregion der Phlegr\u00e4ischen Felder. Dieses au\u00dfergew\u00f6hnliche Naturpanorama gilt als eines der bekanntesten und bezauberndsten der Welt\",\"breadcrumb\":{\"@id\":\"https:\/\/www.americanhotelnapoli.it\/de\/umgebung\/neapel\/#breadcrumb\"},\"inLanguage\":\"de-DE\",\"potentialAction\":[{\"@type\":\"ReadAction\",\"target\":[\"https:\/\/www.americanhotelnapoli.it\/de\/umgebung\/neapel\/\"]}]},{\"@type\":\"BreadcrumbList\",\"@id\":\"https:\/\/www.americanhotelnapoli.it\/de\/umgebung\/neapel\/#breadcrumb\",\"itemListElement\":[{\"@type\":\"ListItem\",\"position\":1,\"name\":\"Home\",\"item\":\"https:\/\/www.americanhotelnapoli.it\/de\/\"},{\"@type\":\"ListItem\",\"position\":2,\"name\":\"Umgebung\",\"item\":\"https:\/\/www.americanhotelnapoli.it\/de\/umgebung\/\"},{\"@type\":\"ListItem\",\"position\":3,\"name\":\"Neapel\"}]},{\"@type\":\"WebSite\",\"@id\":\"https:\/\/www.americanhotelnapoli.it\/de\/#website\",\"url\":\"https:\/\/www.americanhotelnapoli.it\/de\/\",\"name\":\"American Hotel\",\"description\":\"\",\"publisher\":{\"@id\":\"https:\/\/www.americanhotelnapoli.it\/de\/#organization\"},\"potentialAction\":[{\"@type\":\"SearchAction\",\"target\":{\"@type\":\"EntryPoint\",\"urlTemplate\":\"https:\/\/www.americanhotelnapoli.it\/de\/?s={search_term_string}\"},\"query-input\":\"required name=search_term_string\"}],\"inLanguage\":\"de-DE\"},{\"@type\":\"Organization\",\"@id\":\"https:\/\/www.americanhotelnapoli.it\/de\/#organization\",\"name\":\"American Hotel\",\"url\":\"https:\/\/www.americanhotelnapoli.it\/de\/\",\"logo\":{\"@type\":\"ImageObject\",\"inLanguage\":\"de-DE\",\"@id\":\"https:\/\/www.americanhotelnapoli.it\/de\/#\/schema\/logo\/image\/\",\"url\":\"https:\/\/www.americanhotelnapoli.it\/wp-content\/uploads\/sites\/156\/2024\/09\/logo_american_c.png\",\"contentUrl\":\"https:\/\/www.americanhotelnapoli.it\/wp-content\/uploads\/sites\/156\/2024\/09\/logo_american_c.png\",\"width\":990,\"height\":651,\"caption\":\"American Hotel\"},\"image\":{\"@id\":\"https:\/\/www.americanhotelnapoli.it\/de\/#\/schema\/logo\/image\/\"},\"sameAs\":[\"https:\/\/www.facebook.com\/American-Hotel--398994453490129\"]}]}<\/script>\n<!-- \/ Yoast SEO plugin. -->","yoast_head_json":{"title":"Neapel - American Hotel -","description":"Neapel\u00a0liegt in einer privilegierten Lage, mit Blick auf den Golf, der ihren Namen tr\u00e4gt, zwischen dem majest\u00e4tischen Vesuv und der faszinierenden Vulkanregion der Phlegr\u00e4ischen Felder. Dieses au\u00dfergew\u00f6hnliche Naturpanorama gilt als eines der bekanntesten und bezauberndsten der Welt","robots":{"index":"index","follow":"follow","max-snippet":"max-snippet:-1","max-image-preview":"max-image-preview:large","max-video-preview":"max-video-preview:-1"},"canonical":"https:\/\/www.americanhotelnapoli.it\/de\/umgebung\/neapel\/","og_locale":"de_DE","og_type":"article","og_title":"Neapel - American Hotel -","og_description":"Neapel\u00a0liegt in einer privilegierten Lage, mit Blick auf den Golf, der ihren Namen tr\u00e4gt, zwischen dem majest\u00e4tischen Vesuv und der faszinierenden Vulkanregion der Phlegr\u00e4ischen Felder. Dieses au\u00dfergew\u00f6hnliche Naturpanorama gilt als eines der bekanntesten und bezauberndsten der Welt","og_url":"https:\/\/www.americanhotelnapoli.it\/de\/umgebung\/neapel\/","og_site_name":"American Hotel","article_publisher":"https:\/\/www.facebook.com\/American-Hotel--398994453490129","article_modified_time":"2024-12-11T16:00:13+00:00","twitter_card":"summary_large_image","twitter_misc":{"Gesch\u00e4tzte Lesezeit":"2 Minuten"},"schema":{"@context":"https:\/\/schema.org","@graph":[{"@type":"WebPage","@id":"https:\/\/www.americanhotelnapoli.it\/de\/umgebung\/neapel\/","url":"https:\/\/www.americanhotelnapoli.it\/de\/umgebung\/neapel\/","name":"Neapel - American Hotel -","isPartOf":{"@id":"https:\/\/www.americanhotelnapoli.it\/de\/#website"},"datePublished":"2024-07-05T13:52:28+00:00","dateModified":"2024-12-11T16:00:13+00:00","description":"Neapel\u00a0liegt in einer privilegierten Lage, mit Blick auf den Golf, der ihren Namen tr\u00e4gt, zwischen dem majest\u00e4tischen Vesuv und der faszinierenden Vulkanregion der Phlegr\u00e4ischen Felder. Dieses au\u00dfergew\u00f6hnliche Naturpanorama gilt als eines der bekanntesten und bezauberndsten der Welt","breadcrumb":{"@id":"https:\/\/www.americanhotelnapoli.it\/de\/umgebung\/neapel\/#breadcrumb"},"inLanguage":"de-DE","potentialAction":[{"@type":"ReadAction","target":["https:\/\/www.americanhotelnapoli.it\/de\/umgebung\/neapel\/"]}]},{"@type":"BreadcrumbList","@id":"https:\/\/www.americanhotelnapoli.it\/de\/umgebung\/neapel\/#breadcrumb","itemListElement":[{"@type":"ListItem","position":1,"name":"Home","item":"https:\/\/www.americanhotelnapoli.it\/de\/"},{"@type":"ListItem","position":2,"name":"Umgebung","item":"https:\/\/www.americanhotelnapoli.it\/de\/umgebung\/"},{"@type":"ListItem","position":3,"name":"Neapel"}]},{"@type":"WebSite","@id":"https:\/\/www.americanhotelnapoli.it\/de\/#website","url":"https:\/\/www.americanhotelnapoli.it\/de\/","name":"American Hotel","description":"","publisher":{"@id":"https:\/\/www.americanhotelnapoli.it\/de\/#organization"},"potentialAction":[{"@type":"SearchAction","target":{"@type":"EntryPoint","urlTemplate":"https:\/\/www.americanhotelnapoli.it\/de\/?s={search_term_string}"},"query-input":"required name=search_term_string"}],"inLanguage":"de-DE"},{"@type":"Organization","@id":"https:\/\/www.americanhotelnapoli.it\/de\/#organization","name":"American Hotel","url":"https:\/\/www.americanhotelnapoli.it\/de\/","logo":{"@type":"ImageObject","inLanguage":"de-DE","@id":"https:\/\/www.americanhotelnapoli.it\/de\/#\/schema\/logo\/image\/","url":"https:\/\/www.americanhotelnapoli.it\/wp-content\/uploads\/sites\/156\/2024\/09\/logo_american_c.png","contentUrl":"https:\/\/www.americanhotelnapoli.it\/wp-content\/uploads\/sites\/156\/2024\/09\/logo_american_c.png","width":990,"height":651,"caption":"American Hotel"},"image":{"@id":"https:\/\/www.americanhotelnapoli.it\/de\/#\/schema\/logo\/image\/"},"sameAs":["https:\/\/www.facebook.com\/American-Hotel--398994453490129"]}]}},"acf":[],"_links":{"self":[{"href":"https:\/\/www.americanhotelnapoli.it\/de\/wp-json\/wp\/v2\/pages\/348"}],"collection":[{"href":"https:\/\/www.americanhotelnapoli.it\/de\/wp-json\/wp\/v2\/pages"}],"about":[{"href":"https:\/\/www.americanhotelnapoli.it\/de\/wp-json\/wp\/v2\/types\/page"}],"author":[{"embeddable":true,"href":"https:\/\/www.americanhotelnapoli.it\/de\/wp-json\/wp\/v2\/users\/26"}],"replies":[{"embeddable":true,"href":"https:\/\/www.americanhotelnapoli.it\/de\/wp-json\/wp\/v2\/comments?post=348"}],"version-history":[{"count":0,"href":"https:\/\/www.americanhotelnapoli.it\/de\/wp-json\/wp\/v2\/pages\/348\/revisions"}],"up":[{"embeddable":true,"href":"https:\/\/www.americanhotelnapoli.it\/de\/wp-json\/wp\/v2\/pages\/346"}],"wp:attachment":[{"href":"https:\/\/www.americanhotelnapoli.it\/de\/wp-json\/wp\/v2\/media?parent=348"}],"curies":[{"name":"wp","href":"https:\/\/api.w.org\/{rel}","templated":true}]}}