{"id":363,"date":"2024-07-04T16:46:51","date_gmt":"2024-07-04T14:46:51","guid":{"rendered":"http:\/\/americanhotelnapoli.ms2.decms.eu\/?page_id=363"},"modified":"2025-01-08T18:03:59","modified_gmt":"2025-01-08T17:03:59","slug":"restaurante","status":"publish","type":"page","link":"https:\/\/www.americanhotelnapoli.it\/es\/restaurante\/","title":{"rendered":"Restaurante"},"content":{"rendered":"<p>El Restaurante del American Hotel, con una capacidad de 230 plazas, ofrece un ambiente amplio y espacioso, ideal para acoger a grandes grupos, eventos o cenas \u00edntimas en un ambiente refinado y acogedor. La cocina propone una amplia selecci\u00f3n de platos tradicionales e internacionales, preparados con ingredientes frescos y de alta calidad para satisfacer incluso a los paladares m\u00e1s exigentes. Perfecto para desayunos, almuerzos y cenas, el restaurante es el coraz\u00f3n de la oferta gastron\u00f3mica del American Hotel, donde el servicio atento y profesional completa una experiencia inolvidable.<\/p>\n","protected":false},"excerpt":{"rendered":"<p>El Restaurante del American Hotel, con una capacidad de 230 plazas, ofrece un ambiente amplio y espacioso, ideal para acoger a grandes grupos, eventos o cenas \u00edntimas en un ambiente refinado y acogedor. La cocina propone una amplia selecci\u00f3n de platos tradicionales e internacionales, preparados con ingredientes frescos y de alta calidad para satisfacer incluso [&hellip;]<\/p>\n","protected":false},"author":26,"featured_media":0,"parent":0,"menu_order":30,"comment_status":"closed","ping_status":"closed","template":"template-single-restaurant.php","meta":{"footnotes":""},"class_list":["post-363","page","type-page","status-publish","hentry"],"yoast_head":"<!-- This site is optimized with the Yoast SEO plugin v27.3 - https:\/\/yoast.com\/product\/yoast-seo-wordpress\/ -->\n<title>Restaurante - American Hotel -<\/title>\n<meta name=\"description\" content=\"El Restaurante del American Hotel, con una capacidad de 230 plazas, ofrece un ambiente amplio y espacioso, ideal para acoger a grandes grupos, eventos o cenas \u00edntimas en un ambiente refinado y acogedor. La cocina propone una amplia selecci\u00f3n de platos tradicionales e internacionales, preparados con ingredientes frescos y de alta calidad para satisfacer incluso a los paladares m\u00e1s exigentes\" \/>\n<meta name=\"robots\" content=\"index, follow, max-snippet:-1, max-image-preview:large, max-video-preview:-1\" \/>\n<link rel=\"canonical\" href=\"https:\/\/www.americanhotelnapoli.it\/es\/restaurante\/\" \/>\n<meta property=\"og:locale\" content=\"es_ES\" \/>\n<meta property=\"og:type\" content=\"article\" \/>\n<meta property=\"og:title\" content=\"Restaurante - American Hotel -\" \/>\n<meta property=\"og:description\" content=\"El Restaurante del American Hotel, con una capacidad de 230 plazas, ofrece un ambiente amplio y espacioso, ideal para acoger a grandes grupos, eventos o cenas \u00edntimas en un ambiente refinado y acogedor. La cocina propone una amplia selecci\u00f3n de platos tradicionales e internacionales, preparados con ingredientes frescos y de alta calidad para satisfacer incluso a los paladares m\u00e1s exigentes\" \/>\n<meta property=\"og:url\" content=\"https:\/\/www.americanhotelnapoli.it\/es\/restaurante\/\" \/>\n<meta property=\"og:site_name\" content=\"American Hotel\" \/>\n<meta property=\"article:publisher\" content=\"https:\/\/www.facebook.com\/American-Hotel--398994453490129\" \/>\n<meta property=\"article:modified_time\" content=\"2025-01-08T17:03:59+00:00\" \/>\n<meta name=\"twitter:card\" content=\"summary_large_image\" \/>\n<meta name=\"twitter:label1\" content=\"Tiempo de lectura\" \/>\n\t<meta name=\"twitter:data1\" content=\"1 minuto\" \/>\n<script type=\"application\/ld+json\" class=\"yoast-schema-graph\">{\"@context\":\"https:\\\/\\\/schema.org\",\"@graph\":[{\"@type\":\"WebPage\",\"@id\":\"https:\\\/\\\/www.americanhotelnapoli.it\\\/es\\\/restaurante\\\/\",\"url\":\"https:\\\/\\\/www.americanhotelnapoli.it\\\/es\\\/restaurante\\\/\",\"name\":\"Restaurante - American Hotel -\",\"isPartOf\":{\"@id\":\"https:\\\/\\\/www.americanhotelnapoli.it\\\/es\\\/#website\"},\"datePublished\":\"2024-07-04T14:46:51+00:00\",\"dateModified\":\"2025-01-08T17:03:59+00:00\",\"description\":\"El Restaurante del American Hotel, con una capacidad de 230 plazas, ofrece un ambiente amplio y espacioso, ideal para acoger a grandes grupos, eventos o cenas \u00edntimas en un ambiente refinado y acogedor. La cocina propone una amplia selecci\u00f3n de platos tradicionales e internacionales, preparados con ingredientes frescos y de alta calidad para satisfacer incluso a los paladares m\u00e1s exigentes\",\"breadcrumb\":{\"@id\":\"https:\\\/\\\/www.americanhotelnapoli.it\\\/es\\\/restaurante\\\/#breadcrumb\"},\"inLanguage\":\"es\",\"potentialAction\":[{\"@type\":\"ReadAction\",\"target\":[\"https:\\\/\\\/www.americanhotelnapoli.it\\\/es\\\/restaurante\\\/\"]}]},{\"@type\":\"BreadcrumbList\",\"@id\":\"https:\\\/\\\/www.americanhotelnapoli.it\\\/es\\\/restaurante\\\/#breadcrumb\",\"itemListElement\":[{\"@type\":\"ListItem\",\"position\":1,\"name\":\"Home\",\"item\":\"https:\\\/\\\/www.americanhotelnapoli.it\\\/es\\\/\"},{\"@type\":\"ListItem\",\"position\":2,\"name\":\"Restaurante\"}]},{\"@type\":\"WebSite\",\"@id\":\"https:\\\/\\\/www.americanhotelnapoli.it\\\/es\\\/#website\",\"url\":\"https:\\\/\\\/www.americanhotelnapoli.it\\\/es\\\/\",\"name\":\"American Hotel\",\"description\":\"\",\"publisher\":{\"@id\":\"https:\\\/\\\/www.americanhotelnapoli.it\\\/es\\\/#organization\"},\"potentialAction\":[{\"@type\":\"SearchAction\",\"target\":{\"@type\":\"EntryPoint\",\"urlTemplate\":\"https:\\\/\\\/www.americanhotelnapoli.it\\\/es\\\/?s={search_term_string}\"},\"query-input\":{\"@type\":\"PropertyValueSpecification\",\"valueRequired\":true,\"valueName\":\"search_term_string\"}}],\"inLanguage\":\"es\"},{\"@type\":\"Organization\",\"@id\":\"https:\\\/\\\/www.americanhotelnapoli.it\\\/es\\\/#organization\",\"name\":\"American Hotel\",\"url\":\"https:\\\/\\\/www.americanhotelnapoli.it\\\/es\\\/\",\"logo\":{\"@type\":\"ImageObject\",\"inLanguage\":\"es\",\"@id\":\"https:\\\/\\\/www.americanhotelnapoli.it\\\/es\\\/#\\\/schema\\\/logo\\\/image\\\/\",\"url\":\"https:\\\/\\\/www.americanhotelnapoli.it\\\/wp-content\\\/uploads\\\/sites\\\/156\\\/2024\\\/09\\\/logo_american_c.png\",\"contentUrl\":\"https:\\\/\\\/www.americanhotelnapoli.it\\\/wp-content\\\/uploads\\\/sites\\\/156\\\/2024\\\/09\\\/logo_american_c.png\",\"width\":990,\"height\":651,\"caption\":\"American Hotel\"},\"image\":{\"@id\":\"https:\\\/\\\/www.americanhotelnapoli.it\\\/es\\\/#\\\/schema\\\/logo\\\/image\\\/\"},\"sameAs\":[\"https:\\\/\\\/www.facebook.com\\\/American-Hotel--398994453490129\"]}]}<\/script>\n<!-- \/ Yoast SEO plugin. -->","yoast_head_json":{"title":"Restaurante - American Hotel -","description":"El Restaurante del American Hotel, con una capacidad de 230 plazas, ofrece un ambiente amplio y espacioso, ideal para acoger a grandes grupos, eventos o cenas \u00edntimas en un ambiente refinado y acogedor. La cocina propone una amplia selecci\u00f3n de platos tradicionales e internacionales, preparados con ingredientes frescos y de alta calidad para satisfacer incluso a los paladares m\u00e1s exigentes","robots":{"index":"index","follow":"follow","max-snippet":"max-snippet:-1","max-image-preview":"max-image-preview:large","max-video-preview":"max-video-preview:-1"},"canonical":"https:\/\/www.americanhotelnapoli.it\/es\/restaurante\/","og_locale":"es_ES","og_type":"article","og_title":"Restaurante - American Hotel -","og_description":"El Restaurante del American Hotel, con una capacidad de 230 plazas, ofrece un ambiente amplio y espacioso, ideal para acoger a grandes grupos, eventos o cenas \u00edntimas en un ambiente refinado y acogedor. La cocina propone una amplia selecci\u00f3n de platos tradicionales e internacionales, preparados con ingredientes frescos y de alta calidad para satisfacer incluso a los paladares m\u00e1s exigentes","og_url":"https:\/\/www.americanhotelnapoli.it\/es\/restaurante\/","og_site_name":"American Hotel","article_publisher":"https:\/\/www.facebook.com\/American-Hotel--398994453490129","article_modified_time":"2025-01-08T17:03:59+00:00","twitter_card":"summary_large_image","twitter_misc":{"Tiempo de lectura":"1 minuto"},"schema":{"@context":"https:\/\/schema.org","@graph":[{"@type":"WebPage","@id":"https:\/\/www.americanhotelnapoli.it\/es\/restaurante\/","url":"https:\/\/www.americanhotelnapoli.it\/es\/restaurante\/","name":"Restaurante - American Hotel -","isPartOf":{"@id":"https:\/\/www.americanhotelnapoli.it\/es\/#website"},"datePublished":"2024-07-04T14:46:51+00:00","dateModified":"2025-01-08T17:03:59+00:00","description":"El Restaurante del American Hotel, con una capacidad de 230 plazas, ofrece un ambiente amplio y espacioso, ideal para acoger a grandes grupos, eventos o cenas \u00edntimas en un ambiente refinado y acogedor. La cocina propone una amplia selecci\u00f3n de platos tradicionales e internacionales, preparados con ingredientes frescos y de alta calidad para satisfacer incluso a los paladares m\u00e1s exigentes","breadcrumb":{"@id":"https:\/\/www.americanhotelnapoli.it\/es\/restaurante\/#breadcrumb"},"inLanguage":"es","potentialAction":[{"@type":"ReadAction","target":["https:\/\/www.americanhotelnapoli.it\/es\/restaurante\/"]}]},{"@type":"BreadcrumbList","@id":"https:\/\/www.americanhotelnapoli.it\/es\/restaurante\/#breadcrumb","itemListElement":[{"@type":"ListItem","position":1,"name":"Home","item":"https:\/\/www.americanhotelnapoli.it\/es\/"},{"@type":"ListItem","position":2,"name":"Restaurante"}]},{"@type":"WebSite","@id":"https:\/\/www.americanhotelnapoli.it\/es\/#website","url":"https:\/\/www.americanhotelnapoli.it\/es\/","name":"American Hotel","description":"","publisher":{"@id":"https:\/\/www.americanhotelnapoli.it\/es\/#organization"},"potentialAction":[{"@type":"SearchAction","target":{"@type":"EntryPoint","urlTemplate":"https:\/\/www.americanhotelnapoli.it\/es\/?s={search_term_string}"},"query-input":{"@type":"PropertyValueSpecification","valueRequired":true,"valueName":"search_term_string"}}],"inLanguage":"es"},{"@type":"Organization","@id":"https:\/\/www.americanhotelnapoli.it\/es\/#organization","name":"American Hotel","url":"https:\/\/www.americanhotelnapoli.it\/es\/","logo":{"@type":"ImageObject","inLanguage":"es","@id":"https:\/\/www.americanhotelnapoli.it\/es\/#\/schema\/logo\/image\/","url":"https:\/\/www.americanhotelnapoli.it\/wp-content\/uploads\/sites\/156\/2024\/09\/logo_american_c.png","contentUrl":"https:\/\/www.americanhotelnapoli.it\/wp-content\/uploads\/sites\/156\/2024\/09\/logo_american_c.png","width":990,"height":651,"caption":"American Hotel"},"image":{"@id":"https:\/\/www.americanhotelnapoli.it\/es\/#\/schema\/logo\/image\/"},"sameAs":["https:\/\/www.facebook.com\/American-Hotel--398994453490129"]}]}},"acf":[],"_links":{"self":[{"href":"https:\/\/www.americanhotelnapoli.it\/es\/wp-json\/wp\/v2\/pages\/363","targetHints":{"allow":["GET"]}}],"collection":[{"href":"https:\/\/www.americanhotelnapoli.it\/es\/wp-json\/wp\/v2\/pages"}],"about":[{"href":"https:\/\/www.americanhotelnapoli.it\/es\/wp-json\/wp\/v2\/types\/page"}],"author":[{"embeddable":true,"href":"https:\/\/www.americanhotelnapoli.it\/es\/wp-json\/wp\/v2\/users\/26"}],"replies":[{"embeddable":true,"href":"https:\/\/www.americanhotelnapoli.it\/es\/wp-json\/wp\/v2\/comments?post=363"}],"version-history":[{"count":0,"href":"https:\/\/www.americanhotelnapoli.it\/es\/wp-json\/wp\/v2\/pages\/363\/revisions"}],"wp:attachment":[{"href":"https:\/\/www.americanhotelnapoli.it\/es\/wp-json\/wp\/v2\/media?parent=363"}],"curies":[{"name":"wp","href":"https:\/\/api.w.org\/{rel}","templated":true}]}}