{"id":364,"date":"2024-07-05T09:40:16","date_gmt":"2024-07-05T07:40:16","guid":{"rendered":"http:\/\/americanhotelnapoli.ms2.decms.eu\/?page_id=364"},"modified":"2025-01-08T18:04:19","modified_gmt":"2025-01-08T17:04:19","slug":"garaje","status":"publish","type":"page","link":"https:\/\/www.americanhotelnapoli.it\/es\/servicios\/garaje\/","title":{"rendered":"Garaje"},"content":{"rendered":"<p>El garaje del American Hotel, espacioso y seguro, est\u00e1 dise\u00f1ado para acomodar varios tipos de veh\u00edculos, desde autom\u00f3viles hasta furgonetas y autobuses. La facilidad de acceso y la amplitud de los espacios hacen que el aparcamiento sea sencillo y c\u00f3modo para cada hu\u00e9sped, proporcionando la soluci\u00f3n perfecta para quienes llegan con veh\u00edculos de mayor tama\u00f1o.<\/p>\n","protected":false},"excerpt":{"rendered":"<p>El garaje del American Hotel, espacioso y seguro, est\u00e1 dise\u00f1ado para acomodar varios tipos de veh\u00edculos, desde autom\u00f3viles hasta furgonetas y autobuses. La facilidad de acceso y la amplitud de los espacios hacen que el aparcamiento sea sencillo y c\u00f3modo para cada hu\u00e9sped, proporcionando la soluci\u00f3n perfecta para quienes llegan con veh\u00edculos de mayor tama\u00f1o.<\/p>\n","protected":false},"author":26,"featured_media":0,"parent":374,"menu_order":20,"comment_status":"closed","ping_status":"closed","template":"","meta":{"footnotes":""},"class_list":["post-364","page","type-page","status-publish","hentry"],"yoast_head":"<!-- This site is optimized with the Yoast SEO plugin v27.3 - https:\/\/yoast.com\/product\/yoast-seo-wordpress\/ -->\n<title>Garaje - American Hotel -<\/title>\n<meta name=\"description\" content=\"El garaje del American Hotel, espacioso y seguro, est\u00e1 dise\u00f1ado para acomodar varios tipos de veh\u00edculos, desde autom\u00f3viles hasta furgonetas y autobuses. La facilidad de acceso y la amplitud de los espacios hacen que el aparcamiento sea sencillo y c\u00f3modo para cada hu\u00e9sped, proporcionando la soluci\u00f3n perfecta para quienes llegan con veh\u00edculos de mayor tama\u00f1o.\" \/>\n<meta name=\"robots\" content=\"index, follow, max-snippet:-1, max-image-preview:large, max-video-preview:-1\" \/>\n<link rel=\"canonical\" href=\"https:\/\/www.americanhotelnapoli.it\/es\/servicios\/garaje\/\" \/>\n<meta property=\"og:locale\" content=\"es_ES\" \/>\n<meta property=\"og:type\" content=\"article\" \/>\n<meta property=\"og:title\" content=\"Garaje - American Hotel -\" \/>\n<meta property=\"og:description\" content=\"El garaje del American Hotel, espacioso y seguro, est\u00e1 dise\u00f1ado para acomodar varios tipos de veh\u00edculos, desde autom\u00f3viles hasta furgonetas y autobuses. La facilidad de acceso y la amplitud de los espacios hacen que el aparcamiento sea sencillo y c\u00f3modo para cada hu\u00e9sped, proporcionando la soluci\u00f3n perfecta para quienes llegan con veh\u00edculos de mayor tama\u00f1o.\" \/>\n<meta property=\"og:url\" content=\"https:\/\/www.americanhotelnapoli.it\/es\/servicios\/garaje\/\" \/>\n<meta property=\"og:site_name\" content=\"American Hotel\" \/>\n<meta property=\"article:publisher\" content=\"https:\/\/www.facebook.com\/American-Hotel--398994453490129\" \/>\n<meta property=\"article:modified_time\" content=\"2025-01-08T17:04:19+00:00\" \/>\n<meta name=\"twitter:card\" content=\"summary_large_image\" \/>\n<script type=\"application\/ld+json\" class=\"yoast-schema-graph\">{\"@context\":\"https:\\\/\\\/schema.org\",\"@graph\":[{\"@type\":\"WebPage\",\"@id\":\"https:\\\/\\\/www.americanhotelnapoli.it\\\/es\\\/servicios\\\/garaje\\\/\",\"url\":\"https:\\\/\\\/www.americanhotelnapoli.it\\\/es\\\/servicios\\\/garaje\\\/\",\"name\":\"Garaje - American Hotel -\",\"isPartOf\":{\"@id\":\"https:\\\/\\\/www.americanhotelnapoli.it\\\/es\\\/#website\"},\"datePublished\":\"2024-07-05T07:40:16+00:00\",\"dateModified\":\"2025-01-08T17:04:19+00:00\",\"description\":\"El garaje del American Hotel, espacioso y seguro, est\u00e1 dise\u00f1ado para acomodar varios tipos de veh\u00edculos, desde autom\u00f3viles hasta furgonetas y autobuses. La facilidad de acceso y la amplitud de los espacios hacen que el aparcamiento sea sencillo y c\u00f3modo para cada hu\u00e9sped, proporcionando la soluci\u00f3n perfecta para quienes llegan con veh\u00edculos de mayor tama\u00f1o.\",\"breadcrumb\":{\"@id\":\"https:\\\/\\\/www.americanhotelnapoli.it\\\/es\\\/servicios\\\/garaje\\\/#breadcrumb\"},\"inLanguage\":\"es\",\"potentialAction\":[{\"@type\":\"ReadAction\",\"target\":[\"https:\\\/\\\/www.americanhotelnapoli.it\\\/es\\\/servicios\\\/garaje\\\/\"]}]},{\"@type\":\"BreadcrumbList\",\"@id\":\"https:\\\/\\\/www.americanhotelnapoli.it\\\/es\\\/servicios\\\/garaje\\\/#breadcrumb\",\"itemListElement\":[{\"@type\":\"ListItem\",\"position\":1,\"name\":\"Home\",\"item\":\"https:\\\/\\\/www.americanhotelnapoli.it\\\/es\\\/\"},{\"@type\":\"ListItem\",\"position\":2,\"name\":\"Servicios\",\"item\":\"https:\\\/\\\/www.americanhotelnapoli.it\\\/es\\\/servicios\\\/\"},{\"@type\":\"ListItem\",\"position\":3,\"name\":\"Garaje\"}]},{\"@type\":\"WebSite\",\"@id\":\"https:\\\/\\\/www.americanhotelnapoli.it\\\/es\\\/#website\",\"url\":\"https:\\\/\\\/www.americanhotelnapoli.it\\\/es\\\/\",\"name\":\"American Hotel\",\"description\":\"\",\"publisher\":{\"@id\":\"https:\\\/\\\/www.americanhotelnapoli.it\\\/es\\\/#organization\"},\"potentialAction\":[{\"@type\":\"SearchAction\",\"target\":{\"@type\":\"EntryPoint\",\"urlTemplate\":\"https:\\\/\\\/www.americanhotelnapoli.it\\\/es\\\/?s={search_term_string}\"},\"query-input\":{\"@type\":\"PropertyValueSpecification\",\"valueRequired\":true,\"valueName\":\"search_term_string\"}}],\"inLanguage\":\"es\"},{\"@type\":\"Organization\",\"@id\":\"https:\\\/\\\/www.americanhotelnapoli.it\\\/es\\\/#organization\",\"name\":\"American Hotel\",\"url\":\"https:\\\/\\\/www.americanhotelnapoli.it\\\/es\\\/\",\"logo\":{\"@type\":\"ImageObject\",\"inLanguage\":\"es\",\"@id\":\"https:\\\/\\\/www.americanhotelnapoli.it\\\/es\\\/#\\\/schema\\\/logo\\\/image\\\/\",\"url\":\"https:\\\/\\\/www.americanhotelnapoli.it\\\/wp-content\\\/uploads\\\/sites\\\/156\\\/2024\\\/09\\\/logo_american_c.png\",\"contentUrl\":\"https:\\\/\\\/www.americanhotelnapoli.it\\\/wp-content\\\/uploads\\\/sites\\\/156\\\/2024\\\/09\\\/logo_american_c.png\",\"width\":990,\"height\":651,\"caption\":\"American Hotel\"},\"image\":{\"@id\":\"https:\\\/\\\/www.americanhotelnapoli.it\\\/es\\\/#\\\/schema\\\/logo\\\/image\\\/\"},\"sameAs\":[\"https:\\\/\\\/www.facebook.com\\\/American-Hotel--398994453490129\"]}]}<\/script>\n<!-- \/ Yoast SEO plugin. -->","yoast_head_json":{"title":"Garaje - American Hotel -","description":"El garaje del American Hotel, espacioso y seguro, est\u00e1 dise\u00f1ado para acomodar varios tipos de veh\u00edculos, desde autom\u00f3viles hasta furgonetas y autobuses. La facilidad de acceso y la amplitud de los espacios hacen que el aparcamiento sea sencillo y c\u00f3modo para cada hu\u00e9sped, proporcionando la soluci\u00f3n perfecta para quienes llegan con veh\u00edculos de mayor tama\u00f1o.","robots":{"index":"index","follow":"follow","max-snippet":"max-snippet:-1","max-image-preview":"max-image-preview:large","max-video-preview":"max-video-preview:-1"},"canonical":"https:\/\/www.americanhotelnapoli.it\/es\/servicios\/garaje\/","og_locale":"es_ES","og_type":"article","og_title":"Garaje - American Hotel -","og_description":"El garaje del American Hotel, espacioso y seguro, est\u00e1 dise\u00f1ado para acomodar varios tipos de veh\u00edculos, desde autom\u00f3viles hasta furgonetas y autobuses. La facilidad de acceso y la amplitud de los espacios hacen que el aparcamiento sea sencillo y c\u00f3modo para cada hu\u00e9sped, proporcionando la soluci\u00f3n perfecta para quienes llegan con veh\u00edculos de mayor tama\u00f1o.","og_url":"https:\/\/www.americanhotelnapoli.it\/es\/servicios\/garaje\/","og_site_name":"American Hotel","article_publisher":"https:\/\/www.facebook.com\/American-Hotel--398994453490129","article_modified_time":"2025-01-08T17:04:19+00:00","twitter_card":"summary_large_image","schema":{"@context":"https:\/\/schema.org","@graph":[{"@type":"WebPage","@id":"https:\/\/www.americanhotelnapoli.it\/es\/servicios\/garaje\/","url":"https:\/\/www.americanhotelnapoli.it\/es\/servicios\/garaje\/","name":"Garaje - American Hotel -","isPartOf":{"@id":"https:\/\/www.americanhotelnapoli.it\/es\/#website"},"datePublished":"2024-07-05T07:40:16+00:00","dateModified":"2025-01-08T17:04:19+00:00","description":"El garaje del American Hotel, espacioso y seguro, est\u00e1 dise\u00f1ado para acomodar varios tipos de veh\u00edculos, desde autom\u00f3viles hasta furgonetas y autobuses. La facilidad de acceso y la amplitud de los espacios hacen que el aparcamiento sea sencillo y c\u00f3modo para cada hu\u00e9sped, proporcionando la soluci\u00f3n perfecta para quienes llegan con veh\u00edculos de mayor tama\u00f1o.","breadcrumb":{"@id":"https:\/\/www.americanhotelnapoli.it\/es\/servicios\/garaje\/#breadcrumb"},"inLanguage":"es","potentialAction":[{"@type":"ReadAction","target":["https:\/\/www.americanhotelnapoli.it\/es\/servicios\/garaje\/"]}]},{"@type":"BreadcrumbList","@id":"https:\/\/www.americanhotelnapoli.it\/es\/servicios\/garaje\/#breadcrumb","itemListElement":[{"@type":"ListItem","position":1,"name":"Home","item":"https:\/\/www.americanhotelnapoli.it\/es\/"},{"@type":"ListItem","position":2,"name":"Servicios","item":"https:\/\/www.americanhotelnapoli.it\/es\/servicios\/"},{"@type":"ListItem","position":3,"name":"Garaje"}]},{"@type":"WebSite","@id":"https:\/\/www.americanhotelnapoli.it\/es\/#website","url":"https:\/\/www.americanhotelnapoli.it\/es\/","name":"American Hotel","description":"","publisher":{"@id":"https:\/\/www.americanhotelnapoli.it\/es\/#organization"},"potentialAction":[{"@type":"SearchAction","target":{"@type":"EntryPoint","urlTemplate":"https:\/\/www.americanhotelnapoli.it\/es\/?s={search_term_string}"},"query-input":{"@type":"PropertyValueSpecification","valueRequired":true,"valueName":"search_term_string"}}],"inLanguage":"es"},{"@type":"Organization","@id":"https:\/\/www.americanhotelnapoli.it\/es\/#organization","name":"American Hotel","url":"https:\/\/www.americanhotelnapoli.it\/es\/","logo":{"@type":"ImageObject","inLanguage":"es","@id":"https:\/\/www.americanhotelnapoli.it\/es\/#\/schema\/logo\/image\/","url":"https:\/\/www.americanhotelnapoli.it\/wp-content\/uploads\/sites\/156\/2024\/09\/logo_american_c.png","contentUrl":"https:\/\/www.americanhotelnapoli.it\/wp-content\/uploads\/sites\/156\/2024\/09\/logo_american_c.png","width":990,"height":651,"caption":"American Hotel"},"image":{"@id":"https:\/\/www.americanhotelnapoli.it\/es\/#\/schema\/logo\/image\/"},"sameAs":["https:\/\/www.facebook.com\/American-Hotel--398994453490129"]}]}},"acf":[],"_links":{"self":[{"href":"https:\/\/www.americanhotelnapoli.it\/es\/wp-json\/wp\/v2\/pages\/364","targetHints":{"allow":["GET"]}}],"collection":[{"href":"https:\/\/www.americanhotelnapoli.it\/es\/wp-json\/wp\/v2\/pages"}],"about":[{"href":"https:\/\/www.americanhotelnapoli.it\/es\/wp-json\/wp\/v2\/types\/page"}],"author":[{"embeddable":true,"href":"https:\/\/www.americanhotelnapoli.it\/es\/wp-json\/wp\/v2\/users\/26"}],"replies":[{"embeddable":true,"href":"https:\/\/www.americanhotelnapoli.it\/es\/wp-json\/wp\/v2\/comments?post=364"}],"version-history":[{"count":0,"href":"https:\/\/www.americanhotelnapoli.it\/es\/wp-json\/wp\/v2\/pages\/364\/revisions"}],"up":[{"embeddable":true,"href":"https:\/\/www.americanhotelnapoli.it\/es\/wp-json\/wp\/v2\/pages\/374"}],"wp:attachment":[{"href":"https:\/\/www.americanhotelnapoli.it\/es\/wp-json\/wp\/v2\/media?parent=364"}],"curies":[{"name":"wp","href":"https:\/\/api.w.org\/{rel}","templated":true}]}}