{"id":367,"date":"2024-07-04T16:48:05","date_gmt":"2024-07-04T14:48:05","guid":{"rendered":"http:\/\/americanhotelnapoli.ms2.decms.eu\/?page_id=367"},"modified":"2025-01-08T18:31:10","modified_gmt":"2025-01-08T17:31:10","slug":"donde-estamosmos","status":"publish","type":"page","link":"https:\/\/www.americanhotelnapoli.it\/es\/donde-estamosmos\/","title":{"rendered":"Donde estamosmos"},"content":{"rendered":"<p>Desde el hotel se puede llegar f\u00e1cilmente hasta el recinto ferial de Mostra d\u2019Oltremare y a la Ciudad de las Ciencias (a 1,5 km).<br \/>\nSu privilegiada posici\u00f3n con respecto al paseo mar\u00edtimo de Mergellina permite embarcarse hacia las islas de Capri, Isquia y Procida.<br \/>\nOtro punto de embarque hacia tales islas, y tambi\u00e9n hacia Positano y Amalfi, es el puerto de Pozzuoli, siempre a 5 km pero en direcci\u00f3n opuesta.<br \/>\nSe puede llegar f\u00e1cilmente hasta el centro hist\u00f3rico de N\u00e1poles con diferentes autobuses (la parada se encuentra en el exterior del hotel), con el metro (parada Bagnoli) o con la l\u00ednea Cumana (estaci\u00f3n de Agnano).<\/p>\n","protected":false},"excerpt":{"rendered":"<p>Desde el hotel se puede llegar f\u00e1cilmente hasta el recinto ferial de Mostra d\u2019Oltremare y a la Ciudad de las Ciencias (a 1,5 km). Su privilegiada posici\u00f3n con respecto al paseo mar\u00edtimo de Mergellina permite embarcarse hacia las islas de Capri, Isquia y Procida. Otro punto de embarque hacia tales islas, y tambi\u00e9n hacia Positano [&hellip;]<\/p>\n","protected":false},"author":26,"featured_media":0,"parent":0,"menu_order":60,"comment_status":"closed","ping_status":"closed","template":"template-location.php","meta":{"footnotes":""},"class_list":["post-367","page","type-page","status-publish","hentry"],"yoast_head":"<!-- This site is optimized with the Yoast SEO plugin v27.3 - https:\/\/yoast.com\/product\/yoast-seo-wordpress\/ -->\n<title>Donde estamosmos - American Hotel -<\/title>\n<meta name=\"description\" content=\"Desde el hotel se puede llegar f\u00e1cilmente hasta el recinto ferial de Mostra d\u2019Oltremare y a la Ciudad de las Ciencias (a 1,5 km). Su privilegiada posici\u00f3n con respecto al paseo mar\u00edtimo de Mergellina permite embarcarse hacia las islas de Capri, Isquia y Procida. Otro punto de embarque hacia tales islas, y tambi\u00e9n hacia Positano y Amalfi, es el puerto de Pozzuoli, siempre a 5 km pero en direcci\u00f3n opuesta. Se puede llegar f\u00e1cilmente hasta el centro hist\u00f3rico de N\u00e1poles con diferentes autobuses (la parada se encuentra en el exterior del hotel), con el metro (parada Bagnoli) o con la l\u00ednea Cumana (estaci\u00f3n de Agnano)..\" \/>\n<meta name=\"robots\" content=\"index, follow, max-snippet:-1, max-image-preview:large, max-video-preview:-1\" \/>\n<link rel=\"canonical\" href=\"https:\/\/www.americanhotelnapoli.it\/es\/donde-estamosmos\/\" \/>\n<meta property=\"og:locale\" content=\"es_ES\" \/>\n<meta property=\"og:type\" content=\"article\" \/>\n<meta property=\"og:title\" content=\"Donde estamosmos - American Hotel -\" \/>\n<meta property=\"og:description\" content=\"Desde el hotel se puede llegar f\u00e1cilmente hasta el recinto ferial de Mostra d\u2019Oltremare y a la Ciudad de las Ciencias (a 1,5 km). Su privilegiada posici\u00f3n con respecto al paseo mar\u00edtimo de Mergellina permite embarcarse hacia las islas de Capri, Isquia y Procida. Otro punto de embarque hacia tales islas, y tambi\u00e9n hacia Positano y Amalfi, es el puerto de Pozzuoli, siempre a 5 km pero en direcci\u00f3n opuesta. Se puede llegar f\u00e1cilmente hasta el centro hist\u00f3rico de N\u00e1poles con diferentes autobuses (la parada se encuentra en el exterior del hotel), con el metro (parada Bagnoli) o con la l\u00ednea Cumana (estaci\u00f3n de Agnano)..\" \/>\n<meta property=\"og:url\" content=\"https:\/\/www.americanhotelnapoli.it\/es\/donde-estamosmos\/\" \/>\n<meta property=\"og:site_name\" content=\"American Hotel\" \/>\n<meta property=\"article:publisher\" content=\"https:\/\/www.facebook.com\/American-Hotel--398994453490129\" \/>\n<meta property=\"article:modified_time\" content=\"2025-01-08T17:31:10+00:00\" \/>\n<meta name=\"twitter:card\" content=\"summary_large_image\" \/>\n<meta name=\"twitter:label1\" content=\"Tiempo de lectura\" \/>\n\t<meta name=\"twitter:data1\" content=\"1 minuto\" \/>\n<script type=\"application\/ld+json\" class=\"yoast-schema-graph\">{\"@context\":\"https:\\\/\\\/schema.org\",\"@graph\":[{\"@type\":\"WebPage\",\"@id\":\"https:\\\/\\\/www.americanhotelnapoli.it\\\/es\\\/donde-estamosmos\\\/\",\"url\":\"https:\\\/\\\/www.americanhotelnapoli.it\\\/es\\\/donde-estamosmos\\\/\",\"name\":\"Donde estamosmos - American Hotel -\",\"isPartOf\":{\"@id\":\"https:\\\/\\\/www.americanhotelnapoli.it\\\/es\\\/#website\"},\"datePublished\":\"2024-07-04T14:48:05+00:00\",\"dateModified\":\"2025-01-08T17:31:10+00:00\",\"description\":\"Desde el hotel se puede llegar f\u00e1cilmente hasta el recinto ferial de Mostra d\u2019Oltremare y a la Ciudad de las Ciencias (a 1,5 km). Su privilegiada posici\u00f3n con respecto al paseo mar\u00edtimo de Mergellina permite embarcarse hacia las islas de Capri, Isquia y Procida. Otro punto de embarque hacia tales islas, y tambi\u00e9n hacia Positano y Amalfi, es el puerto de Pozzuoli, siempre a 5 km pero en direcci\u00f3n opuesta. Se puede llegar f\u00e1cilmente hasta el centro hist\u00f3rico de N\u00e1poles con diferentes autobuses (la parada se encuentra en el exterior del hotel), con el metro (parada Bagnoli) o con la l\u00ednea Cumana (estaci\u00f3n de Agnano)..\",\"breadcrumb\":{\"@id\":\"https:\\\/\\\/www.americanhotelnapoli.it\\\/es\\\/donde-estamosmos\\\/#breadcrumb\"},\"inLanguage\":\"es\",\"potentialAction\":[{\"@type\":\"ReadAction\",\"target\":[\"https:\\\/\\\/www.americanhotelnapoli.it\\\/es\\\/donde-estamosmos\\\/\"]}]},{\"@type\":\"BreadcrumbList\",\"@id\":\"https:\\\/\\\/www.americanhotelnapoli.it\\\/es\\\/donde-estamosmos\\\/#breadcrumb\",\"itemListElement\":[{\"@type\":\"ListItem\",\"position\":1,\"name\":\"Home\",\"item\":\"https:\\\/\\\/www.americanhotelnapoli.it\\\/es\\\/\"},{\"@type\":\"ListItem\",\"position\":2,\"name\":\"Donde estamosmos\"}]},{\"@type\":\"WebSite\",\"@id\":\"https:\\\/\\\/www.americanhotelnapoli.it\\\/es\\\/#website\",\"url\":\"https:\\\/\\\/www.americanhotelnapoli.it\\\/es\\\/\",\"name\":\"American Hotel\",\"description\":\"\",\"publisher\":{\"@id\":\"https:\\\/\\\/www.americanhotelnapoli.it\\\/es\\\/#organization\"},\"potentialAction\":[{\"@type\":\"SearchAction\",\"target\":{\"@type\":\"EntryPoint\",\"urlTemplate\":\"https:\\\/\\\/www.americanhotelnapoli.it\\\/es\\\/?s={search_term_string}\"},\"query-input\":{\"@type\":\"PropertyValueSpecification\",\"valueRequired\":true,\"valueName\":\"search_term_string\"}}],\"inLanguage\":\"es\"},{\"@type\":\"Organization\",\"@id\":\"https:\\\/\\\/www.americanhotelnapoli.it\\\/es\\\/#organization\",\"name\":\"American Hotel\",\"url\":\"https:\\\/\\\/www.americanhotelnapoli.it\\\/es\\\/\",\"logo\":{\"@type\":\"ImageObject\",\"inLanguage\":\"es\",\"@id\":\"https:\\\/\\\/www.americanhotelnapoli.it\\\/es\\\/#\\\/schema\\\/logo\\\/image\\\/\",\"url\":\"https:\\\/\\\/www.americanhotelnapoli.it\\\/wp-content\\\/uploads\\\/sites\\\/156\\\/2024\\\/09\\\/logo_american_c.png\",\"contentUrl\":\"https:\\\/\\\/www.americanhotelnapoli.it\\\/wp-content\\\/uploads\\\/sites\\\/156\\\/2024\\\/09\\\/logo_american_c.png\",\"width\":990,\"height\":651,\"caption\":\"American Hotel\"},\"image\":{\"@id\":\"https:\\\/\\\/www.americanhotelnapoli.it\\\/es\\\/#\\\/schema\\\/logo\\\/image\\\/\"},\"sameAs\":[\"https:\\\/\\\/www.facebook.com\\\/American-Hotel--398994453490129\"]}]}<\/script>\n<!-- \/ Yoast SEO plugin. -->","yoast_head_json":{"title":"Donde estamosmos - American Hotel -","description":"Desde el hotel se puede llegar f\u00e1cilmente hasta el recinto ferial de Mostra d\u2019Oltremare y a la Ciudad de las Ciencias (a 1,5 km). Su privilegiada posici\u00f3n con respecto al paseo mar\u00edtimo de Mergellina permite embarcarse hacia las islas de Capri, Isquia y Procida. Otro punto de embarque hacia tales islas, y tambi\u00e9n hacia Positano y Amalfi, es el puerto de Pozzuoli, siempre a 5 km pero en direcci\u00f3n opuesta. Se puede llegar f\u00e1cilmente hasta el centro hist\u00f3rico de N\u00e1poles con diferentes autobuses (la parada se encuentra en el exterior del hotel), con el metro (parada Bagnoli) o con la l\u00ednea Cumana (estaci\u00f3n de Agnano)..","robots":{"index":"index","follow":"follow","max-snippet":"max-snippet:-1","max-image-preview":"max-image-preview:large","max-video-preview":"max-video-preview:-1"},"canonical":"https:\/\/www.americanhotelnapoli.it\/es\/donde-estamosmos\/","og_locale":"es_ES","og_type":"article","og_title":"Donde estamosmos - American Hotel -","og_description":"Desde el hotel se puede llegar f\u00e1cilmente hasta el recinto ferial de Mostra d\u2019Oltremare y a la Ciudad de las Ciencias (a 1,5 km). Su privilegiada posici\u00f3n con respecto al paseo mar\u00edtimo de Mergellina permite embarcarse hacia las islas de Capri, Isquia y Procida. Otro punto de embarque hacia tales islas, y tambi\u00e9n hacia Positano y Amalfi, es el puerto de Pozzuoli, siempre a 5 km pero en direcci\u00f3n opuesta. Se puede llegar f\u00e1cilmente hasta el centro hist\u00f3rico de N\u00e1poles con diferentes autobuses (la parada se encuentra en el exterior del hotel), con el metro (parada Bagnoli) o con la l\u00ednea Cumana (estaci\u00f3n de Agnano)..","og_url":"https:\/\/www.americanhotelnapoli.it\/es\/donde-estamosmos\/","og_site_name":"American Hotel","article_publisher":"https:\/\/www.facebook.com\/American-Hotel--398994453490129","article_modified_time":"2025-01-08T17:31:10+00:00","twitter_card":"summary_large_image","twitter_misc":{"Tiempo de lectura":"1 minuto"},"schema":{"@context":"https:\/\/schema.org","@graph":[{"@type":"WebPage","@id":"https:\/\/www.americanhotelnapoli.it\/es\/donde-estamosmos\/","url":"https:\/\/www.americanhotelnapoli.it\/es\/donde-estamosmos\/","name":"Donde estamosmos - American Hotel -","isPartOf":{"@id":"https:\/\/www.americanhotelnapoli.it\/es\/#website"},"datePublished":"2024-07-04T14:48:05+00:00","dateModified":"2025-01-08T17:31:10+00:00","description":"Desde el hotel se puede llegar f\u00e1cilmente hasta el recinto ferial de Mostra d\u2019Oltremare y a la Ciudad de las Ciencias (a 1,5 km). Su privilegiada posici\u00f3n con respecto al paseo mar\u00edtimo de Mergellina permite embarcarse hacia las islas de Capri, Isquia y Procida. Otro punto de embarque hacia tales islas, y tambi\u00e9n hacia Positano y Amalfi, es el puerto de Pozzuoli, siempre a 5 km pero en direcci\u00f3n opuesta. Se puede llegar f\u00e1cilmente hasta el centro hist\u00f3rico de N\u00e1poles con diferentes autobuses (la parada se encuentra en el exterior del hotel), con el metro (parada Bagnoli) o con la l\u00ednea Cumana (estaci\u00f3n de Agnano)..","breadcrumb":{"@id":"https:\/\/www.americanhotelnapoli.it\/es\/donde-estamosmos\/#breadcrumb"},"inLanguage":"es","potentialAction":[{"@type":"ReadAction","target":["https:\/\/www.americanhotelnapoli.it\/es\/donde-estamosmos\/"]}]},{"@type":"BreadcrumbList","@id":"https:\/\/www.americanhotelnapoli.it\/es\/donde-estamosmos\/#breadcrumb","itemListElement":[{"@type":"ListItem","position":1,"name":"Home","item":"https:\/\/www.americanhotelnapoli.it\/es\/"},{"@type":"ListItem","position":2,"name":"Donde estamosmos"}]},{"@type":"WebSite","@id":"https:\/\/www.americanhotelnapoli.it\/es\/#website","url":"https:\/\/www.americanhotelnapoli.it\/es\/","name":"American Hotel","description":"","publisher":{"@id":"https:\/\/www.americanhotelnapoli.it\/es\/#organization"},"potentialAction":[{"@type":"SearchAction","target":{"@type":"EntryPoint","urlTemplate":"https:\/\/www.americanhotelnapoli.it\/es\/?s={search_term_string}"},"query-input":{"@type":"PropertyValueSpecification","valueRequired":true,"valueName":"search_term_string"}}],"inLanguage":"es"},{"@type":"Organization","@id":"https:\/\/www.americanhotelnapoli.it\/es\/#organization","name":"American Hotel","url":"https:\/\/www.americanhotelnapoli.it\/es\/","logo":{"@type":"ImageObject","inLanguage":"es","@id":"https:\/\/www.americanhotelnapoli.it\/es\/#\/schema\/logo\/image\/","url":"https:\/\/www.americanhotelnapoli.it\/wp-content\/uploads\/sites\/156\/2024\/09\/logo_american_c.png","contentUrl":"https:\/\/www.americanhotelnapoli.it\/wp-content\/uploads\/sites\/156\/2024\/09\/logo_american_c.png","width":990,"height":651,"caption":"American Hotel"},"image":{"@id":"https:\/\/www.americanhotelnapoli.it\/es\/#\/schema\/logo\/image\/"},"sameAs":["https:\/\/www.facebook.com\/American-Hotel--398994453490129"]}]}},"acf":[],"_links":{"self":[{"href":"https:\/\/www.americanhotelnapoli.it\/es\/wp-json\/wp\/v2\/pages\/367","targetHints":{"allow":["GET"]}}],"collection":[{"href":"https:\/\/www.americanhotelnapoli.it\/es\/wp-json\/wp\/v2\/pages"}],"about":[{"href":"https:\/\/www.americanhotelnapoli.it\/es\/wp-json\/wp\/v2\/types\/page"}],"author":[{"embeddable":true,"href":"https:\/\/www.americanhotelnapoli.it\/es\/wp-json\/wp\/v2\/users\/26"}],"replies":[{"embeddable":true,"href":"https:\/\/www.americanhotelnapoli.it\/es\/wp-json\/wp\/v2\/comments?post=367"}],"version-history":[{"count":0,"href":"https:\/\/www.americanhotelnapoli.it\/es\/wp-json\/wp\/v2\/pages\/367\/revisions"}],"wp:attachment":[{"href":"https:\/\/www.americanhotelnapoli.it\/es\/wp-json\/wp\/v2\/media?parent=367"}],"curies":[{"name":"wp","href":"https:\/\/api.w.org\/{rel}","templated":true}]}}