{"id":383,"date":"2024-07-04T14:01:00","date_gmt":"2024-07-04T12:01:00","guid":{"rendered":"http:\/\/americanhotelnapoli.ms2.decms.eu\/?page_id=383"},"modified":"2025-02-18T18:02:18","modified_gmt":"2025-02-18T17:02:18","slug":"american-hotel","status":"publish","type":"page","link":"https:\/\/www.americanhotelnapoli.it\/es\/","title":{"rendered":"American Hotel"},"content":{"rendered":"<p>El American Hotel se sit\u00faa en Agnano, en la conocida zona fl\u00e9grea, en las puertas de la ciudad de N\u00e1poles y en las proximidades de los principales enlaces de carreteras.<\/p>\n<p>El hotel, moderno y funcional, es ideal para pasar agradables estancias culturales visitando la ciudad de N\u00e1poles, llena de arte y cultura, o visitando la hermosa Costa Amalfitana y las conocidas islas de Capri e Isquia.<\/p>\n<p>Los clientes tienen a su disposici\u00f3n servicio de lavander\u00eda, servicio de habitaciones, dep\u00f3sito de equipaje, organizaci\u00f3n de excursiones por la ciudad, servicio de guarder\u00eda y aparcamiento.<br \/>\nLa recepci\u00f3n permanece abierta las 24 h y estar\u00e1 encantada de proporcionar informaci\u00f3n tur\u00edstica y mapas de la ciudad.<\/p>\n","protected":false},"excerpt":{"rendered":"<p>El American Hotel se sit\u00faa en Agnano, en la conocida zona fl\u00e9grea, en las puertas de la ciudad de N\u00e1poles y en las proximidades de los principales enlaces de carreteras. El hotel, moderno y funcional, es ideal para pasar agradables estancias culturales visitando la ciudad de N\u00e1poles, llena de arte y cultura, o visitando la [&hellip;]<\/p>\n","protected":false},"author":26,"featured_media":0,"parent":0,"menu_order":10,"comment_status":"closed","ping_status":"closed","template":"","meta":{"footnotes":""},"yoast_head":"<!-- This site is optimized with the Yoast SEO plugin v22.3 - https:\/\/yoast.com\/wordpress\/plugins\/seo\/ -->\n<title>American Hotel - American Hotel -<\/title>\n<meta name=\"description\" content=\"El American Hotel se sit\u00faa en Agnano, en la conocida zona fl\u00e9grea, en las puertas de la ciudad de N\u00e1poles y en las proximidades de los principales enlaces de carreteras.  El hotel, moderno y funcional, es ideal para pasar agradables estancias culturales visitando la ciudad de N\u00e1poles, llena de arte y cultura, o visitando la hermosa Costa Amalfitana y las conocidas islas de Capri e Isquia.  Los clientes tienen a su disposici\u00f3n servicio de lavander\u00eda, servicio de habitaciones, dep\u00f3sito de equipaje, organizaci\u00f3n de excursiones por la ciudad, servicio de guarder\u00eda y aparcamiento. La recepci\u00f3n permanece abierta las 24 h y estar\u00e1 encantada de proporcionar informaci\u00f3n tur\u00edstica y mapas de la ciudad..\" \/>\n<meta name=\"robots\" content=\"index, follow, max-snippet:-1, max-image-preview:large, max-video-preview:-1\" \/>\n<link rel=\"canonical\" href=\"https:\/\/www.americanhotelnapoli.it\/es\/\" \/>\n<meta property=\"og:locale\" content=\"es_ES\" \/>\n<meta property=\"og:type\" content=\"article\" \/>\n<meta property=\"og:title\" content=\"American Hotel - American Hotel -\" \/>\n<meta property=\"og:description\" content=\"El American Hotel se sit\u00faa en Agnano, en la conocida zona fl\u00e9grea, en las puertas de la ciudad de N\u00e1poles y en las proximidades de los principales enlaces de carreteras.  El hotel, moderno y funcional, es ideal para pasar agradables estancias culturales visitando la ciudad de N\u00e1poles, llena de arte y cultura, o visitando la hermosa Costa Amalfitana y las conocidas islas de Capri e Isquia.  Los clientes tienen a su disposici\u00f3n servicio de lavander\u00eda, servicio de habitaciones, dep\u00f3sito de equipaje, organizaci\u00f3n de excursiones por la ciudad, servicio de guarder\u00eda y aparcamiento. La recepci\u00f3n permanece abierta las 24 h y estar\u00e1 encantada de proporcionar informaci\u00f3n tur\u00edstica y mapas de la ciudad..\" \/>\n<meta property=\"og:url\" content=\"https:\/\/www.americanhotelnapoli.it\/es\/\" \/>\n<meta property=\"og:site_name\" content=\"American Hotel\" \/>\n<meta property=\"article:publisher\" content=\"https:\/\/www.facebook.com\/American-Hotel--398994453490129\" \/>\n<meta property=\"article:modified_time\" content=\"2025-02-18T17:02:18+00:00\" \/>\n<meta name=\"twitter:card\" content=\"summary_large_image\" \/>\n<meta name=\"twitter:label1\" content=\"Tiempo de lectura\" \/>\n\t<meta name=\"twitter:data1\" content=\"1 minuto\" \/>\n<script type=\"application\/ld+json\" class=\"yoast-schema-graph\">{\"@context\":\"https:\/\/schema.org\",\"@graph\":[{\"@type\":\"WebPage\",\"@id\":\"https:\/\/www.americanhotelnapoli.it\/es\/\",\"url\":\"https:\/\/www.americanhotelnapoli.it\/es\/\",\"name\":\"American Hotel - American Hotel -\",\"isPartOf\":{\"@id\":\"https:\/\/www.americanhotelnapoli.it\/es\/#website\"},\"datePublished\":\"2024-07-04T12:01:00+00:00\",\"dateModified\":\"2025-02-18T17:02:18+00:00\",\"description\":\"El American Hotel se sit\u00faa en Agnano, en la conocida zona fl\u00e9grea, en las puertas de la ciudad de N\u00e1poles y en las proximidades de los principales enlaces de carreteras. El hotel, moderno y funcional, es ideal para pasar agradables estancias culturales visitando la ciudad de N\u00e1poles, llena de arte y cultura, o visitando la hermosa Costa Amalfitana y las conocidas islas de Capri e Isquia. Los clientes tienen a su disposici\u00f3n servicio de lavander\u00eda, servicio de habitaciones, dep\u00f3sito de equipaje, organizaci\u00f3n de excursiones por la ciudad, servicio de guarder\u00eda y aparcamiento. La recepci\u00f3n permanece abierta las 24 h y estar\u00e1 encantada de proporcionar informaci\u00f3n tur\u00edstica y mapas de la ciudad..\",\"breadcrumb\":{\"@id\":\"https:\/\/www.americanhotelnapoli.it\/es\/#breadcrumb\"},\"inLanguage\":\"es\",\"potentialAction\":[{\"@type\":\"ReadAction\",\"target\":[\"https:\/\/www.americanhotelnapoli.it\/es\/\"]}]},{\"@type\":\"BreadcrumbList\",\"@id\":\"https:\/\/www.americanhotelnapoli.it\/es\/#breadcrumb\",\"itemListElement\":[{\"@type\":\"ListItem\",\"position\":1,\"name\":\"Home\",\"item\":\"https:\/\/www.americanhotelnapoli.it\/es\/\"},{\"@type\":\"ListItem\",\"position\":2,\"name\":\"American Hotel\"}]},{\"@type\":\"WebSite\",\"@id\":\"https:\/\/www.americanhotelnapoli.it\/es\/#website\",\"url\":\"https:\/\/www.americanhotelnapoli.it\/es\/\",\"name\":\"American Hotel\",\"description\":\"\",\"publisher\":{\"@id\":\"https:\/\/www.americanhotelnapoli.it\/es\/#organization\"},\"potentialAction\":[{\"@type\":\"SearchAction\",\"target\":{\"@type\":\"EntryPoint\",\"urlTemplate\":\"https:\/\/www.americanhotelnapoli.it\/es\/?s={search_term_string}\"},\"query-input\":\"required name=search_term_string\"}],\"inLanguage\":\"es\"},{\"@type\":\"Organization\",\"@id\":\"https:\/\/www.americanhotelnapoli.it\/es\/#organization\",\"name\":\"American Hotel\",\"url\":\"https:\/\/www.americanhotelnapoli.it\/es\/\",\"logo\":{\"@type\":\"ImageObject\",\"inLanguage\":\"es\",\"@id\":\"https:\/\/www.americanhotelnapoli.it\/es\/#\/schema\/logo\/image\/\",\"url\":\"https:\/\/www.americanhotelnapoli.it\/wp-content\/uploads\/sites\/156\/2024\/09\/logo_american_c.png\",\"contentUrl\":\"https:\/\/www.americanhotelnapoli.it\/wp-content\/uploads\/sites\/156\/2024\/09\/logo_american_c.png\",\"width\":990,\"height\":651,\"caption\":\"American Hotel\"},\"image\":{\"@id\":\"https:\/\/www.americanhotelnapoli.it\/es\/#\/schema\/logo\/image\/\"},\"sameAs\":[\"https:\/\/www.facebook.com\/American-Hotel--398994453490129\"]}]}<\/script>\n<!-- \/ Yoast SEO plugin. -->","yoast_head_json":{"title":"American Hotel - American Hotel -","description":"El American Hotel se sit\u00faa en Agnano, en la conocida zona fl\u00e9grea, en las puertas de la ciudad de N\u00e1poles y en las proximidades de los principales enlaces de carreteras.  El hotel, moderno y funcional, es ideal para pasar agradables estancias culturales visitando la ciudad de N\u00e1poles, llena de arte y cultura, o visitando la hermosa Costa Amalfitana y las conocidas islas de Capri e Isquia.  Los clientes tienen a su disposici\u00f3n servicio de lavander\u00eda, servicio de habitaciones, dep\u00f3sito de equipaje, organizaci\u00f3n de excursiones por la ciudad, servicio de guarder\u00eda y aparcamiento. La recepci\u00f3n permanece abierta las 24 h y estar\u00e1 encantada de proporcionar informaci\u00f3n tur\u00edstica y mapas de la ciudad..","robots":{"index":"index","follow":"follow","max-snippet":"max-snippet:-1","max-image-preview":"max-image-preview:large","max-video-preview":"max-video-preview:-1"},"canonical":"https:\/\/www.americanhotelnapoli.it\/es\/","og_locale":"es_ES","og_type":"article","og_title":"American Hotel - American Hotel -","og_description":"El American Hotel se sit\u00faa en Agnano, en la conocida zona fl\u00e9grea, en las puertas de la ciudad de N\u00e1poles y en las proximidades de los principales enlaces de carreteras.  El hotel, moderno y funcional, es ideal para pasar agradables estancias culturales visitando la ciudad de N\u00e1poles, llena de arte y cultura, o visitando la hermosa Costa Amalfitana y las conocidas islas de Capri e Isquia.  Los clientes tienen a su disposici\u00f3n servicio de lavander\u00eda, servicio de habitaciones, dep\u00f3sito de equipaje, organizaci\u00f3n de excursiones por la ciudad, servicio de guarder\u00eda y aparcamiento. La recepci\u00f3n permanece abierta las 24 h y estar\u00e1 encantada de proporcionar informaci\u00f3n tur\u00edstica y mapas de la ciudad..","og_url":"https:\/\/www.americanhotelnapoli.it\/es\/","og_site_name":"American Hotel","article_publisher":"https:\/\/www.facebook.com\/American-Hotel--398994453490129","article_modified_time":"2025-02-18T17:02:18+00:00","twitter_card":"summary_large_image","twitter_misc":{"Tiempo de lectura":"1 minuto"},"schema":{"@context":"https:\/\/schema.org","@graph":[{"@type":"WebPage","@id":"https:\/\/www.americanhotelnapoli.it\/es\/","url":"https:\/\/www.americanhotelnapoli.it\/es\/","name":"American Hotel - American Hotel -","isPartOf":{"@id":"https:\/\/www.americanhotelnapoli.it\/es\/#website"},"datePublished":"2024-07-04T12:01:00+00:00","dateModified":"2025-02-18T17:02:18+00:00","description":"El American Hotel se sit\u00faa en Agnano, en la conocida zona fl\u00e9grea, en las puertas de la ciudad de N\u00e1poles y en las proximidades de los principales enlaces de carreteras. El hotel, moderno y funcional, es ideal para pasar agradables estancias culturales visitando la ciudad de N\u00e1poles, llena de arte y cultura, o visitando la hermosa Costa Amalfitana y las conocidas islas de Capri e Isquia. Los clientes tienen a su disposici\u00f3n servicio de lavander\u00eda, servicio de habitaciones, dep\u00f3sito de equipaje, organizaci\u00f3n de excursiones por la ciudad, servicio de guarder\u00eda y aparcamiento. La recepci\u00f3n permanece abierta las 24 h y estar\u00e1 encantada de proporcionar informaci\u00f3n tur\u00edstica y mapas de la ciudad..","breadcrumb":{"@id":"https:\/\/www.americanhotelnapoli.it\/es\/#breadcrumb"},"inLanguage":"es","potentialAction":[{"@type":"ReadAction","target":["https:\/\/www.americanhotelnapoli.it\/es\/"]}]},{"@type":"BreadcrumbList","@id":"https:\/\/www.americanhotelnapoli.it\/es\/#breadcrumb","itemListElement":[{"@type":"ListItem","position":1,"name":"Home","item":"https:\/\/www.americanhotelnapoli.it\/es\/"},{"@type":"ListItem","position":2,"name":"American Hotel"}]},{"@type":"WebSite","@id":"https:\/\/www.americanhotelnapoli.it\/es\/#website","url":"https:\/\/www.americanhotelnapoli.it\/es\/","name":"American Hotel","description":"","publisher":{"@id":"https:\/\/www.americanhotelnapoli.it\/es\/#organization"},"potentialAction":[{"@type":"SearchAction","target":{"@type":"EntryPoint","urlTemplate":"https:\/\/www.americanhotelnapoli.it\/es\/?s={search_term_string}"},"query-input":"required name=search_term_string"}],"inLanguage":"es"},{"@type":"Organization","@id":"https:\/\/www.americanhotelnapoli.it\/es\/#organization","name":"American Hotel","url":"https:\/\/www.americanhotelnapoli.it\/es\/","logo":{"@type":"ImageObject","inLanguage":"es","@id":"https:\/\/www.americanhotelnapoli.it\/es\/#\/schema\/logo\/image\/","url":"https:\/\/www.americanhotelnapoli.it\/wp-content\/uploads\/sites\/156\/2024\/09\/logo_american_c.png","contentUrl":"https:\/\/www.americanhotelnapoli.it\/wp-content\/uploads\/sites\/156\/2024\/09\/logo_american_c.png","width":990,"height":651,"caption":"American Hotel"},"image":{"@id":"https:\/\/www.americanhotelnapoli.it\/es\/#\/schema\/logo\/image\/"},"sameAs":["https:\/\/www.facebook.com\/American-Hotel--398994453490129"]}]}},"acf":[],"_links":{"self":[{"href":"https:\/\/www.americanhotelnapoli.it\/es\/wp-json\/wp\/v2\/pages\/383"}],"collection":[{"href":"https:\/\/www.americanhotelnapoli.it\/es\/wp-json\/wp\/v2\/pages"}],"about":[{"href":"https:\/\/www.americanhotelnapoli.it\/es\/wp-json\/wp\/v2\/types\/page"}],"author":[{"embeddable":true,"href":"https:\/\/www.americanhotelnapoli.it\/es\/wp-json\/wp\/v2\/users\/26"}],"replies":[{"embeddable":true,"href":"https:\/\/www.americanhotelnapoli.it\/es\/wp-json\/wp\/v2\/comments?post=383"}],"version-history":[{"count":0,"href":"https:\/\/www.americanhotelnapoli.it\/es\/wp-json\/wp\/v2\/pages\/383\/revisions"}],"wp:attachment":[{"href":"https:\/\/www.americanhotelnapoli.it\/es\/wp-json\/wp\/v2\/media?parent=383"}],"curies":[{"name":"wp","href":"https:\/\/api.w.org\/{rel}","templated":true}]}}