{"id":204,"date":"2024-07-04T16:24:52","date_gmt":"2024-07-04T14:24:52","guid":{"rendered":"https:\/\/americanhotelnapoli.ms2.decms.eu\/?page_id=204"},"modified":"2024-10-28T11:35:56","modified_gmt":"2024-10-28T10:35:56","slug":"chambres-et-suites","status":"publish","type":"page","link":"https:\/\/www.americanhotelnapoli.it\/fr\/chambres-et-suites\/","title":{"rendered":"Chambres et suites"},"content":{"rendered":"<p>L\u2019h\u00f4tel propose 100 chambres, spacieuses et lumineuses, et toutes meubl\u00e9es avec go\u00fbt et \u00e9l\u00e9gance. Les chambres sont \u00e9quip\u00e9es d\u2019un t\u00e9l\u00e9phone avec ligne directe, de la climatisation, d\u2019une TV couleur par satellite, d\u2019une connexion Internet, d\u2019un coffre-fort, d\u2019un minibar, d\u2019une radio et d\u2019une salle de bain priv\u00e9e avec s\u00e8che-cheveux.<\/p>\n<p>Certaines chambres sont am\u00e9nag\u00e9es pour nos h\u00f4tes \u00e0 mobilit\u00e9 r\u00e9duite.<\/p>\n<p>Chambres disponibles: Double avec lits s\u00e9par\u00e9s, Double avec grand lit, Triple, Quadruple, Double utilisation Individuelle<\/p>\n","protected":false},"excerpt":{"rendered":"<p>L\u2019h\u00f4tel propose 100 chambres, spacieuses et lumineuses, et toutes meubl\u00e9es avec go\u00fbt et \u00e9l\u00e9gance. Les chambres sont \u00e9quip\u00e9es d\u2019un t\u00e9l\u00e9phone avec ligne directe, de la climatisation, d\u2019une TV couleur par satellite, d\u2019une connexion Internet, d\u2019un coffre-fort, d\u2019un minibar, d\u2019une radio et d\u2019une salle de bain priv\u00e9e avec s\u00e8che-cheveux. Certaines chambres sont am\u00e9nag\u00e9es pour nos h\u00f4tes [&hellip;]<\/p>\n","protected":false},"author":26,"featured_media":0,"parent":0,"menu_order":20,"comment_status":"closed","ping_status":"closed","template":"template-rooms.php","meta":{"footnotes":""},"class_list":["post-204","page","type-page","status-publish","hentry"],"yoast_head":"<!-- This site is optimized with the Yoast SEO plugin v27.3 - https:\/\/yoast.com\/product\/yoast-seo-wordpress\/ -->\n<title>Chambres et suites - American Hotel -<\/title>\n<meta name=\"description\" content=\"L\u2019h\u00f4tel propose 100 chambres, spacieuses et lumineuses, et toutes meubl\u00e9es avec go\u00fbt et \u00e9l\u00e9gance. Les chambres sont \u00e9quip\u00e9es d\u2019un t\u00e9l\u00e9phone avec ligne directe, de la climatisation, d\u2019une TV couleur par satellite, d\u2019une connexion Internet, d\u2019un coffre-fort, d\u2019un minibar, d\u2019une radio et d\u2019une salle de bain priv\u00e9e avec s\u00e8che-cheveux.  Certaines chambres sont am\u00e9nag\u00e9es pour nos h\u00f4tes \u00e0 mobilit\u00e9 r\u00e9duite.  Chambres disponibles: Double avec lits s\u00e9par\u00e9s, Double avec grand lit, Triple, Quadruple, Double utilisation Individuelle\" \/>\n<meta name=\"robots\" content=\"index, follow, max-snippet:-1, max-image-preview:large, max-video-preview:-1\" \/>\n<link rel=\"canonical\" href=\"https:\/\/www.americanhotelnapoli.it\/fr\/chambres-et-suites\/\" \/>\n<meta property=\"og:locale\" content=\"fr_FR\" \/>\n<meta property=\"og:type\" content=\"article\" \/>\n<meta property=\"og:title\" content=\"Chambres et suites - American Hotel -\" \/>\n<meta property=\"og:description\" content=\"L\u2019h\u00f4tel propose 100 chambres, spacieuses et lumineuses, et toutes meubl\u00e9es avec go\u00fbt et \u00e9l\u00e9gance. Les chambres sont \u00e9quip\u00e9es d\u2019un t\u00e9l\u00e9phone avec ligne directe, de la climatisation, d\u2019une TV couleur par satellite, d\u2019une connexion Internet, d\u2019un coffre-fort, d\u2019un minibar, d\u2019une radio et d\u2019une salle de bain priv\u00e9e avec s\u00e8che-cheveux.  Certaines chambres sont am\u00e9nag\u00e9es pour nos h\u00f4tes \u00e0 mobilit\u00e9 r\u00e9duite.  Chambres disponibles: Double avec lits s\u00e9par\u00e9s, Double avec grand lit, Triple, Quadruple, Double utilisation Individuelle\" \/>\n<meta property=\"og:url\" content=\"https:\/\/www.americanhotelnapoli.it\/fr\/chambres-et-suites\/\" \/>\n<meta property=\"og:site_name\" content=\"American Hotel\" \/>\n<meta property=\"article:publisher\" content=\"https:\/\/www.facebook.com\/American-Hotel--398994453490129\" \/>\n<meta property=\"article:modified_time\" content=\"2024-10-28T10:35:56+00:00\" \/>\n<meta name=\"twitter:card\" content=\"summary_large_image\" \/>\n<meta name=\"twitter:label1\" content=\"Dur\u00e9e de lecture estim\u00e9e\" \/>\n\t<meta name=\"twitter:data1\" content=\"1 minute\" \/>\n<script type=\"application\/ld+json\" class=\"yoast-schema-graph\">{\"@context\":\"https:\\\/\\\/schema.org\",\"@graph\":[{\"@type\":\"WebPage\",\"@id\":\"https:\\\/\\\/www.americanhotelnapoli.it\\\/fr\\\/chambres-et-suites\\\/\",\"url\":\"https:\\\/\\\/www.americanhotelnapoli.it\\\/fr\\\/chambres-et-suites\\\/\",\"name\":\"Chambres et suites - American Hotel -\",\"isPartOf\":{\"@id\":\"https:\\\/\\\/www.americanhotelnapoli.it\\\/fr\\\/#website\"},\"datePublished\":\"2024-07-04T14:24:52+00:00\",\"dateModified\":\"2024-10-28T10:35:56+00:00\",\"description\":\"L\u2019h\u00f4tel propose 100 chambres, spacieuses et lumineuses, et toutes meubl\u00e9es avec go\u00fbt et \u00e9l\u00e9gance. Les chambres sont \u00e9quip\u00e9es d\u2019un t\u00e9l\u00e9phone avec ligne directe, de la climatisation, d\u2019une TV couleur par satellite, d\u2019une connexion Internet, d\u2019un coffre-fort, d\u2019un minibar, d\u2019une radio et d\u2019une salle de bain priv\u00e9e avec s\u00e8che-cheveux. Certaines chambres sont am\u00e9nag\u00e9es pour nos h\u00f4tes \u00e0 mobilit\u00e9 r\u00e9duite. Chambres disponibles: Double avec lits s\u00e9par\u00e9s, Double avec grand lit, Triple, Quadruple, Double utilisation Individuelle\",\"breadcrumb\":{\"@id\":\"https:\\\/\\\/www.americanhotelnapoli.it\\\/fr\\\/chambres-et-suites\\\/#breadcrumb\"},\"inLanguage\":\"fr-FR\",\"potentialAction\":[{\"@type\":\"ReadAction\",\"target\":[\"https:\\\/\\\/www.americanhotelnapoli.it\\\/fr\\\/chambres-et-suites\\\/\"]}]},{\"@type\":\"BreadcrumbList\",\"@id\":\"https:\\\/\\\/www.americanhotelnapoli.it\\\/fr\\\/chambres-et-suites\\\/#breadcrumb\",\"itemListElement\":[{\"@type\":\"ListItem\",\"position\":1,\"name\":\"Home\",\"item\":\"https:\\\/\\\/www.americanhotelnapoli.it\\\/fr\\\/\"},{\"@type\":\"ListItem\",\"position\":2,\"name\":\"Chambres et suites\"}]},{\"@type\":\"WebSite\",\"@id\":\"https:\\\/\\\/www.americanhotelnapoli.it\\\/fr\\\/#website\",\"url\":\"https:\\\/\\\/www.americanhotelnapoli.it\\\/fr\\\/\",\"name\":\"American Hotel\",\"description\":\"\",\"publisher\":{\"@id\":\"https:\\\/\\\/www.americanhotelnapoli.it\\\/fr\\\/#organization\"},\"potentialAction\":[{\"@type\":\"SearchAction\",\"target\":{\"@type\":\"EntryPoint\",\"urlTemplate\":\"https:\\\/\\\/www.americanhotelnapoli.it\\\/fr\\\/?s={search_term_string}\"},\"query-input\":{\"@type\":\"PropertyValueSpecification\",\"valueRequired\":true,\"valueName\":\"search_term_string\"}}],\"inLanguage\":\"fr-FR\"},{\"@type\":\"Organization\",\"@id\":\"https:\\\/\\\/www.americanhotelnapoli.it\\\/fr\\\/#organization\",\"name\":\"American Hotel\",\"url\":\"https:\\\/\\\/www.americanhotelnapoli.it\\\/fr\\\/\",\"logo\":{\"@type\":\"ImageObject\",\"inLanguage\":\"fr-FR\",\"@id\":\"https:\\\/\\\/www.americanhotelnapoli.it\\\/fr\\\/#\\\/schema\\\/logo\\\/image\\\/\",\"url\":\"https:\\\/\\\/www.americanhotelnapoli.it\\\/wp-content\\\/uploads\\\/sites\\\/156\\\/2024\\\/09\\\/logo_american_c.png\",\"contentUrl\":\"https:\\\/\\\/www.americanhotelnapoli.it\\\/wp-content\\\/uploads\\\/sites\\\/156\\\/2024\\\/09\\\/logo_american_c.png\",\"width\":990,\"height\":651,\"caption\":\"American Hotel\"},\"image\":{\"@id\":\"https:\\\/\\\/www.americanhotelnapoli.it\\\/fr\\\/#\\\/schema\\\/logo\\\/image\\\/\"},\"sameAs\":[\"https:\\\/\\\/www.facebook.com\\\/American-Hotel--398994453490129\"]}]}<\/script>\n<!-- \/ Yoast SEO plugin. -->","yoast_head_json":{"title":"Chambres et suites - American Hotel -","description":"L\u2019h\u00f4tel propose 100 chambres, spacieuses et lumineuses, et toutes meubl\u00e9es avec go\u00fbt et \u00e9l\u00e9gance. Les chambres sont \u00e9quip\u00e9es d\u2019un t\u00e9l\u00e9phone avec ligne directe, de la climatisation, d\u2019une TV couleur par satellite, d\u2019une connexion Internet, d\u2019un coffre-fort, d\u2019un minibar, d\u2019une radio et d\u2019une salle de bain priv\u00e9e avec s\u00e8che-cheveux.  Certaines chambres sont am\u00e9nag\u00e9es pour nos h\u00f4tes \u00e0 mobilit\u00e9 r\u00e9duite.  Chambres disponibles: Double avec lits s\u00e9par\u00e9s, Double avec grand lit, Triple, Quadruple, Double utilisation Individuelle","robots":{"index":"index","follow":"follow","max-snippet":"max-snippet:-1","max-image-preview":"max-image-preview:large","max-video-preview":"max-video-preview:-1"},"canonical":"https:\/\/www.americanhotelnapoli.it\/fr\/chambres-et-suites\/","og_locale":"fr_FR","og_type":"article","og_title":"Chambres et suites - American Hotel -","og_description":"L\u2019h\u00f4tel propose 100 chambres, spacieuses et lumineuses, et toutes meubl\u00e9es avec go\u00fbt et \u00e9l\u00e9gance. Les chambres sont \u00e9quip\u00e9es d\u2019un t\u00e9l\u00e9phone avec ligne directe, de la climatisation, d\u2019une TV couleur par satellite, d\u2019une connexion Internet, d\u2019un coffre-fort, d\u2019un minibar, d\u2019une radio et d\u2019une salle de bain priv\u00e9e avec s\u00e8che-cheveux.  Certaines chambres sont am\u00e9nag\u00e9es pour nos h\u00f4tes \u00e0 mobilit\u00e9 r\u00e9duite.  Chambres disponibles: Double avec lits s\u00e9par\u00e9s, Double avec grand lit, Triple, Quadruple, Double utilisation Individuelle","og_url":"https:\/\/www.americanhotelnapoli.it\/fr\/chambres-et-suites\/","og_site_name":"American Hotel","article_publisher":"https:\/\/www.facebook.com\/American-Hotel--398994453490129","article_modified_time":"2024-10-28T10:35:56+00:00","twitter_card":"summary_large_image","twitter_misc":{"Dur\u00e9e de lecture estim\u00e9e":"1 minute"},"schema":{"@context":"https:\/\/schema.org","@graph":[{"@type":"WebPage","@id":"https:\/\/www.americanhotelnapoli.it\/fr\/chambres-et-suites\/","url":"https:\/\/www.americanhotelnapoli.it\/fr\/chambres-et-suites\/","name":"Chambres et suites - American Hotel -","isPartOf":{"@id":"https:\/\/www.americanhotelnapoli.it\/fr\/#website"},"datePublished":"2024-07-04T14:24:52+00:00","dateModified":"2024-10-28T10:35:56+00:00","description":"L\u2019h\u00f4tel propose 100 chambres, spacieuses et lumineuses, et toutes meubl\u00e9es avec go\u00fbt et \u00e9l\u00e9gance. Les chambres sont \u00e9quip\u00e9es d\u2019un t\u00e9l\u00e9phone avec ligne directe, de la climatisation, d\u2019une TV couleur par satellite, d\u2019une connexion Internet, d\u2019un coffre-fort, d\u2019un minibar, d\u2019une radio et d\u2019une salle de bain priv\u00e9e avec s\u00e8che-cheveux. Certaines chambres sont am\u00e9nag\u00e9es pour nos h\u00f4tes \u00e0 mobilit\u00e9 r\u00e9duite. Chambres disponibles: Double avec lits s\u00e9par\u00e9s, Double avec grand lit, Triple, Quadruple, Double utilisation Individuelle","breadcrumb":{"@id":"https:\/\/www.americanhotelnapoli.it\/fr\/chambres-et-suites\/#breadcrumb"},"inLanguage":"fr-FR","potentialAction":[{"@type":"ReadAction","target":["https:\/\/www.americanhotelnapoli.it\/fr\/chambres-et-suites\/"]}]},{"@type":"BreadcrumbList","@id":"https:\/\/www.americanhotelnapoli.it\/fr\/chambres-et-suites\/#breadcrumb","itemListElement":[{"@type":"ListItem","position":1,"name":"Home","item":"https:\/\/www.americanhotelnapoli.it\/fr\/"},{"@type":"ListItem","position":2,"name":"Chambres et suites"}]},{"@type":"WebSite","@id":"https:\/\/www.americanhotelnapoli.it\/fr\/#website","url":"https:\/\/www.americanhotelnapoli.it\/fr\/","name":"American Hotel","description":"","publisher":{"@id":"https:\/\/www.americanhotelnapoli.it\/fr\/#organization"},"potentialAction":[{"@type":"SearchAction","target":{"@type":"EntryPoint","urlTemplate":"https:\/\/www.americanhotelnapoli.it\/fr\/?s={search_term_string}"},"query-input":{"@type":"PropertyValueSpecification","valueRequired":true,"valueName":"search_term_string"}}],"inLanguage":"fr-FR"},{"@type":"Organization","@id":"https:\/\/www.americanhotelnapoli.it\/fr\/#organization","name":"American Hotel","url":"https:\/\/www.americanhotelnapoli.it\/fr\/","logo":{"@type":"ImageObject","inLanguage":"fr-FR","@id":"https:\/\/www.americanhotelnapoli.it\/fr\/#\/schema\/logo\/image\/","url":"https:\/\/www.americanhotelnapoli.it\/wp-content\/uploads\/sites\/156\/2024\/09\/logo_american_c.png","contentUrl":"https:\/\/www.americanhotelnapoli.it\/wp-content\/uploads\/sites\/156\/2024\/09\/logo_american_c.png","width":990,"height":651,"caption":"American Hotel"},"image":{"@id":"https:\/\/www.americanhotelnapoli.it\/fr\/#\/schema\/logo\/image\/"},"sameAs":["https:\/\/www.facebook.com\/American-Hotel--398994453490129"]}]}},"acf":[],"_links":{"self":[{"href":"https:\/\/www.americanhotelnapoli.it\/fr\/wp-json\/wp\/v2\/pages\/204","targetHints":{"allow":["GET"]}}],"collection":[{"href":"https:\/\/www.americanhotelnapoli.it\/fr\/wp-json\/wp\/v2\/pages"}],"about":[{"href":"https:\/\/www.americanhotelnapoli.it\/fr\/wp-json\/wp\/v2\/types\/page"}],"author":[{"embeddable":true,"href":"https:\/\/www.americanhotelnapoli.it\/fr\/wp-json\/wp\/v2\/users\/26"}],"replies":[{"embeddable":true,"href":"https:\/\/www.americanhotelnapoli.it\/fr\/wp-json\/wp\/v2\/comments?post=204"}],"version-history":[{"count":0,"href":"https:\/\/www.americanhotelnapoli.it\/fr\/wp-json\/wp\/v2\/pages\/204\/revisions"}],"wp:attachment":[{"href":"https:\/\/www.americanhotelnapoli.it\/fr\/wp-json\/wp\/v2\/media?parent=204"}],"curies":[{"name":"wp","href":"https:\/\/api.w.org\/{rel}","templated":true}]}}