{"id":208,"date":"2024-07-04T16:46:51","date_gmt":"2024-07-04T14:46:51","guid":{"rendered":"https:\/\/americanhotelnapoli.ms2.decms.eu\/?page_id=208"},"modified":"2024-12-11T15:50:04","modified_gmt":"2024-12-11T14:50:04","slug":"restaurant","status":"publish","type":"page","link":"https:\/\/www.americanhotelnapoli.it\/fr\/restaurant\/","title":{"rendered":"Restaurant"},"content":{"rendered":"<p>Le Restaurant de l&rsquo;American Hotel, avec une capacit\u00e9 de 230 places, offre un environnement vaste et spacieux, id\u00e9al pour accueillir des grands groupes, des \u00e9v\u00e9nements ou des d\u00eeners intimes dans une atmosph\u00e8re raffin\u00e9e et accueillante.<\/p>\n<p>La cuisine propose un large choix de plats traditionnels et internationaux, pr\u00e9par\u00e9s avec des ingr\u00e9dients frais et de haute qualit\u00e9 pour satisfaire m\u00eame les palais les plus exigeants.<\/p>\n<p>Parfait pour les petits-d\u00e9jeuners, d\u00e9jeuners et d\u00eeners, le restaurant est le c\u0153ur de l&rsquo;offre gastronomique de l&rsquo;American Hotel, o\u00f9 le service attentif et professionnel compl\u00e8te une exp\u00e9rience inoubliable.<\/p>\n","protected":false},"excerpt":{"rendered":"<p>Le Restaurant de l&rsquo;American Hotel, avec une capacit\u00e9 de 230 places, offre un environnement vaste et spacieux, id\u00e9al pour accueillir des grands groupes, des \u00e9v\u00e9nements ou des d\u00eeners intimes dans une atmosph\u00e8re raffin\u00e9e et accueillante. La cuisine propose un large choix de plats traditionnels et internationaux, pr\u00e9par\u00e9s avec des ingr\u00e9dients frais et de haute qualit\u00e9 [&hellip;]<\/p>\n","protected":false},"author":26,"featured_media":0,"parent":0,"menu_order":30,"comment_status":"closed","ping_status":"closed","template":"template-single-restaurant.php","meta":{"footnotes":""},"yoast_head":"<!-- This site is optimized with the Yoast SEO plugin v22.3 - https:\/\/yoast.com\/wordpress\/plugins\/seo\/ -->\n<title>Restaurant - American Hotel -<\/title>\n<meta name=\"description\" content=\"Le Restaurant de l&#039;American Hotel, avec une capacit\u00e9 de 230 places, offre un environnement vaste et spacieux, id\u00e9al pour accueillir des grands groupes, des \u00e9v\u00e9nements ou des d\u00eeners intimes dans une atmosph\u00e8re raffin\u00e9e et accueillante.  La cuisine propose un large choix de plats traditionnels et internationaux, pr\u00e9par\u00e9s avec des ingr\u00e9dients frais et de haute qualit\u00e9 pour satisfaire m\u00eame les palais les plus exigeants.  Parfait pour les petits-d\u00e9jeuners, d\u00e9jeuners et d\u00eeners, le restaurant est le c\u0153ur de l&#039;offre gastronomique de l&#039;American Hotel, o\u00f9 le service attentif et professionnel compl\u00e8te une exp\u00e9rience inoubliable..\" \/>\n<meta name=\"robots\" content=\"index, follow, max-snippet:-1, max-image-preview:large, max-video-preview:-1\" \/>\n<link rel=\"canonical\" href=\"https:\/\/www.americanhotelnapoli.it\/fr\/restaurant\/\" \/>\n<meta property=\"og:locale\" content=\"fr_FR\" \/>\n<meta property=\"og:type\" content=\"article\" \/>\n<meta property=\"og:title\" content=\"Restaurant - American Hotel -\" \/>\n<meta property=\"og:description\" content=\"Le Restaurant de l&#039;American Hotel, avec une capacit\u00e9 de 230 places, offre un environnement vaste et spacieux, id\u00e9al pour accueillir des grands groupes, des \u00e9v\u00e9nements ou des d\u00eeners intimes dans une atmosph\u00e8re raffin\u00e9e et accueillante.  La cuisine propose un large choix de plats traditionnels et internationaux, pr\u00e9par\u00e9s avec des ingr\u00e9dients frais et de haute qualit\u00e9 pour satisfaire m\u00eame les palais les plus exigeants.  Parfait pour les petits-d\u00e9jeuners, d\u00e9jeuners et d\u00eeners, le restaurant est le c\u0153ur de l&#039;offre gastronomique de l&#039;American Hotel, o\u00f9 le service attentif et professionnel compl\u00e8te une exp\u00e9rience inoubliable..\" \/>\n<meta property=\"og:url\" content=\"https:\/\/www.americanhotelnapoli.it\/fr\/restaurant\/\" \/>\n<meta property=\"og:site_name\" content=\"American Hotel\" \/>\n<meta property=\"article:publisher\" content=\"https:\/\/www.facebook.com\/American-Hotel--398994453490129\" \/>\n<meta property=\"article:modified_time\" content=\"2024-12-11T14:50:04+00:00\" \/>\n<meta name=\"twitter:card\" content=\"summary_large_image\" \/>\n<meta name=\"twitter:label1\" content=\"Dur\u00e9e de lecture estim\u00e9e\" \/>\n\t<meta name=\"twitter:data1\" content=\"1 minute\" \/>\n<script type=\"application\/ld+json\" class=\"yoast-schema-graph\">{\"@context\":\"https:\/\/schema.org\",\"@graph\":[{\"@type\":\"WebPage\",\"@id\":\"https:\/\/www.americanhotelnapoli.it\/fr\/restaurant\/\",\"url\":\"https:\/\/www.americanhotelnapoli.it\/fr\/restaurant\/\",\"name\":\"Restaurant - American Hotel -\",\"isPartOf\":{\"@id\":\"https:\/\/www.americanhotelnapoli.it\/fr\/#website\"},\"datePublished\":\"2024-07-04T14:46:51+00:00\",\"dateModified\":\"2024-12-11T14:50:04+00:00\",\"description\":\"Le Restaurant de l'American Hotel, avec une capacit\u00e9 de 230 places, offre un environnement vaste et spacieux, id\u00e9al pour accueillir des grands groupes, des \u00e9v\u00e9nements ou des d\u00eeners intimes dans une atmosph\u00e8re raffin\u00e9e et accueillante. La cuisine propose un large choix de plats traditionnels et internationaux, pr\u00e9par\u00e9s avec des ingr\u00e9dients frais et de haute qualit\u00e9 pour satisfaire m\u00eame les palais les plus exigeants. Parfait pour les petits-d\u00e9jeuners, d\u00e9jeuners et d\u00eeners, le restaurant est le c\u0153ur de l'offre gastronomique de l'American Hotel, o\u00f9 le service attentif et professionnel compl\u00e8te une exp\u00e9rience inoubliable..\",\"breadcrumb\":{\"@id\":\"https:\/\/www.americanhotelnapoli.it\/fr\/restaurant\/#breadcrumb\"},\"inLanguage\":\"fr-FR\",\"potentialAction\":[{\"@type\":\"ReadAction\",\"target\":[\"https:\/\/www.americanhotelnapoli.it\/fr\/restaurant\/\"]}]},{\"@type\":\"BreadcrumbList\",\"@id\":\"https:\/\/www.americanhotelnapoli.it\/fr\/restaurant\/#breadcrumb\",\"itemListElement\":[{\"@type\":\"ListItem\",\"position\":1,\"name\":\"Home\",\"item\":\"https:\/\/www.americanhotelnapoli.it\/fr\/\"},{\"@type\":\"ListItem\",\"position\":2,\"name\":\"Restaurant\"}]},{\"@type\":\"WebSite\",\"@id\":\"https:\/\/www.americanhotelnapoli.it\/fr\/#website\",\"url\":\"https:\/\/www.americanhotelnapoli.it\/fr\/\",\"name\":\"American Hotel\",\"description\":\"\",\"publisher\":{\"@id\":\"https:\/\/www.americanhotelnapoli.it\/fr\/#organization\"},\"potentialAction\":[{\"@type\":\"SearchAction\",\"target\":{\"@type\":\"EntryPoint\",\"urlTemplate\":\"https:\/\/www.americanhotelnapoli.it\/fr\/?s={search_term_string}\"},\"query-input\":\"required name=search_term_string\"}],\"inLanguage\":\"fr-FR\"},{\"@type\":\"Organization\",\"@id\":\"https:\/\/www.americanhotelnapoli.it\/fr\/#organization\",\"name\":\"American Hotel\",\"url\":\"https:\/\/www.americanhotelnapoli.it\/fr\/\",\"logo\":{\"@type\":\"ImageObject\",\"inLanguage\":\"fr-FR\",\"@id\":\"https:\/\/www.americanhotelnapoli.it\/fr\/#\/schema\/logo\/image\/\",\"url\":\"https:\/\/www.americanhotelnapoli.it\/wp-content\/uploads\/sites\/156\/2024\/09\/logo_american_c.png\",\"contentUrl\":\"https:\/\/www.americanhotelnapoli.it\/wp-content\/uploads\/sites\/156\/2024\/09\/logo_american_c.png\",\"width\":990,\"height\":651,\"caption\":\"American Hotel\"},\"image\":{\"@id\":\"https:\/\/www.americanhotelnapoli.it\/fr\/#\/schema\/logo\/image\/\"},\"sameAs\":[\"https:\/\/www.facebook.com\/American-Hotel--398994453490129\"]}]}<\/script>\n<!-- \/ Yoast SEO plugin. -->","yoast_head_json":{"title":"Restaurant - American Hotel -","description":"Le Restaurant de l'American Hotel, avec une capacit\u00e9 de 230 places, offre un environnement vaste et spacieux, id\u00e9al pour accueillir des grands groupes, des \u00e9v\u00e9nements ou des d\u00eeners intimes dans une atmosph\u00e8re raffin\u00e9e et accueillante.  La cuisine propose un large choix de plats traditionnels et internationaux, pr\u00e9par\u00e9s avec des ingr\u00e9dients frais et de haute qualit\u00e9 pour satisfaire m\u00eame les palais les plus exigeants.  Parfait pour les petits-d\u00e9jeuners, d\u00e9jeuners et d\u00eeners, le restaurant est le c\u0153ur de l'offre gastronomique de l'American Hotel, o\u00f9 le service attentif et professionnel compl\u00e8te une exp\u00e9rience inoubliable..","robots":{"index":"index","follow":"follow","max-snippet":"max-snippet:-1","max-image-preview":"max-image-preview:large","max-video-preview":"max-video-preview:-1"},"canonical":"https:\/\/www.americanhotelnapoli.it\/fr\/restaurant\/","og_locale":"fr_FR","og_type":"article","og_title":"Restaurant - American Hotel -","og_description":"Le Restaurant de l'American Hotel, avec une capacit\u00e9 de 230 places, offre un environnement vaste et spacieux, id\u00e9al pour accueillir des grands groupes, des \u00e9v\u00e9nements ou des d\u00eeners intimes dans une atmosph\u00e8re raffin\u00e9e et accueillante.  La cuisine propose un large choix de plats traditionnels et internationaux, pr\u00e9par\u00e9s avec des ingr\u00e9dients frais et de haute qualit\u00e9 pour satisfaire m\u00eame les palais les plus exigeants.  Parfait pour les petits-d\u00e9jeuners, d\u00e9jeuners et d\u00eeners, le restaurant est le c\u0153ur de l'offre gastronomique de l'American Hotel, o\u00f9 le service attentif et professionnel compl\u00e8te une exp\u00e9rience inoubliable..","og_url":"https:\/\/www.americanhotelnapoli.it\/fr\/restaurant\/","og_site_name":"American Hotel","article_publisher":"https:\/\/www.facebook.com\/American-Hotel--398994453490129","article_modified_time":"2024-12-11T14:50:04+00:00","twitter_card":"summary_large_image","twitter_misc":{"Dur\u00e9e de lecture estim\u00e9e":"1 minute"},"schema":{"@context":"https:\/\/schema.org","@graph":[{"@type":"WebPage","@id":"https:\/\/www.americanhotelnapoli.it\/fr\/restaurant\/","url":"https:\/\/www.americanhotelnapoli.it\/fr\/restaurant\/","name":"Restaurant - American Hotel -","isPartOf":{"@id":"https:\/\/www.americanhotelnapoli.it\/fr\/#website"},"datePublished":"2024-07-04T14:46:51+00:00","dateModified":"2024-12-11T14:50:04+00:00","description":"Le Restaurant de l'American Hotel, avec une capacit\u00e9 de 230 places, offre un environnement vaste et spacieux, id\u00e9al pour accueillir des grands groupes, des \u00e9v\u00e9nements ou des d\u00eeners intimes dans une atmosph\u00e8re raffin\u00e9e et accueillante. La cuisine propose un large choix de plats traditionnels et internationaux, pr\u00e9par\u00e9s avec des ingr\u00e9dients frais et de haute qualit\u00e9 pour satisfaire m\u00eame les palais les plus exigeants. Parfait pour les petits-d\u00e9jeuners, d\u00e9jeuners et d\u00eeners, le restaurant est le c\u0153ur de l'offre gastronomique de l'American Hotel, o\u00f9 le service attentif et professionnel compl\u00e8te une exp\u00e9rience inoubliable..","breadcrumb":{"@id":"https:\/\/www.americanhotelnapoli.it\/fr\/restaurant\/#breadcrumb"},"inLanguage":"fr-FR","potentialAction":[{"@type":"ReadAction","target":["https:\/\/www.americanhotelnapoli.it\/fr\/restaurant\/"]}]},{"@type":"BreadcrumbList","@id":"https:\/\/www.americanhotelnapoli.it\/fr\/restaurant\/#breadcrumb","itemListElement":[{"@type":"ListItem","position":1,"name":"Home","item":"https:\/\/www.americanhotelnapoli.it\/fr\/"},{"@type":"ListItem","position":2,"name":"Restaurant"}]},{"@type":"WebSite","@id":"https:\/\/www.americanhotelnapoli.it\/fr\/#website","url":"https:\/\/www.americanhotelnapoli.it\/fr\/","name":"American Hotel","description":"","publisher":{"@id":"https:\/\/www.americanhotelnapoli.it\/fr\/#organization"},"potentialAction":[{"@type":"SearchAction","target":{"@type":"EntryPoint","urlTemplate":"https:\/\/www.americanhotelnapoli.it\/fr\/?s={search_term_string}"},"query-input":"required name=search_term_string"}],"inLanguage":"fr-FR"},{"@type":"Organization","@id":"https:\/\/www.americanhotelnapoli.it\/fr\/#organization","name":"American Hotel","url":"https:\/\/www.americanhotelnapoli.it\/fr\/","logo":{"@type":"ImageObject","inLanguage":"fr-FR","@id":"https:\/\/www.americanhotelnapoli.it\/fr\/#\/schema\/logo\/image\/","url":"https:\/\/www.americanhotelnapoli.it\/wp-content\/uploads\/sites\/156\/2024\/09\/logo_american_c.png","contentUrl":"https:\/\/www.americanhotelnapoli.it\/wp-content\/uploads\/sites\/156\/2024\/09\/logo_american_c.png","width":990,"height":651,"caption":"American Hotel"},"image":{"@id":"https:\/\/www.americanhotelnapoli.it\/fr\/#\/schema\/logo\/image\/"},"sameAs":["https:\/\/www.facebook.com\/American-Hotel--398994453490129"]}]}},"acf":[],"_links":{"self":[{"href":"https:\/\/www.americanhotelnapoli.it\/fr\/wp-json\/wp\/v2\/pages\/208"}],"collection":[{"href":"https:\/\/www.americanhotelnapoli.it\/fr\/wp-json\/wp\/v2\/pages"}],"about":[{"href":"https:\/\/www.americanhotelnapoli.it\/fr\/wp-json\/wp\/v2\/types\/page"}],"author":[{"embeddable":true,"href":"https:\/\/www.americanhotelnapoli.it\/fr\/wp-json\/wp\/v2\/users\/26"}],"replies":[{"embeddable":true,"href":"https:\/\/www.americanhotelnapoli.it\/fr\/wp-json\/wp\/v2\/comments?post=208"}],"version-history":[{"count":0,"href":"https:\/\/www.americanhotelnapoli.it\/fr\/wp-json\/wp\/v2\/pages\/208\/revisions"}],"wp:attachment":[{"href":"https:\/\/www.americanhotelnapoli.it\/fr\/wp-json\/wp\/v2\/media?parent=208"}],"curies":[{"name":"wp","href":"https:\/\/api.w.org\/{rel}","templated":true}]}}