{"id":227,"date":"2024-07-04T16:48:05","date_gmt":"2024-07-04T14:48:05","guid":{"rendered":"https:\/\/americanhotelnapoli.ms2.decms.eu\/?page_id=227"},"modified":"2024-12-11T15:54:41","modified_gmt":"2024-12-11T14:54:41","slug":"localisation","status":"publish","type":"page","link":"https:\/\/www.americanhotelnapoli.it\/fr\/localisation\/","title":{"rendered":"Localisation"},"content":{"rendered":"<p>De l\u2019h\u00f4tel, il est facile de rejoindre le parc des expositions de la Mostra d\u2019Oltremare et la Cit\u00e9 de la science (1,5 km).<br \/>\nIl b\u00e9n\u00e9ficie d\u2019une position privil\u00e9gi\u00e9e par rapport au bord de mer de Mergellina, qui lui permet de s\u2019embarquer pour les \u00eeles de Capri, d\u2019Ischia et de Procida.<br \/>\nUne autre possibilit\u00e9 est d\u2019embarquer du port de Pozzuoli, d\u2019o\u00f9 partent des bateaux pour ces m\u00eames \u00eeles et pour Positano et Amalfi, situ\u00e9 aussi \u00e0 5 km de l\u2019h\u00f4tel, mais dans la direction oppos\u00e9e.<br \/>\nLe centre historique de Naples est facilement accessible en autobus (l\u2019arr\u00eat est devant l\u2019h\u00f4tel), en m\u00e9tro (arr\u00eat de Bagnoli) ou avec le train de ligne Cumana (gare d\u2019Agnano).<\/p>\n","protected":false},"excerpt":{"rendered":"<p>De l\u2019h\u00f4tel, il est facile de rejoindre le parc des expositions de la Mostra d\u2019Oltremare et la Cit\u00e9 de la science (1,5 km). Il b\u00e9n\u00e9ficie d\u2019une position privil\u00e9gi\u00e9e par rapport au bord de mer de Mergellina, qui lui permet de s\u2019embarquer pour les \u00eeles de Capri, d\u2019Ischia et de Procida. Une autre possibilit\u00e9 est d\u2019embarquer [&hellip;]<\/p>\n","protected":false},"author":26,"featured_media":0,"parent":0,"menu_order":60,"comment_status":"closed","ping_status":"closed","template":"template-location.php","meta":{"footnotes":""},"class_list":["post-227","page","type-page","status-publish","hentry"],"yoast_head":"<!-- This site is optimized with the Yoast SEO plugin v27.3 - https:\/\/yoast.com\/product\/yoast-seo-wordpress\/ -->\n<title>Localisation - American Hotel -<\/title>\n<meta name=\"description\" content=\"De l\u2019h\u00f4tel, il est facile de rejoindre le parc des expositions de la Mostra d\u2019Oltremare et la Cit\u00e9 de la science (1,5 km). Il b\u00e9n\u00e9ficie d\u2019une position privil\u00e9gi\u00e9e par rapport au bord de mer de Mergellina, qui lui permet de s\u2019embarquer pour les \u00eeles de Capri, d\u2019Ischia et de Procida. Une autre possibilit\u00e9 est d\u2019embarquer du port de Pozzuoli, d\u2019o\u00f9 partent des bateaux pour ces m\u00eames \u00eeles et pour Positano et Amalfi, situ\u00e9 aussi \u00e0 5 km de l\u2019h\u00f4tel, mais dans la direction oppos\u00e9e. Le centre historique de Naples est facilement accessible en autobus (l\u2019arr\u00eat est devant l\u2019h\u00f4tel), en m\u00e9tro (arr\u00eat de Bagnoli) ou avec le train de ligne Cumana (gare d\u2019Agnano)..\" \/>\n<meta name=\"robots\" content=\"index, follow, max-snippet:-1, max-image-preview:large, max-video-preview:-1\" \/>\n<link rel=\"canonical\" href=\"https:\/\/www.americanhotelnapoli.it\/fr\/localisation\/\" \/>\n<meta property=\"og:locale\" content=\"fr_FR\" \/>\n<meta property=\"og:type\" content=\"article\" \/>\n<meta property=\"og:title\" content=\"Localisation - American Hotel -\" \/>\n<meta property=\"og:description\" content=\"De l\u2019h\u00f4tel, il est facile de rejoindre le parc des expositions de la Mostra d\u2019Oltremare et la Cit\u00e9 de la science (1,5 km). Il b\u00e9n\u00e9ficie d\u2019une position privil\u00e9gi\u00e9e par rapport au bord de mer de Mergellina, qui lui permet de s\u2019embarquer pour les \u00eeles de Capri, d\u2019Ischia et de Procida. Une autre possibilit\u00e9 est d\u2019embarquer du port de Pozzuoli, d\u2019o\u00f9 partent des bateaux pour ces m\u00eames \u00eeles et pour Positano et Amalfi, situ\u00e9 aussi \u00e0 5 km de l\u2019h\u00f4tel, mais dans la direction oppos\u00e9e. Le centre historique de Naples est facilement accessible en autobus (l\u2019arr\u00eat est devant l\u2019h\u00f4tel), en m\u00e9tro (arr\u00eat de Bagnoli) ou avec le train de ligne Cumana (gare d\u2019Agnano)..\" \/>\n<meta property=\"og:url\" content=\"https:\/\/www.americanhotelnapoli.it\/fr\/localisation\/\" \/>\n<meta property=\"og:site_name\" content=\"American Hotel\" \/>\n<meta property=\"article:publisher\" content=\"https:\/\/www.facebook.com\/American-Hotel--398994453490129\" \/>\n<meta property=\"article:modified_time\" content=\"2024-12-11T14:54:41+00:00\" \/>\n<meta name=\"twitter:card\" content=\"summary_large_image\" \/>\n<meta name=\"twitter:label1\" content=\"Dur\u00e9e de lecture estim\u00e9e\" \/>\n\t<meta name=\"twitter:data1\" content=\"1 minute\" \/>\n<script type=\"application\/ld+json\" class=\"yoast-schema-graph\">{\"@context\":\"https:\\\/\\\/schema.org\",\"@graph\":[{\"@type\":\"WebPage\",\"@id\":\"https:\\\/\\\/www.americanhotelnapoli.it\\\/fr\\\/localisation\\\/\",\"url\":\"https:\\\/\\\/www.americanhotelnapoli.it\\\/fr\\\/localisation\\\/\",\"name\":\"Localisation - American Hotel -\",\"isPartOf\":{\"@id\":\"https:\\\/\\\/www.americanhotelnapoli.it\\\/fr\\\/#website\"},\"datePublished\":\"2024-07-04T14:48:05+00:00\",\"dateModified\":\"2024-12-11T14:54:41+00:00\",\"description\":\"De l\u2019h\u00f4tel, il est facile de rejoindre le parc des expositions de la Mostra d\u2019Oltremare et la Cit\u00e9 de la science (1,5 km). Il b\u00e9n\u00e9ficie d\u2019une position privil\u00e9gi\u00e9e par rapport au bord de mer de Mergellina, qui lui permet de s\u2019embarquer pour les \u00eeles de Capri, d\u2019Ischia et de Procida. Une autre possibilit\u00e9 est d\u2019embarquer du port de Pozzuoli, d\u2019o\u00f9 partent des bateaux pour ces m\u00eames \u00eeles et pour Positano et Amalfi, situ\u00e9 aussi \u00e0 5 km de l\u2019h\u00f4tel, mais dans la direction oppos\u00e9e. Le centre historique de Naples est facilement accessible en autobus (l\u2019arr\u00eat est devant l\u2019h\u00f4tel), en m\u00e9tro (arr\u00eat de Bagnoli) ou avec le train de ligne Cumana (gare d\u2019Agnano)..\",\"breadcrumb\":{\"@id\":\"https:\\\/\\\/www.americanhotelnapoli.it\\\/fr\\\/localisation\\\/#breadcrumb\"},\"inLanguage\":\"fr-FR\",\"potentialAction\":[{\"@type\":\"ReadAction\",\"target\":[\"https:\\\/\\\/www.americanhotelnapoli.it\\\/fr\\\/localisation\\\/\"]}]},{\"@type\":\"BreadcrumbList\",\"@id\":\"https:\\\/\\\/www.americanhotelnapoli.it\\\/fr\\\/localisation\\\/#breadcrumb\",\"itemListElement\":[{\"@type\":\"ListItem\",\"position\":1,\"name\":\"Home\",\"item\":\"https:\\\/\\\/www.americanhotelnapoli.it\\\/fr\\\/\"},{\"@type\":\"ListItem\",\"position\":2,\"name\":\"Localisation\"}]},{\"@type\":\"WebSite\",\"@id\":\"https:\\\/\\\/www.americanhotelnapoli.it\\\/fr\\\/#website\",\"url\":\"https:\\\/\\\/www.americanhotelnapoli.it\\\/fr\\\/\",\"name\":\"American Hotel\",\"description\":\"\",\"publisher\":{\"@id\":\"https:\\\/\\\/www.americanhotelnapoli.it\\\/fr\\\/#organization\"},\"potentialAction\":[{\"@type\":\"SearchAction\",\"target\":{\"@type\":\"EntryPoint\",\"urlTemplate\":\"https:\\\/\\\/www.americanhotelnapoli.it\\\/fr\\\/?s={search_term_string}\"},\"query-input\":{\"@type\":\"PropertyValueSpecification\",\"valueRequired\":true,\"valueName\":\"search_term_string\"}}],\"inLanguage\":\"fr-FR\"},{\"@type\":\"Organization\",\"@id\":\"https:\\\/\\\/www.americanhotelnapoli.it\\\/fr\\\/#organization\",\"name\":\"American Hotel\",\"url\":\"https:\\\/\\\/www.americanhotelnapoli.it\\\/fr\\\/\",\"logo\":{\"@type\":\"ImageObject\",\"inLanguage\":\"fr-FR\",\"@id\":\"https:\\\/\\\/www.americanhotelnapoli.it\\\/fr\\\/#\\\/schema\\\/logo\\\/image\\\/\",\"url\":\"https:\\\/\\\/www.americanhotelnapoli.it\\\/wp-content\\\/uploads\\\/sites\\\/156\\\/2024\\\/09\\\/logo_american_c.png\",\"contentUrl\":\"https:\\\/\\\/www.americanhotelnapoli.it\\\/wp-content\\\/uploads\\\/sites\\\/156\\\/2024\\\/09\\\/logo_american_c.png\",\"width\":990,\"height\":651,\"caption\":\"American Hotel\"},\"image\":{\"@id\":\"https:\\\/\\\/www.americanhotelnapoli.it\\\/fr\\\/#\\\/schema\\\/logo\\\/image\\\/\"},\"sameAs\":[\"https:\\\/\\\/www.facebook.com\\\/American-Hotel--398994453490129\"]}]}<\/script>\n<!-- \/ Yoast SEO plugin. -->","yoast_head_json":{"title":"Localisation - American Hotel -","description":"De l\u2019h\u00f4tel, il est facile de rejoindre le parc des expositions de la Mostra d\u2019Oltremare et la Cit\u00e9 de la science (1,5 km). Il b\u00e9n\u00e9ficie d\u2019une position privil\u00e9gi\u00e9e par rapport au bord de mer de Mergellina, qui lui permet de s\u2019embarquer pour les \u00eeles de Capri, d\u2019Ischia et de Procida. Une autre possibilit\u00e9 est d\u2019embarquer du port de Pozzuoli, d\u2019o\u00f9 partent des bateaux pour ces m\u00eames \u00eeles et pour Positano et Amalfi, situ\u00e9 aussi \u00e0 5 km de l\u2019h\u00f4tel, mais dans la direction oppos\u00e9e. Le centre historique de Naples est facilement accessible en autobus (l\u2019arr\u00eat est devant l\u2019h\u00f4tel), en m\u00e9tro (arr\u00eat de Bagnoli) ou avec le train de ligne Cumana (gare d\u2019Agnano)..","robots":{"index":"index","follow":"follow","max-snippet":"max-snippet:-1","max-image-preview":"max-image-preview:large","max-video-preview":"max-video-preview:-1"},"canonical":"https:\/\/www.americanhotelnapoli.it\/fr\/localisation\/","og_locale":"fr_FR","og_type":"article","og_title":"Localisation - American Hotel -","og_description":"De l\u2019h\u00f4tel, il est facile de rejoindre le parc des expositions de la Mostra d\u2019Oltremare et la Cit\u00e9 de la science (1,5 km). Il b\u00e9n\u00e9ficie d\u2019une position privil\u00e9gi\u00e9e par rapport au bord de mer de Mergellina, qui lui permet de s\u2019embarquer pour les \u00eeles de Capri, d\u2019Ischia et de Procida. Une autre possibilit\u00e9 est d\u2019embarquer du port de Pozzuoli, d\u2019o\u00f9 partent des bateaux pour ces m\u00eames \u00eeles et pour Positano et Amalfi, situ\u00e9 aussi \u00e0 5 km de l\u2019h\u00f4tel, mais dans la direction oppos\u00e9e. Le centre historique de Naples est facilement accessible en autobus (l\u2019arr\u00eat est devant l\u2019h\u00f4tel), en m\u00e9tro (arr\u00eat de Bagnoli) ou avec le train de ligne Cumana (gare d\u2019Agnano)..","og_url":"https:\/\/www.americanhotelnapoli.it\/fr\/localisation\/","og_site_name":"American Hotel","article_publisher":"https:\/\/www.facebook.com\/American-Hotel--398994453490129","article_modified_time":"2024-12-11T14:54:41+00:00","twitter_card":"summary_large_image","twitter_misc":{"Dur\u00e9e de lecture estim\u00e9e":"1 minute"},"schema":{"@context":"https:\/\/schema.org","@graph":[{"@type":"WebPage","@id":"https:\/\/www.americanhotelnapoli.it\/fr\/localisation\/","url":"https:\/\/www.americanhotelnapoli.it\/fr\/localisation\/","name":"Localisation - American Hotel -","isPartOf":{"@id":"https:\/\/www.americanhotelnapoli.it\/fr\/#website"},"datePublished":"2024-07-04T14:48:05+00:00","dateModified":"2024-12-11T14:54:41+00:00","description":"De l\u2019h\u00f4tel, il est facile de rejoindre le parc des expositions de la Mostra d\u2019Oltremare et la Cit\u00e9 de la science (1,5 km). Il b\u00e9n\u00e9ficie d\u2019une position privil\u00e9gi\u00e9e par rapport au bord de mer de Mergellina, qui lui permet de s\u2019embarquer pour les \u00eeles de Capri, d\u2019Ischia et de Procida. Une autre possibilit\u00e9 est d\u2019embarquer du port de Pozzuoli, d\u2019o\u00f9 partent des bateaux pour ces m\u00eames \u00eeles et pour Positano et Amalfi, situ\u00e9 aussi \u00e0 5 km de l\u2019h\u00f4tel, mais dans la direction oppos\u00e9e. Le centre historique de Naples est facilement accessible en autobus (l\u2019arr\u00eat est devant l\u2019h\u00f4tel), en m\u00e9tro (arr\u00eat de Bagnoli) ou avec le train de ligne Cumana (gare d\u2019Agnano)..","breadcrumb":{"@id":"https:\/\/www.americanhotelnapoli.it\/fr\/localisation\/#breadcrumb"},"inLanguage":"fr-FR","potentialAction":[{"@type":"ReadAction","target":["https:\/\/www.americanhotelnapoli.it\/fr\/localisation\/"]}]},{"@type":"BreadcrumbList","@id":"https:\/\/www.americanhotelnapoli.it\/fr\/localisation\/#breadcrumb","itemListElement":[{"@type":"ListItem","position":1,"name":"Home","item":"https:\/\/www.americanhotelnapoli.it\/fr\/"},{"@type":"ListItem","position":2,"name":"Localisation"}]},{"@type":"WebSite","@id":"https:\/\/www.americanhotelnapoli.it\/fr\/#website","url":"https:\/\/www.americanhotelnapoli.it\/fr\/","name":"American Hotel","description":"","publisher":{"@id":"https:\/\/www.americanhotelnapoli.it\/fr\/#organization"},"potentialAction":[{"@type":"SearchAction","target":{"@type":"EntryPoint","urlTemplate":"https:\/\/www.americanhotelnapoli.it\/fr\/?s={search_term_string}"},"query-input":{"@type":"PropertyValueSpecification","valueRequired":true,"valueName":"search_term_string"}}],"inLanguage":"fr-FR"},{"@type":"Organization","@id":"https:\/\/www.americanhotelnapoli.it\/fr\/#organization","name":"American Hotel","url":"https:\/\/www.americanhotelnapoli.it\/fr\/","logo":{"@type":"ImageObject","inLanguage":"fr-FR","@id":"https:\/\/www.americanhotelnapoli.it\/fr\/#\/schema\/logo\/image\/","url":"https:\/\/www.americanhotelnapoli.it\/wp-content\/uploads\/sites\/156\/2024\/09\/logo_american_c.png","contentUrl":"https:\/\/www.americanhotelnapoli.it\/wp-content\/uploads\/sites\/156\/2024\/09\/logo_american_c.png","width":990,"height":651,"caption":"American Hotel"},"image":{"@id":"https:\/\/www.americanhotelnapoli.it\/fr\/#\/schema\/logo\/image\/"},"sameAs":["https:\/\/www.facebook.com\/American-Hotel--398994453490129"]}]}},"acf":[],"_links":{"self":[{"href":"https:\/\/www.americanhotelnapoli.it\/fr\/wp-json\/wp\/v2\/pages\/227","targetHints":{"allow":["GET"]}}],"collection":[{"href":"https:\/\/www.americanhotelnapoli.it\/fr\/wp-json\/wp\/v2\/pages"}],"about":[{"href":"https:\/\/www.americanhotelnapoli.it\/fr\/wp-json\/wp\/v2\/types\/page"}],"author":[{"embeddable":true,"href":"https:\/\/www.americanhotelnapoli.it\/fr\/wp-json\/wp\/v2\/users\/26"}],"replies":[{"embeddable":true,"href":"https:\/\/www.americanhotelnapoli.it\/fr\/wp-json\/wp\/v2\/comments?post=227"}],"version-history":[{"count":0,"href":"https:\/\/www.americanhotelnapoli.it\/fr\/wp-json\/wp\/v2\/pages\/227\/revisions"}],"wp:attachment":[{"href":"https:\/\/www.americanhotelnapoli.it\/fr\/wp-json\/wp\/v2\/media?parent=227"}],"curies":[{"name":"wp","href":"https:\/\/api.w.org\/{rel}","templated":true}]}}