{"id":321,"date":"2024-09-02T15:13:12","date_gmt":"2024-09-02T13:13:12","guid":{"rendered":"https:\/\/americanhotelnapoli.ms2.decms.eu\/?page_id=321"},"modified":"2025-02-19T10:56:49","modified_gmt":"2025-02-19T09:56:49","slug":"chambre-double-classique-standard","status":"publish","type":"page","link":"https:\/\/www.americanhotelnapoli.it\/fr\/chambres-et-suites\/chambre-double-classique-standard\/","title":{"rendered":"Chambre Double Classique Standard"},"content":{"rendered":"<p>La Chambre Double Classique Standard offre un environnement confortable et chaleureux, meubl\u00e9 dans un style classique qui \u00e9voque une \u00e9l\u00e9gance intemporelle. Elle est \u00e9quip\u00e9e de toutes les commodit\u00e9s essentielles, comme le Wi-Fi gratuit, une t\u00e9l\u00e9vision \u00e0 \u00e9cran plat, la climatisation et une salle de bains privative avec des articles de toilette offerts.<br \/>\nUn refuge parfait pour ceux qui recherchent confort et tranquillit\u00e9 dans une atmosph\u00e8re au charme traditionnel.<\/p>\n","protected":false},"excerpt":{"rendered":"<p>La Chambre Double Classique Standard offre un environnement confortable et chaleureux, meubl\u00e9 dans un style classique qui \u00e9voque une \u00e9l\u00e9gance intemporelle. Elle est \u00e9quip\u00e9e de toutes les commodit\u00e9s essentielles, comme le Wi-Fi gratuit, une t\u00e9l\u00e9vision \u00e0 \u00e9cran plat, la climatisation et une salle de bains privative avec des articles de toilette offerts. Un refuge parfait [&hellip;]<\/p>\n","protected":false},"author":26,"featured_media":0,"parent":204,"menu_order":10,"comment_status":"closed","ping_status":"closed","template":"template-single-room.php","meta":{"footnotes":""},"class_list":["post-321","page","type-page","status-publish","hentry"],"yoast_head":"<!-- This site is optimized with the Yoast SEO plugin v27.3 - https:\/\/yoast.com\/product\/yoast-seo-wordpress\/ -->\n<title>Chambre Double Classique Standard - American Hotel -<\/title>\n<meta name=\"description\" content=\"La Chambre Double Classique Standard offre un environnement confortable et chaleureux, meubl\u00e9 dans un style classique qui \u00e9voque une \u00e9l\u00e9gance intemporelle. Elle est \u00e9quip\u00e9e de toutes les commodit\u00e9s essentielles, comme le Wi-Fi gratuit, une t\u00e9l\u00e9vision \u00e0 \u00e9cran plat, la climatisation et une salle de bains privative avec des articles de toilette offerts. Un refuge parfait pour ceux qui recherchent confort et tranquillit\u00e9 dans une atmosph\u00e8re au charme traditionnel.\" \/>\n<meta name=\"robots\" content=\"index, follow, max-snippet:-1, max-image-preview:large, max-video-preview:-1\" \/>\n<link rel=\"canonical\" href=\"https:\/\/www.americanhotelnapoli.it\/fr\/chambres-et-suites\/chambre-double-classique-standard\/\" \/>\n<meta property=\"og:locale\" content=\"fr_FR\" \/>\n<meta property=\"og:type\" content=\"article\" \/>\n<meta property=\"og:title\" content=\"Chambre Double Classique Standard - American Hotel -\" \/>\n<meta property=\"og:description\" content=\"La Chambre Double Classique Standard offre un environnement confortable et chaleureux, meubl\u00e9 dans un style classique qui \u00e9voque une \u00e9l\u00e9gance intemporelle. Elle est \u00e9quip\u00e9e de toutes les commodit\u00e9s essentielles, comme le Wi-Fi gratuit, une t\u00e9l\u00e9vision \u00e0 \u00e9cran plat, la climatisation et une salle de bains privative avec des articles de toilette offerts. Un refuge parfait pour ceux qui recherchent confort et tranquillit\u00e9 dans une atmosph\u00e8re au charme traditionnel.\" \/>\n<meta property=\"og:url\" content=\"https:\/\/www.americanhotelnapoli.it\/fr\/chambres-et-suites\/chambre-double-classique-standard\/\" \/>\n<meta property=\"og:site_name\" content=\"American Hotel\" \/>\n<meta property=\"article:publisher\" content=\"https:\/\/www.facebook.com\/American-Hotel--398994453490129\" \/>\n<meta property=\"article:modified_time\" content=\"2025-02-19T09:56:49+00:00\" \/>\n<meta name=\"twitter:card\" content=\"summary_large_image\" \/>\n<meta name=\"twitter:label1\" content=\"Dur\u00e9e de lecture estim\u00e9e\" \/>\n\t<meta name=\"twitter:data1\" content=\"1 minute\" \/>\n<script type=\"application\/ld+json\" class=\"yoast-schema-graph\">{\"@context\":\"https:\\\/\\\/schema.org\",\"@graph\":[{\"@type\":\"WebPage\",\"@id\":\"https:\\\/\\\/www.americanhotelnapoli.it\\\/fr\\\/chambres-et-suites\\\/chambre-double-classique-standard\\\/\",\"url\":\"https:\\\/\\\/www.americanhotelnapoli.it\\\/fr\\\/chambres-et-suites\\\/chambre-double-classique-standard\\\/\",\"name\":\"Chambre Double Classique Standard - American Hotel -\",\"isPartOf\":{\"@id\":\"https:\\\/\\\/www.americanhotelnapoli.it\\\/fr\\\/#website\"},\"datePublished\":\"2024-09-02T13:13:12+00:00\",\"dateModified\":\"2025-02-19T09:56:49+00:00\",\"description\":\"La Chambre Double Classique Standard offre un environnement confortable et chaleureux, meubl\u00e9 dans un style classique qui \u00e9voque une \u00e9l\u00e9gance intemporelle. Elle est \u00e9quip\u00e9e de toutes les commodit\u00e9s essentielles, comme le Wi-Fi gratuit, une t\u00e9l\u00e9vision \u00e0 \u00e9cran plat, la climatisation et une salle de bains privative avec des articles de toilette offerts. Un refuge parfait pour ceux qui recherchent confort et tranquillit\u00e9 dans une atmosph\u00e8re au charme traditionnel.\",\"breadcrumb\":{\"@id\":\"https:\\\/\\\/www.americanhotelnapoli.it\\\/fr\\\/chambres-et-suites\\\/chambre-double-classique-standard\\\/#breadcrumb\"},\"inLanguage\":\"fr-FR\",\"potentialAction\":[{\"@type\":\"ReadAction\",\"target\":[\"https:\\\/\\\/www.americanhotelnapoli.it\\\/fr\\\/chambres-et-suites\\\/chambre-double-classique-standard\\\/\"]}]},{\"@type\":\"BreadcrumbList\",\"@id\":\"https:\\\/\\\/www.americanhotelnapoli.it\\\/fr\\\/chambres-et-suites\\\/chambre-double-classique-standard\\\/#breadcrumb\",\"itemListElement\":[{\"@type\":\"ListItem\",\"position\":1,\"name\":\"Home\",\"item\":\"https:\\\/\\\/www.americanhotelnapoli.it\\\/fr\\\/\"},{\"@type\":\"ListItem\",\"position\":2,\"name\":\"Chambres et suites\",\"item\":\"https:\\\/\\\/www.americanhotelnapoli.it\\\/fr\\\/camere-suite\\\/\"},{\"@type\":\"ListItem\",\"position\":3,\"name\":\"Chambre Double Classique Standard\"}]},{\"@type\":\"WebSite\",\"@id\":\"https:\\\/\\\/www.americanhotelnapoli.it\\\/fr\\\/#website\",\"url\":\"https:\\\/\\\/www.americanhotelnapoli.it\\\/fr\\\/\",\"name\":\"American Hotel\",\"description\":\"\",\"publisher\":{\"@id\":\"https:\\\/\\\/www.americanhotelnapoli.it\\\/fr\\\/#organization\"},\"potentialAction\":[{\"@type\":\"SearchAction\",\"target\":{\"@type\":\"EntryPoint\",\"urlTemplate\":\"https:\\\/\\\/www.americanhotelnapoli.it\\\/fr\\\/?s={search_term_string}\"},\"query-input\":{\"@type\":\"PropertyValueSpecification\",\"valueRequired\":true,\"valueName\":\"search_term_string\"}}],\"inLanguage\":\"fr-FR\"},{\"@type\":\"Organization\",\"@id\":\"https:\\\/\\\/www.americanhotelnapoli.it\\\/fr\\\/#organization\",\"name\":\"American Hotel\",\"url\":\"https:\\\/\\\/www.americanhotelnapoli.it\\\/fr\\\/\",\"logo\":{\"@type\":\"ImageObject\",\"inLanguage\":\"fr-FR\",\"@id\":\"https:\\\/\\\/www.americanhotelnapoli.it\\\/fr\\\/#\\\/schema\\\/logo\\\/image\\\/\",\"url\":\"https:\\\/\\\/www.americanhotelnapoli.it\\\/wp-content\\\/uploads\\\/sites\\\/156\\\/2024\\\/09\\\/logo_american_c.png\",\"contentUrl\":\"https:\\\/\\\/www.americanhotelnapoli.it\\\/wp-content\\\/uploads\\\/sites\\\/156\\\/2024\\\/09\\\/logo_american_c.png\",\"width\":990,\"height\":651,\"caption\":\"American Hotel\"},\"image\":{\"@id\":\"https:\\\/\\\/www.americanhotelnapoli.it\\\/fr\\\/#\\\/schema\\\/logo\\\/image\\\/\"},\"sameAs\":[\"https:\\\/\\\/www.facebook.com\\\/American-Hotel--398994453490129\"]}]}<\/script>\n<!-- \/ Yoast SEO plugin. -->","yoast_head_json":{"title":"Chambre Double Classique Standard - American Hotel -","description":"La Chambre Double Classique Standard offre un environnement confortable et chaleureux, meubl\u00e9 dans un style classique qui \u00e9voque une \u00e9l\u00e9gance intemporelle. Elle est \u00e9quip\u00e9e de toutes les commodit\u00e9s essentielles, comme le Wi-Fi gratuit, une t\u00e9l\u00e9vision \u00e0 \u00e9cran plat, la climatisation et une salle de bains privative avec des articles de toilette offerts. Un refuge parfait pour ceux qui recherchent confort et tranquillit\u00e9 dans une atmosph\u00e8re au charme traditionnel.","robots":{"index":"index","follow":"follow","max-snippet":"max-snippet:-1","max-image-preview":"max-image-preview:large","max-video-preview":"max-video-preview:-1"},"canonical":"https:\/\/www.americanhotelnapoli.it\/fr\/chambres-et-suites\/chambre-double-classique-standard\/","og_locale":"fr_FR","og_type":"article","og_title":"Chambre Double Classique Standard - American Hotel -","og_description":"La Chambre Double Classique Standard offre un environnement confortable et chaleureux, meubl\u00e9 dans un style classique qui \u00e9voque une \u00e9l\u00e9gance intemporelle. Elle est \u00e9quip\u00e9e de toutes les commodit\u00e9s essentielles, comme le Wi-Fi gratuit, une t\u00e9l\u00e9vision \u00e0 \u00e9cran plat, la climatisation et une salle de bains privative avec des articles de toilette offerts. Un refuge parfait pour ceux qui recherchent confort et tranquillit\u00e9 dans une atmosph\u00e8re au charme traditionnel.","og_url":"https:\/\/www.americanhotelnapoli.it\/fr\/chambres-et-suites\/chambre-double-classique-standard\/","og_site_name":"American Hotel","article_publisher":"https:\/\/www.facebook.com\/American-Hotel--398994453490129","article_modified_time":"2025-02-19T09:56:49+00:00","twitter_card":"summary_large_image","twitter_misc":{"Dur\u00e9e de lecture estim\u00e9e":"1 minute"},"schema":{"@context":"https:\/\/schema.org","@graph":[{"@type":"WebPage","@id":"https:\/\/www.americanhotelnapoli.it\/fr\/chambres-et-suites\/chambre-double-classique-standard\/","url":"https:\/\/www.americanhotelnapoli.it\/fr\/chambres-et-suites\/chambre-double-classique-standard\/","name":"Chambre Double Classique Standard - American Hotel -","isPartOf":{"@id":"https:\/\/www.americanhotelnapoli.it\/fr\/#website"},"datePublished":"2024-09-02T13:13:12+00:00","dateModified":"2025-02-19T09:56:49+00:00","description":"La Chambre Double Classique Standard offre un environnement confortable et chaleureux, meubl\u00e9 dans un style classique qui \u00e9voque une \u00e9l\u00e9gance intemporelle. Elle est \u00e9quip\u00e9e de toutes les commodit\u00e9s essentielles, comme le Wi-Fi gratuit, une t\u00e9l\u00e9vision \u00e0 \u00e9cran plat, la climatisation et une salle de bains privative avec des articles de toilette offerts. Un refuge parfait pour ceux qui recherchent confort et tranquillit\u00e9 dans une atmosph\u00e8re au charme traditionnel.","breadcrumb":{"@id":"https:\/\/www.americanhotelnapoli.it\/fr\/chambres-et-suites\/chambre-double-classique-standard\/#breadcrumb"},"inLanguage":"fr-FR","potentialAction":[{"@type":"ReadAction","target":["https:\/\/www.americanhotelnapoli.it\/fr\/chambres-et-suites\/chambre-double-classique-standard\/"]}]},{"@type":"BreadcrumbList","@id":"https:\/\/www.americanhotelnapoli.it\/fr\/chambres-et-suites\/chambre-double-classique-standard\/#breadcrumb","itemListElement":[{"@type":"ListItem","position":1,"name":"Home","item":"https:\/\/www.americanhotelnapoli.it\/fr\/"},{"@type":"ListItem","position":2,"name":"Chambres et suites","item":"https:\/\/www.americanhotelnapoli.it\/fr\/camere-suite\/"},{"@type":"ListItem","position":3,"name":"Chambre Double Classique Standard"}]},{"@type":"WebSite","@id":"https:\/\/www.americanhotelnapoli.it\/fr\/#website","url":"https:\/\/www.americanhotelnapoli.it\/fr\/","name":"American Hotel","description":"","publisher":{"@id":"https:\/\/www.americanhotelnapoli.it\/fr\/#organization"},"potentialAction":[{"@type":"SearchAction","target":{"@type":"EntryPoint","urlTemplate":"https:\/\/www.americanhotelnapoli.it\/fr\/?s={search_term_string}"},"query-input":{"@type":"PropertyValueSpecification","valueRequired":true,"valueName":"search_term_string"}}],"inLanguage":"fr-FR"},{"@type":"Organization","@id":"https:\/\/www.americanhotelnapoli.it\/fr\/#organization","name":"American Hotel","url":"https:\/\/www.americanhotelnapoli.it\/fr\/","logo":{"@type":"ImageObject","inLanguage":"fr-FR","@id":"https:\/\/www.americanhotelnapoli.it\/fr\/#\/schema\/logo\/image\/","url":"https:\/\/www.americanhotelnapoli.it\/wp-content\/uploads\/sites\/156\/2024\/09\/logo_american_c.png","contentUrl":"https:\/\/www.americanhotelnapoli.it\/wp-content\/uploads\/sites\/156\/2024\/09\/logo_american_c.png","width":990,"height":651,"caption":"American Hotel"},"image":{"@id":"https:\/\/www.americanhotelnapoli.it\/fr\/#\/schema\/logo\/image\/"},"sameAs":["https:\/\/www.facebook.com\/American-Hotel--398994453490129"]}]}},"acf":[],"_links":{"self":[{"href":"https:\/\/www.americanhotelnapoli.it\/fr\/wp-json\/wp\/v2\/pages\/321","targetHints":{"allow":["GET"]}}],"collection":[{"href":"https:\/\/www.americanhotelnapoli.it\/fr\/wp-json\/wp\/v2\/pages"}],"about":[{"href":"https:\/\/www.americanhotelnapoli.it\/fr\/wp-json\/wp\/v2\/types\/page"}],"author":[{"embeddable":true,"href":"https:\/\/www.americanhotelnapoli.it\/fr\/wp-json\/wp\/v2\/users\/26"}],"replies":[{"embeddable":true,"href":"https:\/\/www.americanhotelnapoli.it\/fr\/wp-json\/wp\/v2\/comments?post=321"}],"version-history":[{"count":0,"href":"https:\/\/www.americanhotelnapoli.it\/fr\/wp-json\/wp\/v2\/pages\/321\/revisions"}],"up":[{"embeddable":true,"href":"https:\/\/www.americanhotelnapoli.it\/fr\/wp-json\/wp\/v2\/pages\/204"}],"wp:attachment":[{"href":"https:\/\/www.americanhotelnapoli.it\/fr\/wp-json\/wp\/v2\/media?parent=321"}],"curies":[{"name":"wp","href":"https:\/\/api.w.org\/{rel}","templated":true}]}}