{"id":332,"date":"2024-07-05T15:52:28","date_gmt":"2024-07-05T13:52:28","guid":{"rendered":"https:\/\/americanhotelnapoli.ms2.decms.eu\/?page_id=332"},"modified":"2024-12-11T15:58:35","modified_gmt":"2024-12-11T14:58:35","slug":"pozzuoli","status":"publish","type":"page","link":"https:\/\/www.americanhotelnapoli.it\/fr\/alentours\/pozzuoli\/","title":{"rendered":"Pozzuoli"},"content":{"rendered":"<p>Pozzuoli est une ville historique situ\u00e9e dans la magnifique r\u00e9gion des Champs Phl\u00e9gr\u00e9ens, \u00e0 quelques kilom\u00e8tres de Naples, surplombant le pittoresque golfe de Pozzuoli. Connue depuis l&rsquo;Antiquit\u00e9 comme l&rsquo;une des principales villes portuaires du monde romain, Pozzuoli poss\u00e8de un riche patrimoine arch\u00e9ologique, dont le c\u00e9l\u00e8bre amphith\u00e9\u00e2tre Flavien, l&rsquo;un des plus grands et des mieux conserv\u00e9s de l&rsquo;\u00e9poque imp\u00e9riale. La ville est \u00e9galement un important centre thermal, gr\u00e2ce \u00e0 la pr\u00e9sence de nombreuses sources d&rsquo;eau chaude et de boues th\u00e9rapeutiques, attirant des visiteurs du monde entier. Avec ses paysages \u00e0 couper le souffle, sa tradition gastronomique ax\u00e9e sur la mer et son atmosph\u00e8re anim\u00e9e, Pozzuoli offre une fusion extraordinaire de l&rsquo;histoire, de la culture et de la nature.<\/p>\n","protected":false},"excerpt":{"rendered":"<p>Pozzuoli est une ville historique situ\u00e9e dans la magnifique r\u00e9gion des Champs Phl\u00e9gr\u00e9ens, \u00e0 quelques kilom\u00e8tres de Naples, surplombant le pittoresque golfe de Pozzuoli. Connue depuis l&rsquo;Antiquit\u00e9 comme l&rsquo;une des principales villes portuaires du monde romain, Pozzuoli poss\u00e8de un riche patrimoine arch\u00e9ologique, dont le c\u00e9l\u00e8bre amphith\u00e9\u00e2tre Flavien, l&rsquo;un des plus grands et des mieux conserv\u00e9s [&hellip;]<\/p>\n","protected":false},"author":26,"featured_media":0,"parent":345,"menu_order":30,"comment_status":"closed","ping_status":"closed","template":"","meta":{"footnotes":""},"class_list":["post-332","page","type-page","status-publish","hentry"],"yoast_head":"<!-- This site is optimized with the Yoast SEO plugin v27.3 - https:\/\/yoast.com\/product\/yoast-seo-wordpress\/ -->\n<title>Pozzuoli - American Hotel -<\/title>\n<meta name=\"description\" content=\"Pozzuoli est une ville historique situ\u00e9e dans la magnifique r\u00e9gion des Champs Phl\u00e9gr\u00e9ens, \u00e0 quelques kilom\u00e8tres de Naples, surplombant le pittoresque golfe de Pozzuoli. Connue depuis l&#039;Antiquit\u00e9 comme l&#039;une des principales villes portuaires du monde romain, Pozzuoli poss\u00e8de un riche patrimoine arch\u00e9ologique, dont le c\u00e9l\u00e8bre amphith\u00e9\u00e2tre Flavien, l&#039;un des plus grands et des mieux conserv\u00e9s de l&#039;\u00e9poque imp\u00e9riale\" \/>\n<meta name=\"robots\" content=\"index, follow, max-snippet:-1, max-image-preview:large, max-video-preview:-1\" \/>\n<link rel=\"canonical\" href=\"https:\/\/www.americanhotelnapoli.it\/fr\/alentours\/pozzuoli\/\" \/>\n<meta property=\"og:locale\" content=\"fr_FR\" \/>\n<meta property=\"og:type\" content=\"article\" \/>\n<meta property=\"og:title\" content=\"Pozzuoli - American Hotel -\" \/>\n<meta property=\"og:description\" content=\"Pozzuoli est une ville historique situ\u00e9e dans la magnifique r\u00e9gion des Champs Phl\u00e9gr\u00e9ens, \u00e0 quelques kilom\u00e8tres de Naples, surplombant le pittoresque golfe de Pozzuoli. Connue depuis l&#039;Antiquit\u00e9 comme l&#039;une des principales villes portuaires du monde romain, Pozzuoli poss\u00e8de un riche patrimoine arch\u00e9ologique, dont le c\u00e9l\u00e8bre amphith\u00e9\u00e2tre Flavien, l&#039;un des plus grands et des mieux conserv\u00e9s de l&#039;\u00e9poque imp\u00e9riale\" \/>\n<meta property=\"og:url\" content=\"https:\/\/www.americanhotelnapoli.it\/fr\/alentours\/pozzuoli\/\" \/>\n<meta property=\"og:site_name\" content=\"American Hotel\" \/>\n<meta property=\"article:publisher\" content=\"https:\/\/www.facebook.com\/American-Hotel--398994453490129\" \/>\n<meta property=\"article:modified_time\" content=\"2024-12-11T14:58:35+00:00\" \/>\n<meta name=\"twitter:card\" content=\"summary_large_image\" \/>\n<meta name=\"twitter:label1\" content=\"Dur\u00e9e de lecture estim\u00e9e\" \/>\n\t<meta name=\"twitter:data1\" content=\"1 minute\" \/>\n<script type=\"application\/ld+json\" class=\"yoast-schema-graph\">{\"@context\":\"https:\\\/\\\/schema.org\",\"@graph\":[{\"@type\":\"WebPage\",\"@id\":\"https:\\\/\\\/www.americanhotelnapoli.it\\\/fr\\\/alentours\\\/pozzuoli\\\/\",\"url\":\"https:\\\/\\\/www.americanhotelnapoli.it\\\/fr\\\/alentours\\\/pozzuoli\\\/\",\"name\":\"Pozzuoli - American Hotel -\",\"isPartOf\":{\"@id\":\"https:\\\/\\\/www.americanhotelnapoli.it\\\/fr\\\/#website\"},\"datePublished\":\"2024-07-05T13:52:28+00:00\",\"dateModified\":\"2024-12-11T14:58:35+00:00\",\"description\":\"Pozzuoli est une ville historique situ\u00e9e dans la magnifique r\u00e9gion des Champs Phl\u00e9gr\u00e9ens, \u00e0 quelques kilom\u00e8tres de Naples, surplombant le pittoresque golfe de Pozzuoli. Connue depuis l'Antiquit\u00e9 comme l'une des principales villes portuaires du monde romain, Pozzuoli poss\u00e8de un riche patrimoine arch\u00e9ologique, dont le c\u00e9l\u00e8bre amphith\u00e9\u00e2tre Flavien, l'un des plus grands et des mieux conserv\u00e9s de l'\u00e9poque imp\u00e9riale\",\"breadcrumb\":{\"@id\":\"https:\\\/\\\/www.americanhotelnapoli.it\\\/fr\\\/alentours\\\/pozzuoli\\\/#breadcrumb\"},\"inLanguage\":\"fr-FR\",\"potentialAction\":[{\"@type\":\"ReadAction\",\"target\":[\"https:\\\/\\\/www.americanhotelnapoli.it\\\/fr\\\/alentours\\\/pozzuoli\\\/\"]}]},{\"@type\":\"BreadcrumbList\",\"@id\":\"https:\\\/\\\/www.americanhotelnapoli.it\\\/fr\\\/alentours\\\/pozzuoli\\\/#breadcrumb\",\"itemListElement\":[{\"@type\":\"ListItem\",\"position\":1,\"name\":\"Home\",\"item\":\"https:\\\/\\\/www.americanhotelnapoli.it\\\/fr\\\/\"},{\"@type\":\"ListItem\",\"position\":2,\"name\":\"Alentours\",\"item\":\"https:\\\/\\\/www.americanhotelnapoli.it\\\/fr\\\/alentours\\\/\"},{\"@type\":\"ListItem\",\"position\":3,\"name\":\"Pozzuoli\"}]},{\"@type\":\"WebSite\",\"@id\":\"https:\\\/\\\/www.americanhotelnapoli.it\\\/fr\\\/#website\",\"url\":\"https:\\\/\\\/www.americanhotelnapoli.it\\\/fr\\\/\",\"name\":\"American Hotel\",\"description\":\"\",\"publisher\":{\"@id\":\"https:\\\/\\\/www.americanhotelnapoli.it\\\/fr\\\/#organization\"},\"potentialAction\":[{\"@type\":\"SearchAction\",\"target\":{\"@type\":\"EntryPoint\",\"urlTemplate\":\"https:\\\/\\\/www.americanhotelnapoli.it\\\/fr\\\/?s={search_term_string}\"},\"query-input\":{\"@type\":\"PropertyValueSpecification\",\"valueRequired\":true,\"valueName\":\"search_term_string\"}}],\"inLanguage\":\"fr-FR\"},{\"@type\":\"Organization\",\"@id\":\"https:\\\/\\\/www.americanhotelnapoli.it\\\/fr\\\/#organization\",\"name\":\"American Hotel\",\"url\":\"https:\\\/\\\/www.americanhotelnapoli.it\\\/fr\\\/\",\"logo\":{\"@type\":\"ImageObject\",\"inLanguage\":\"fr-FR\",\"@id\":\"https:\\\/\\\/www.americanhotelnapoli.it\\\/fr\\\/#\\\/schema\\\/logo\\\/image\\\/\",\"url\":\"https:\\\/\\\/www.americanhotelnapoli.it\\\/wp-content\\\/uploads\\\/sites\\\/156\\\/2024\\\/09\\\/logo_american_c.png\",\"contentUrl\":\"https:\\\/\\\/www.americanhotelnapoli.it\\\/wp-content\\\/uploads\\\/sites\\\/156\\\/2024\\\/09\\\/logo_american_c.png\",\"width\":990,\"height\":651,\"caption\":\"American Hotel\"},\"image\":{\"@id\":\"https:\\\/\\\/www.americanhotelnapoli.it\\\/fr\\\/#\\\/schema\\\/logo\\\/image\\\/\"},\"sameAs\":[\"https:\\\/\\\/www.facebook.com\\\/American-Hotel--398994453490129\"]}]}<\/script>\n<!-- \/ Yoast SEO plugin. -->","yoast_head_json":{"title":"Pozzuoli - American Hotel -","description":"Pozzuoli est une ville historique situ\u00e9e dans la magnifique r\u00e9gion des Champs Phl\u00e9gr\u00e9ens, \u00e0 quelques kilom\u00e8tres de Naples, surplombant le pittoresque golfe de Pozzuoli. Connue depuis l'Antiquit\u00e9 comme l'une des principales villes portuaires du monde romain, Pozzuoli poss\u00e8de un riche patrimoine arch\u00e9ologique, dont le c\u00e9l\u00e8bre amphith\u00e9\u00e2tre Flavien, l'un des plus grands et des mieux conserv\u00e9s de l'\u00e9poque imp\u00e9riale","robots":{"index":"index","follow":"follow","max-snippet":"max-snippet:-1","max-image-preview":"max-image-preview:large","max-video-preview":"max-video-preview:-1"},"canonical":"https:\/\/www.americanhotelnapoli.it\/fr\/alentours\/pozzuoli\/","og_locale":"fr_FR","og_type":"article","og_title":"Pozzuoli - American Hotel -","og_description":"Pozzuoli est une ville historique situ\u00e9e dans la magnifique r\u00e9gion des Champs Phl\u00e9gr\u00e9ens, \u00e0 quelques kilom\u00e8tres de Naples, surplombant le pittoresque golfe de Pozzuoli. Connue depuis l'Antiquit\u00e9 comme l'une des principales villes portuaires du monde romain, Pozzuoli poss\u00e8de un riche patrimoine arch\u00e9ologique, dont le c\u00e9l\u00e8bre amphith\u00e9\u00e2tre Flavien, l'un des plus grands et des mieux conserv\u00e9s de l'\u00e9poque imp\u00e9riale","og_url":"https:\/\/www.americanhotelnapoli.it\/fr\/alentours\/pozzuoli\/","og_site_name":"American Hotel","article_publisher":"https:\/\/www.facebook.com\/American-Hotel--398994453490129","article_modified_time":"2024-12-11T14:58:35+00:00","twitter_card":"summary_large_image","twitter_misc":{"Dur\u00e9e de lecture estim\u00e9e":"1 minute"},"schema":{"@context":"https:\/\/schema.org","@graph":[{"@type":"WebPage","@id":"https:\/\/www.americanhotelnapoli.it\/fr\/alentours\/pozzuoli\/","url":"https:\/\/www.americanhotelnapoli.it\/fr\/alentours\/pozzuoli\/","name":"Pozzuoli - American Hotel -","isPartOf":{"@id":"https:\/\/www.americanhotelnapoli.it\/fr\/#website"},"datePublished":"2024-07-05T13:52:28+00:00","dateModified":"2024-12-11T14:58:35+00:00","description":"Pozzuoli est une ville historique situ\u00e9e dans la magnifique r\u00e9gion des Champs Phl\u00e9gr\u00e9ens, \u00e0 quelques kilom\u00e8tres de Naples, surplombant le pittoresque golfe de Pozzuoli. Connue depuis l'Antiquit\u00e9 comme l'une des principales villes portuaires du monde romain, Pozzuoli poss\u00e8de un riche patrimoine arch\u00e9ologique, dont le c\u00e9l\u00e8bre amphith\u00e9\u00e2tre Flavien, l'un des plus grands et des mieux conserv\u00e9s de l'\u00e9poque imp\u00e9riale","breadcrumb":{"@id":"https:\/\/www.americanhotelnapoli.it\/fr\/alentours\/pozzuoli\/#breadcrumb"},"inLanguage":"fr-FR","potentialAction":[{"@type":"ReadAction","target":["https:\/\/www.americanhotelnapoli.it\/fr\/alentours\/pozzuoli\/"]}]},{"@type":"BreadcrumbList","@id":"https:\/\/www.americanhotelnapoli.it\/fr\/alentours\/pozzuoli\/#breadcrumb","itemListElement":[{"@type":"ListItem","position":1,"name":"Home","item":"https:\/\/www.americanhotelnapoli.it\/fr\/"},{"@type":"ListItem","position":2,"name":"Alentours","item":"https:\/\/www.americanhotelnapoli.it\/fr\/alentours\/"},{"@type":"ListItem","position":3,"name":"Pozzuoli"}]},{"@type":"WebSite","@id":"https:\/\/www.americanhotelnapoli.it\/fr\/#website","url":"https:\/\/www.americanhotelnapoli.it\/fr\/","name":"American Hotel","description":"","publisher":{"@id":"https:\/\/www.americanhotelnapoli.it\/fr\/#organization"},"potentialAction":[{"@type":"SearchAction","target":{"@type":"EntryPoint","urlTemplate":"https:\/\/www.americanhotelnapoli.it\/fr\/?s={search_term_string}"},"query-input":{"@type":"PropertyValueSpecification","valueRequired":true,"valueName":"search_term_string"}}],"inLanguage":"fr-FR"},{"@type":"Organization","@id":"https:\/\/www.americanhotelnapoli.it\/fr\/#organization","name":"American Hotel","url":"https:\/\/www.americanhotelnapoli.it\/fr\/","logo":{"@type":"ImageObject","inLanguage":"fr-FR","@id":"https:\/\/www.americanhotelnapoli.it\/fr\/#\/schema\/logo\/image\/","url":"https:\/\/www.americanhotelnapoli.it\/wp-content\/uploads\/sites\/156\/2024\/09\/logo_american_c.png","contentUrl":"https:\/\/www.americanhotelnapoli.it\/wp-content\/uploads\/sites\/156\/2024\/09\/logo_american_c.png","width":990,"height":651,"caption":"American Hotel"},"image":{"@id":"https:\/\/www.americanhotelnapoli.it\/fr\/#\/schema\/logo\/image\/"},"sameAs":["https:\/\/www.facebook.com\/American-Hotel--398994453490129"]}]}},"acf":[],"_links":{"self":[{"href":"https:\/\/www.americanhotelnapoli.it\/fr\/wp-json\/wp\/v2\/pages\/332","targetHints":{"allow":["GET"]}}],"collection":[{"href":"https:\/\/www.americanhotelnapoli.it\/fr\/wp-json\/wp\/v2\/pages"}],"about":[{"href":"https:\/\/www.americanhotelnapoli.it\/fr\/wp-json\/wp\/v2\/types\/page"}],"author":[{"embeddable":true,"href":"https:\/\/www.americanhotelnapoli.it\/fr\/wp-json\/wp\/v2\/users\/26"}],"replies":[{"embeddable":true,"href":"https:\/\/www.americanhotelnapoli.it\/fr\/wp-json\/wp\/v2\/comments?post=332"}],"version-history":[{"count":0,"href":"https:\/\/www.americanhotelnapoli.it\/fr\/wp-json\/wp\/v2\/pages\/332\/revisions"}],"up":[{"embeddable":true,"href":"https:\/\/www.americanhotelnapoli.it\/fr\/wp-json\/wp\/v2\/pages\/345"}],"wp:attachment":[{"href":"https:\/\/www.americanhotelnapoli.it\/fr\/wp-json\/wp\/v2\/media?parent=332"}],"curies":[{"name":"wp","href":"https:\/\/api.w.org\/{rel}","templated":true}]}}